{"id":967,"date":"2024-12-27T22:43:03","date_gmt":"2024-12-27T22:43:03","guid":{"rendered":"https:\/\/procomexpachuca.com\/?page_id=967"},"modified":"2025-05-06T16:09:17","modified_gmt":"2025-05-06T16:09:17","slug":"elementor-967","status":"publish","type":"page","link":"https:\/\/procomexpachuca.com\/?page_id=967","title":{"rendered":"BLOG RENU\u00c9VATE CON COMEX"},"content":{"rendered":"\t\t<div data-elementor-type=\"wp-page\" data-elementor-id=\"967\" class=\"elementor elementor-967\" data-elementor-post-type=\"page\">\n\t\t\t\t<div class=\"elementor-element elementor-element-c189825 e-flex e-con-boxed e-con e-parent\" data-id=\"c189825\" data-element_type=\"container\" data-e-type=\"container\">\n\t\t\t\t\t<div class=\"e-con-inner\">\n\t\t<div class=\"elementor-element elementor-element-c97ebaf e-con-full e-flex e-con e-child\" data-id=\"c97ebaf\" data-element_type=\"container\" data-e-type=\"container\">\n\t\t<div class=\"elementor-element elementor-element-20fc613 e-con-full e-flex e-con e-child\" data-id=\"20fc613\" data-element_type=\"container\" data-e-type=\"container\" data-settings=\"{&quot;background_background&quot;:&quot;classic&quot;}\">\n\t\t\t\t<div class=\"elementor-element elementor-element-968f86f elementor-widget elementor-widget-text-editor\" data-id=\"968f86f\" data-element_type=\"widget\" data-e-type=\"widget\" data-widget_type=\"text-editor.default\">\n\t\t\t\t<div class=\"elementor-widget-container\">\n\t\t\t\t\t\t\t\t\t<p>Renu\u00e9vate con Comex: decora tu pared con madera.<\/p>\t\t\t\t\t\t\t\t<\/div>\n\t\t\t\t<\/div>\n\t\t\t\t<\/div>\n\t\t\t\t<\/div>\n\t\t\t\t\t<\/div>\n\t\t\t\t<\/div>\n\t\t<div class=\"elementor-element elementor-element-22fdae9 e-flex e-con-boxed e-con e-parent\" data-id=\"22fdae9\" data-element_type=\"container\" data-e-type=\"container\">\n\t\t\t\t\t<div class=\"e-con-inner\">\n\t\t\t\t<div class=\"elementor-element elementor-element-3bb1f40 elementor-widget elementor-widget-image\" data-id=\"3bb1f40\" data-element_type=\"widget\" data-e-type=\"widget\" data-widget_type=\"image.default\">\n\t\t\t\t<div class=\"elementor-widget-container\">\n\t\t\t\t\t\t\t\t\t\t\t\t\t\t\t<img fetchpriority=\"high\" decoding=\"async\" width=\"1024\" height=\"384\" src=\"https:\/\/procomexpachuca.com\/wp-content\/uploads\/2024\/12\/baner-blog-1-2-1024x384.webp\" class=\"attachment-large size-large wp-image-1012\" alt=\"\" srcset=\"https:\/\/procomexpachuca.com\/wp-content\/uploads\/2024\/12\/baner-blog-1-2-1024x384.webp 1024w, https:\/\/procomexpachuca.com\/wp-content\/uploads\/2024\/12\/baner-blog-1-2-300x113.webp 300w, https:\/\/procomexpachuca.com\/wp-content\/uploads\/2024\/12\/baner-blog-1-2-768x288.webp 768w, https:\/\/procomexpachuca.com\/wp-content\/uploads\/2024\/12\/baner-blog-1-2-1536x576.webp 1536w, https:\/\/procomexpachuca.com\/wp-content\/uploads\/2024\/12\/baner-blog-1-2-150x56.webp 150w, https:\/\/procomexpachuca.com\/wp-content\/uploads\/2024\/12\/baner-blog-1-2-480x180.webp 480w, https:\/\/procomexpachuca.com\/wp-content\/uploads\/2024\/12\/baner-blog-1-2.webp 1920w\" sizes=\"(max-width:767px) 480px, (max-width:1024px) 100vw, 1024px\" \/>\t\t\t\t\t\t\t\t\t\t\t\t\t\t\t<\/div>\n\t\t\t\t<\/div>\n\t\t\t\t\t<\/div>\n\t\t\t\t<\/div>\n\t\t<div class=\"elementor-element elementor-element-a316255 e-grid e-con-boxed e-con e-parent\" data-id=\"a316255\" data-element_type=\"container\" data-e-type=\"container\">\n\t\t\t\t\t<div class=\"e-con-inner\">\n\t\t\t\t<div class=\"elementor-element elementor-element-6a0adca elementor-widget elementor-widget-image\" data-id=\"6a0adca\" data-element_type=\"widget\" data-e-type=\"widget\" data-widget_type=\"image.default\">\n\t\t\t\t<div class=\"elementor-widget-container\">\n\t\t\t\t\t\t\t\t\t\t\t\t\t\t\t<img decoding=\"async\" src=\"https:\/\/procomexpachuca.com\/wp-content\/uploads\/elementor\/thumbs\/3a2a461be9e42c08a0a90a71fc3f46da-qz5ko41c7a4d7yfu9dk2wn7ol5fh2je9pz0ic6jksi.jpg\" title=\"3a2a461be9e42c08a0a90a71fc3f46da\" alt=\"3a2a461be9e42c08a0a90a71fc3f46da\" loading=\"lazy\" \/>\t\t\t\t\t\t\t\t\t\t\t\t\t\t\t<\/div>\n\t\t\t\t<\/div>\n\t\t\t\t<div class=\"elementor-element elementor-element-b9a826e elementor-widget elementor-widget-image\" data-id=\"b9a826e\" data-element_type=\"widget\" data-e-type=\"widget\" data-widget_type=\"image.default\">\n\t\t\t\t<div class=\"elementor-widget-container\">\n\t\t\t\t\t\t\t\t\t\t\t\t\t\t\t<img decoding=\"async\" src=\"https:\/\/procomexpachuca.com\/wp-content\/uploads\/elementor\/thumbs\/c25c2ceea5e069a192bb41d693acdb11-qz5ko4z6e45ysoxtzq8k61one5g5hh35hiosxl3f3c.jpg\" title=\"c25c2ceea5e069a192bb41d693acdb11\" alt=\"c25c2ceea5e069a192bb41d693acdb11\" loading=\"lazy\" \/>\t\t\t\t\t\t\t\t\t\t\t\t\t\t\t<\/div>\n\t\t\t\t<\/div>\n\t\t\t\t<div class=\"elementor-element elementor-element-ea37507 elementor-widget elementor-widget-image\" data-id=\"ea37507\" data-element_type=\"widget\" data-e-type=\"widget\" data-widget_type=\"image.default\">\n\t\t\t\t<div class=\"elementor-widget-container\">\n\t\t\t\t\t\t\t\t\t\t\t\t\t\t\t<img decoding=\"async\" src=\"https:\/\/procomexpachuca.com\/wp-content\/uploads\/elementor\/thumbs\/comex-5-qz5kmdzzo7rfxoxybmqpc2v9dpx8yijzhfygnx3k76.webp\" title=\"comex-5\" alt=\"comex-5\" loading=\"lazy\" \/>\t\t\t\t\t\t\t\t\t\t\t\t\t\t\t<\/div>\n\t\t\t\t<\/div>\n\t\t\t\t\t<\/div>\n\t\t\t\t<\/div>\n\t\t<div class=\"elementor-element elementor-element-f544fdd e-flex e-con-boxed e-con e-parent\" data-id=\"f544fdd\" data-element_type=\"container\" data-e-type=\"container\">\n\t\t\t\t\t<div class=\"e-con-inner\">\n\t\t<div class=\"elementor-element elementor-element-93acbd0 e-con-full e-flex e-con e-child\" data-id=\"93acbd0\" data-element_type=\"container\" data-e-type=\"container\">\n\t\t\t\t<div class=\"elementor-element elementor-element-983af7d elementor-widget elementor-widget-text-editor\" data-id=\"983af7d\" data-element_type=\"widget\" data-e-type=\"widget\" data-widget_type=\"text-editor.default\">\n\t\t\t\t<div class=\"elementor-widget-container\">\n\t\t\t\t\t\t\t\t\t<p>Poco material puede ayudarte a que tu sala tenga una imagen m\u00e1s moderna y acogedora. Las molduras de madera pueden acentuar una pared de manera incre\u00edble, las puedes usar en distintos espacios, de distintas formas y elevaran el lugar sin duda alguna. Como siempre, queremos ayudarte a que realices ese proyecto.<\/p><p>Lo \u00fanico que necesitas es;<\/p><ul class=\"wp-block-list\"><li>Vinimex Antibacterial<\/li><li>OK\u00ae Resanador<\/li><li>Esp\u00e1tula<\/li><li>Lija<\/li><li>Madera en las medidas de tu preferencia<\/li><li>Cinta m\u00e9trica<\/li><li>\u00a0Polyform\u00ae Barniz Tinte Base Agua<\/li><li>Masking azul<\/li><li>Brocha Azul<\/li><\/ul>\t\t\t\t\t\t\t\t<\/div>\n\t\t\t\t<\/div>\n\t\t\t\t<\/div>\n\t\t\t\t\t<\/div>\n\t\t\t\t<\/div>\n\t\t<div class=\"elementor-element elementor-element-2fed14f e-grid e-con-boxed e-con e-parent\" data-id=\"2fed14f\" data-element_type=\"container\" data-e-type=\"container\">\n\t\t\t\t\t<div class=\"e-con-inner\">\n\t\t\t\t<div class=\"elementor-element elementor-element-0d96c92 elementor-widget elementor-widget-image\" data-id=\"0d96c92\" data-element_type=\"widget\" data-e-type=\"widget\" data-widget_type=\"image.default\">\n\t\t\t\t<div class=\"elementor-widget-container\">\n\t\t\t\t\t\t\t\t\t\t\t\t\t\t\t<img decoding=\"async\" width=\"563\" height=\"375\" src=\"https:\/\/procomexpachuca.com\/wp-content\/uploads\/2024\/12\/ca2998e27695f644afbf24798c7ce91a.jpg\" class=\"attachment-full size-full wp-image-1067\" alt=\"\" srcset=\"https:\/\/procomexpachuca.com\/wp-content\/uploads\/2024\/12\/ca2998e27695f644afbf24798c7ce91a.jpg 563w, https:\/\/procomexpachuca.com\/wp-content\/uploads\/2024\/12\/ca2998e27695f644afbf24798c7ce91a-300x200.jpg 300w, https:\/\/procomexpachuca.com\/wp-content\/uploads\/2024\/12\/ca2998e27695f644afbf24798c7ce91a-113x75.jpg 113w, https:\/\/procomexpachuca.com\/wp-content\/uploads\/2024\/12\/ca2998e27695f644afbf24798c7ce91a-480x320.jpg 480w\" sizes=\"(max-width:767px) 480px, 563px\" \/>\t\t\t\t\t\t\t\t\t\t\t\t\t\t\t<\/div>\n\t\t\t\t<\/div>\n\t\t\t\t<div class=\"elementor-element elementor-element-d062e19 elementor-widget elementor-widget-image\" data-id=\"d062e19\" data-element_type=\"widget\" data-e-type=\"widget\" data-widget_type=\"image.default\">\n\t\t\t\t<div class=\"elementor-widget-container\">\n\t\t\t\t\t\t\t\t\t\t\t\t\t\t\t<img decoding=\"async\" src=\"https:\/\/procomexpachuca.com\/wp-content\/uploads\/elementor\/thumbs\/8624c447ecb9655df6e1cc110cb0ab91-qz5kmzma1ek3lcgh5v9kcpaceqir9u6cy5w7cwfssw.webp\" title=\"8624c447ecb9655df6e1cc110cb0ab91\" alt=\"8624c447ecb9655df6e1cc110cb0ab91\" loading=\"lazy\" \/>\t\t\t\t\t\t\t\t\t\t\t\t\t\t\t<\/div>\n\t\t\t\t<\/div>\n\t\t\t\t<div class=\"elementor-element elementor-element-7742952 elementor-widget elementor-widget-image\" data-id=\"7742952\" data-element_type=\"widget\" data-e-type=\"widget\" data-widget_type=\"image.default\">\n\t\t\t\t<div class=\"elementor-widget-container\">\n\t\t\t\t\t\t\t\t\t\t\t\t\t\t\t<img decoding=\"async\" src=\"https:\/\/procomexpachuca.com\/wp-content\/uploads\/elementor\/thumbs\/82ccdc7e81b46e0f5ec0280d7c42a4b9-qz5klaillwc41rm9viau2z5luav75kozxy4uwdg2yo.webp\" title=\"82ccdc7e81b46e0f5ec0280d7c42a4b9\" alt=\"82ccdc7e81b46e0f5ec0280d7c42a4b9\" loading=\"lazy\" \/>\t\t\t\t\t\t\t\t\t\t\t\t\t\t\t<\/div>\n\t\t\t\t<\/div>\n\t\t\t\t\t<\/div>\n\t\t\t\t<\/div>\n\t\t<div class=\"elementor-element elementor-element-8709a13 e-flex e-con-boxed e-con e-parent\" data-id=\"8709a13\" data-element_type=\"container\" data-e-type=\"container\">\n\t\t\t\t\t<div class=\"e-con-inner\">\n\t\t\t\t<div class=\"elementor-element elementor-element-79b8c98 elementor-widget elementor-widget-text-editor\" data-id=\"79b8c98\" data-element_type=\"widget\" data-e-type=\"widget\" data-widget_type=\"text-editor.default\">\n\t\t\t\t<div class=\"elementor-widget-container\">\n\t\t\t\t\t\t\t\t\t<p>Empecemos con el proceso planeando el dise\u00f1o que quieres hacer en tu pared.<\/p><ul class=\"wp-block-list\"><li>Usando\u00a0<strong>Masking azul\u00a0<\/strong>marca el dise\u00f1o que te gustar\u00eda en la pared, con la cinta m\u00e9trica mide cada madera y apunta cuanto vas a necesitar. Retira la cinta.<\/li><li>Lava la pared con agua, jab\u00f3n y espera a que se seque. Con ayuda de\u00a0<strong>OK\u00ae Resanador\u00a0<\/strong>y una esp\u00e1tula, rellena los huecos que haya en tu pared, en caso de ser necesario.<\/li><li>Da dos manos de\u00a0<strong>Vinimex Antibacterial<\/strong>\u00a0del color que elijas con la brocha azul. Mientras esto seca lija la madera hasta retirar el brillo, retira el exceso de polvo con un pa\u00f1o h\u00famedo.<\/li><li>De nuevo con la cinta marca en donde ira cada pieza, una vez que est\u00e9s contento con el dise\u00f1o, pon manos a la obra. Coloca la madera y utiliza un taladro para fijarlas a la pared, con el pa\u00f1o h\u00famedo retira el exceso de polvo. \u00a0<\/li><li>Ya que los instalaste pinta las maderas con\u00a0\u00a0<strong>Polyform\u00ae Barniz Tinte Base Agua.\u00a0<\/strong>Deja secar y disfruta el nuevo espacio que creaste para ti.<\/li><\/ul>\t\t\t\t\t\t\t\t<\/div>\n\t\t\t\t<\/div>\n\t\t\t\t\t<\/div>\n\t\t\t\t<\/div>\n\t\t<div class=\"elementor-element elementor-element-dd85383 e-grid e-con-boxed e-con e-parent\" data-id=\"dd85383\" data-element_type=\"container\" data-e-type=\"container\">\n\t\t\t\t\t<div class=\"e-con-inner\">\n\t\t\t\t<div class=\"elementor-element elementor-element-73e7166 elementor-widget elementor-widget-image\" data-id=\"73e7166\" data-element_type=\"widget\" data-e-type=\"widget\" data-widget_type=\"image.default\">\n\t\t\t\t<div class=\"elementor-widget-container\">\n\t\t\t\t\t\t\t\t\t\t\t\t\t\t\t<img decoding=\"async\" width=\"564\" height=\"705\" src=\"https:\/\/procomexpachuca.com\/wp-content\/uploads\/2024\/12\/623c0526470887a843af4d7324ed131e.jpg\" class=\"attachment-large size-large wp-image-1066\" alt=\"\" srcset=\"https:\/\/procomexpachuca.com\/wp-content\/uploads\/2024\/12\/623c0526470887a843af4d7324ed131e.jpg 564w, https:\/\/procomexpachuca.com\/wp-content\/uploads\/2024\/12\/623c0526470887a843af4d7324ed131e-240x300.jpg 240w, https:\/\/procomexpachuca.com\/wp-content\/uploads\/2024\/12\/623c0526470887a843af4d7324ed131e-60x75.jpg 60w, https:\/\/procomexpachuca.com\/wp-content\/uploads\/2024\/12\/623c0526470887a843af4d7324ed131e-480x600.jpg 480w\" sizes=\"(max-width:767px) 480px, 564px\" \/>\t\t\t\t\t\t\t\t\t\t\t\t\t\t\t<\/div>\n\t\t\t\t<\/div>\n\t\t\t\t<div class=\"elementor-element elementor-element-b530d63 elementor-widget elementor-widget-image\" data-id=\"b530d63\" data-element_type=\"widget\" data-e-type=\"widget\" data-widget_type=\"image.default\">\n\t\t\t\t<div class=\"elementor-widget-container\">\n\t\t\t\t\t\t\t\t\t\t\t\t\t\t\t<img loading=\"lazy\" decoding=\"async\" width=\"563\" height=\"751\" src=\"https:\/\/procomexpachuca.com\/wp-content\/uploads\/2024\/12\/f3fbc2d1ce5f3763ed41416dcec389f4.jpg\" class=\"attachment-large size-large wp-image-1065\" alt=\"\" srcset=\"https:\/\/procomexpachuca.com\/wp-content\/uploads\/2024\/12\/f3fbc2d1ce5f3763ed41416dcec389f4.jpg 563w, https:\/\/procomexpachuca.com\/wp-content\/uploads\/2024\/12\/f3fbc2d1ce5f3763ed41416dcec389f4-225x300.jpg 225w, https:\/\/procomexpachuca.com\/wp-content\/uploads\/2024\/12\/f3fbc2d1ce5f3763ed41416dcec389f4-56x75.jpg 56w, https:\/\/procomexpachuca.com\/wp-content\/uploads\/2024\/12\/f3fbc2d1ce5f3763ed41416dcec389f4-480x640.jpg 480w\" sizes=\"(max-width:767px) 480px, 563px\" \/>\t\t\t\t\t\t\t\t\t\t\t\t\t\t\t<\/div>\n\t\t\t\t<\/div>\n\t\t\t\t<div class=\"elementor-element elementor-element-dd12323 elementor-widget elementor-widget-image\" data-id=\"dd12323\" data-element_type=\"widget\" data-e-type=\"widget\" data-widget_type=\"image.default\">\n\t\t\t\t<div class=\"elementor-widget-container\">\n\t\t\t\t\t\t\t\t\t\t\t\t\t\t\t<img loading=\"lazy\" decoding=\"async\" width=\"563\" height=\"845\" src=\"https:\/\/procomexpachuca.com\/wp-content\/uploads\/2024\/12\/3a2d05b527931416829549f654c4f7de.jpg\" class=\"attachment-large size-large wp-image-1064\" alt=\"\" srcset=\"https:\/\/procomexpachuca.com\/wp-content\/uploads\/2024\/12\/3a2d05b527931416829549f654c4f7de.jpg 563w, https:\/\/procomexpachuca.com\/wp-content\/uploads\/2024\/12\/3a2d05b527931416829549f654c4f7de-200x300.jpg 200w, https:\/\/procomexpachuca.com\/wp-content\/uploads\/2024\/12\/3a2d05b527931416829549f654c4f7de-50x75.jpg 50w, https:\/\/procomexpachuca.com\/wp-content\/uploads\/2024\/12\/3a2d05b527931416829549f654c4f7de-480x720.jpg 480w\" sizes=\"(max-width:767px) 480px, 563px\" \/>\t\t\t\t\t\t\t\t\t\t\t\t\t\t\t<\/div>\n\t\t\t\t<\/div>\n\t\t\t\t\t<\/div>\n\t\t\t\t<\/div>\n\t\t<div class=\"elementor-element elementor-element-56d116f e-con-full e-flex e-con e-parent\" data-id=\"56d116f\" data-element_type=\"container\" data-e-type=\"container\" data-settings=\"{&quot;background_background&quot;:&quot;classic&quot;}\">\n\t\t\t\t<\/div>\n\t\t\t\t<\/div>\n\t\t","protected":false},"excerpt":{"rendered":"<p>Renu\u00e9vate con Comex: decora tu pared con madera. Poco material puede ayudarte a que tu sala tenga una imagen m\u00e1s moderna y acogedora. Las molduras de<span class=\"excerpt-hellip\"> [\u2026]<\/span><\/p>\n","protected":false},"author":1,"featured_media":0,"parent":0,"menu_order":0,"comment_status":"closed","ping_status":"closed","template":"","meta":{"_monsterinsights_skip_tracking":false,"_monsterinsights_sitenote_active":false,"_monsterinsights_sitenote_note":"","_monsterinsights_sitenote_category":0,"footnotes":""},"class_list":["post-967","page","type-page","status-publish","hentry"],"_links":{"self":[{"href":"https:\/\/procomexpachuca.com\/index.php?rest_route=\/wp\/v2\/pages\/967","targetHints":{"allow":["GET"]}}],"collection":[{"href":"https:\/\/procomexpachuca.com\/index.php?rest_route=\/wp\/v2\/pages"}],"about":[{"href":"https:\/\/procomexpachuca.com\/index.php?rest_route=\/wp\/v2\/types\/page"}],"author":[{"embeddable":true,"href":"https:\/\/procomexpachuca.com\/index.php?rest_route=\/wp\/v2\/users\/1"}],"replies":[{"embeddable":true,"href":"https:\/\/procomexpachuca.com\/index.php?rest_route=%2Fwp%2Fv2%2Fcomments&post=967"}],"version-history":[{"count":31,"href":"https:\/\/procomexpachuca.com\/index.php?rest_route=\/wp\/v2\/pages\/967\/revisions"}],"predecessor-version":[{"id":2005,"href":"https:\/\/procomexpachuca.com\/index.php?rest_route=\/wp\/v2\/pages\/967\/revisions\/2005"}],"wp:attachment":[{"href":"https:\/\/procomexpachuca.com\/index.php?rest_route=%2Fwp%2Fv2%2Fmedia&parent=967"}],"curies":[{"name":"wp","href":"https:\/\/api.w.org\/{rel}","templated":true}]}}