{"id":961,"date":"2024-12-27T20:10:00","date_gmt":"2024-12-27T20:10:00","guid":{"rendered":"https:\/\/procomexpachuca.com\/?page_id=961"},"modified":"2025-04-30T23:24:21","modified_gmt":"2025-04-30T23:24:21","slug":"blog-pinta-tu-bici","status":"publish","type":"page","link":"https:\/\/procomexpachuca.com\/?page_id=961","title":{"rendered":"BLOG PINTA TU BICI"},"content":{"rendered":"\t\t<div data-elementor-type=\"wp-page\" data-elementor-id=\"961\" class=\"elementor elementor-961\" data-elementor-post-type=\"page\">\n\t\t\t\t<div class=\"elementor-element elementor-element-14332dd e-flex e-con-boxed e-con e-parent\" data-id=\"14332dd\" data-element_type=\"container\" data-e-type=\"container\">\n\t\t\t\t\t<div class=\"e-con-inner\">\n\t\t<div class=\"elementor-element elementor-element-50654aa e-con-full e-flex e-con e-child\" data-id=\"50654aa\" data-element_type=\"container\" data-e-type=\"container\" data-settings=\"{&quot;background_background&quot;:&quot;classic&quot;}\">\n\t\t\t\t<div class=\"elementor-element elementor-element-df2ddf3 elementor-widget elementor-widget-text-editor\" data-id=\"df2ddf3\" data-element_type=\"widget\" data-e-type=\"widget\" data-widget_type=\"text-editor.default\">\n\t\t\t\t<div class=\"elementor-widget-container\">\n\t\t\t\t\t\t\t\t\t<p><span style=\"color: #ffffff;\">Pinta tu bici con Comex<\/span><\/p>\t\t\t\t\t\t\t\t<\/div>\n\t\t\t\t<\/div>\n\t\t\t\t<\/div>\n\t\t\t\t\t<\/div>\n\t\t\t\t<\/div>\n\t\t<div class=\"elementor-element elementor-element-a1b0385 e-flex e-con-boxed e-con e-parent\" data-id=\"a1b0385\" data-element_type=\"container\" data-e-type=\"container\">\n\t\t\t\t\t<div class=\"e-con-inner\">\n\t\t\t\t<div class=\"elementor-element elementor-element-49a7b06 elementor-widget elementor-widget-image\" data-id=\"49a7b06\" data-element_type=\"widget\" data-e-type=\"widget\" data-widget_type=\"image.default\">\n\t\t\t\t<div class=\"elementor-widget-container\">\n\t\t\t\t\t\t\t\t\t\t\t\t\t\t\t<img fetchpriority=\"high\" decoding=\"async\" width=\"1024\" height=\"384\" src=\"https:\/\/procomexpachuca.com\/wp-content\/uploads\/2024\/12\/baner-blog-1-1-1024x384.webp\" class=\"attachment-large size-large wp-image-1006\" alt=\"\" srcset=\"https:\/\/procomexpachuca.com\/wp-content\/uploads\/2024\/12\/baner-blog-1-1-1024x384.webp 1024w, https:\/\/procomexpachuca.com\/wp-content\/uploads\/2024\/12\/baner-blog-1-1-300x113.webp 300w, https:\/\/procomexpachuca.com\/wp-content\/uploads\/2024\/12\/baner-blog-1-1-768x288.webp 768w, https:\/\/procomexpachuca.com\/wp-content\/uploads\/2024\/12\/baner-blog-1-1-1536x576.webp 1536w, https:\/\/procomexpachuca.com\/wp-content\/uploads\/2024\/12\/baner-blog-1-1-150x56.webp 150w, https:\/\/procomexpachuca.com\/wp-content\/uploads\/2024\/12\/baner-blog-1-1-480x180.webp 480w, https:\/\/procomexpachuca.com\/wp-content\/uploads\/2024\/12\/elementor\/thumbs\/baner-blog-1-1-qz5jgya81p9w2c2qe4p06818i8w4cdhmhrypdhtho8.webp 800w, https:\/\/procomexpachuca.com\/wp-content\/uploads\/2024\/12\/baner-blog-1-1.webp 1920w\" sizes=\"(max-width:767px) 480px, (max-width:1024px) 100vw, 1024px\" \/>\t\t\t\t\t\t\t\t\t\t\t\t\t\t\t<\/div>\n\t\t\t\t<\/div>\n\t\t\t\t\t<\/div>\n\t\t\t\t<\/div>\n\t\t<div class=\"elementor-element elementor-element-f23fd1c e-flex e-con-boxed e-con e-parent\" data-id=\"f23fd1c\" data-element_type=\"container\" data-e-type=\"container\">\n\t\t\t\t\t<div class=\"e-con-inner\">\n\t\t\t\t<div class=\"elementor-element elementor-element-0dc61b2 elementor-widget elementor-widget-text-editor\" data-id=\"0dc61b2\" data-element_type=\"widget\" data-e-type=\"widget\" data-widget_type=\"text-editor.default\">\n\t\t\t\t<div class=\"elementor-widget-container\">\n\t\t\t\t\t\t\t\t\t<p>Dale un nuevo aire a tu bicicleta con Comex.<\/p><p>\u00bfTu bicicleta se encuentra algo da\u00f1ada? No tendr\u00edas por qu\u00e9 despedirte de ella, puedes darle una nueva vida con Comex.<\/p><p>Materiales:<\/p><ol><li>Aero Comex\u00ae<\/li><li>Aero Comex\u00ae Primario<\/li><li>Lentes de protecci\u00f3n<\/li><li>Mascarilla<\/li><li>Lijas de agua grado 600<\/li><li>Trapo<\/li><\/ol>\t\t\t\t\t\t\t\t<\/div>\n\t\t\t\t<\/div>\n\t\t\t\t\t<\/div>\n\t\t\t\t<\/div>\n\t\t<div class=\"elementor-element elementor-element-7a9cbc7 e-grid e-con-boxed e-con e-parent\" data-id=\"7a9cbc7\" data-element_type=\"container\" data-e-type=\"container\">\n\t\t\t\t\t<div class=\"e-con-inner\">\n\t\t\t\t<div class=\"elementor-element elementor-element-b67361c elementor-widget elementor-widget-image\" data-id=\"b67361c\" data-element_type=\"widget\" data-e-type=\"widget\" data-widget_type=\"image.default\">\n\t\t\t\t<div class=\"elementor-widget-container\">\n\t\t\t\t\t\t\t\t\t\t\t\t\t\t\t<img decoding=\"async\" width=\"1024\" height=\"1024\" src=\"https:\/\/procomexpachuca.com\/wp-content\/uploads\/2024\/12\/BLOG-1-1024x1024.webp\" class=\"attachment-large size-large wp-image-1005\" alt=\"\" srcset=\"https:\/\/procomexpachuca.com\/wp-content\/uploads\/2024\/12\/BLOG-1-1024x1024.webp 1024w, https:\/\/procomexpachuca.com\/wp-content\/uploads\/2024\/12\/BLOG-1-300x300.webp 300w, https:\/\/procomexpachuca.com\/wp-content\/uploads\/2024\/12\/BLOG-1-150x150.webp 150w, https:\/\/procomexpachuca.com\/wp-content\/uploads\/2024\/12\/BLOG-1-768x768.webp 768w, https:\/\/procomexpachuca.com\/wp-content\/uploads\/2024\/12\/BLOG-1-75x75.webp 75w, https:\/\/procomexpachuca.com\/wp-content\/uploads\/2024\/12\/BLOG-1-480x480.webp 480w, https:\/\/procomexpachuca.com\/wp-content\/uploads\/2024\/12\/BLOG-1.webp 1200w\" sizes=\"(max-width:767px) 480px, (max-width:1024px) 100vw, 1024px\" \/>\t\t\t\t\t\t\t\t\t\t\t\t\t\t\t<\/div>\n\t\t\t\t<\/div>\n\t\t\t\t<div class=\"elementor-element elementor-element-20ca93d elementor-widget elementor-widget-image\" data-id=\"20ca93d\" data-element_type=\"widget\" data-e-type=\"widget\" data-widget_type=\"image.default\">\n\t\t\t\t<div class=\"elementor-widget-container\">\n\t\t\t\t\t\t\t\t\t\t\t\t\t\t\t<img decoding=\"async\" width=\"1024\" height=\"1024\" src=\"https:\/\/procomexpachuca.com\/wp-content\/uploads\/2024\/12\/BLOG-1024x1024.webp\" class=\"attachment-large size-large wp-image-1007\" alt=\"\" srcset=\"https:\/\/procomexpachuca.com\/wp-content\/uploads\/2024\/12\/BLOG-1024x1024.webp 1024w, https:\/\/procomexpachuca.com\/wp-content\/uploads\/2024\/12\/BLOG-300x300.webp 300w, https:\/\/procomexpachuca.com\/wp-content\/uploads\/2024\/12\/BLOG-150x150.webp 150w, https:\/\/procomexpachuca.com\/wp-content\/uploads\/2024\/12\/BLOG-768x768.webp 768w, https:\/\/procomexpachuca.com\/wp-content\/uploads\/2024\/12\/BLOG-75x75.webp 75w, https:\/\/procomexpachuca.com\/wp-content\/uploads\/2024\/12\/BLOG-480x480.webp 480w, https:\/\/procomexpachuca.com\/wp-content\/uploads\/2024\/12\/BLOG.webp 1200w\" sizes=\"(max-width:767px) 480px, (max-width:1024px) 100vw, 1024px\" \/>\t\t\t\t\t\t\t\t\t\t\t\t\t\t\t<\/div>\n\t\t\t\t<\/div>\n\t\t\t\t\t<\/div>\n\t\t\t\t<\/div>\n\t\t<div class=\"elementor-element elementor-element-84db1be e-flex e-con-boxed e-con e-parent\" data-id=\"84db1be\" data-element_type=\"container\" data-e-type=\"container\">\n\t\t\t\t\t<div class=\"e-con-inner\">\n\t\t\t\t<div class=\"elementor-element elementor-element-9babce9 elementor-widget elementor-widget-text-editor\" data-id=\"9babce9\" data-element_type=\"widget\" data-e-type=\"widget\" data-widget_type=\"text-editor.default\">\n\t\t\t\t<div class=\"elementor-widget-container\">\n\t\t\t\t\t\t\t\t\t<p>Haz esta renovaci\u00f3n en un espacio abierto. Protege el piso y cualquier superficie que puedas manchar.<\/p><p>Limpia la superficie por pintar con un trapo h\u00famedo. Coloca cinta azul Comex en las partes que no quieras pintar.<\/p><p>\u00a0Inicia agitando con fuerza Aero Comex\u00ae Primario, aplica con 30cm de distancia en toda el \u00e1rea por pintar, esto servir\u00e1 como una base y el color de tu bicicleta lucir\u00e1 mejor. Deja secar una hora entre capa, aplica dos capas para que te asegures de cubrir a la perfecci\u00f3n todo.<\/p><p>De nuevo, agita muy bien el Aero Comex\u00ae, roc\u00eda a una distancia de 30 cm. La aplicaci\u00f3n debe ser en ambos sentidos de izquierda a derecha o de arriba abajo, para la pintura quede de manera uniforme. Aseg\u00farate de cubrir toda el \u00e1rea.<\/p><p>Deja en un lugar ventilado para que seque, entre 30 a 40 mins entre capa, m\u00ednimo da dos manos.<\/p><p>\u00a1Listo! Tendr\u00e1s una bicicleta nueva con poco dinero. \u00a0\u00a0\u00a0\u00a0\u00a0\u00a0\u00a0\u00a0\u00a0<\/p>\t\t\t\t\t\t\t\t<\/div>\n\t\t\t\t<\/div>\n\t\t\t\t\t<\/div>\n\t\t\t\t<\/div>\n\t\t<div class=\"elementor-element elementor-element-3f287f2 e-con-full e-flex e-con e-parent\" data-id=\"3f287f2\" data-element_type=\"container\" data-e-type=\"container\" data-settings=\"{&quot;background_background&quot;:&quot;classic&quot;}\">\n\t\t\t\t<\/div>\n\t\t\t\t<\/div>\n\t\t","protected":false},"excerpt":{"rendered":"<p>Pinta tu bici con Comex Dale un nuevo aire a tu bicicleta con Comex. \u00bfTu bicicleta se encuentra algo da\u00f1ada? No tendr\u00edas por qu\u00e9 despedirte de<span class=\"excerpt-hellip\"> [\u2026]<\/span><\/p>\n","protected":false},"author":1,"featured_media":0,"parent":0,"menu_order":0,"comment_status":"closed","ping_status":"closed","template":"","meta":{"_monsterinsights_skip_tracking":false,"_monsterinsights_sitenote_active":false,"_monsterinsights_sitenote_note":"","_monsterinsights_sitenote_category":0,"footnotes":""},"class_list":["post-961","page","type-page","status-publish","hentry"],"_links":{"self":[{"href":"https:\/\/procomexpachuca.com\/index.php?rest_route=\/wp\/v2\/pages\/961","targetHints":{"allow":["GET"]}}],"collection":[{"href":"https:\/\/procomexpachuca.com\/index.php?rest_route=\/wp\/v2\/pages"}],"about":[{"href":"https:\/\/procomexpachuca.com\/index.php?rest_route=\/wp\/v2\/types\/page"}],"author":[{"embeddable":true,"href":"https:\/\/procomexpachuca.com\/index.php?rest_route=\/wp\/v2\/users\/1"}],"replies":[{"embeddable":true,"href":"https:\/\/procomexpachuca.com\/index.php?rest_route=%2Fwp%2Fv2%2Fcomments&post=961"}],"version-history":[{"count":10,"href":"https:\/\/procomexpachuca.com\/index.php?rest_route=\/wp\/v2\/pages\/961\/revisions"}],"predecessor-version":[{"id":1969,"href":"https:\/\/procomexpachuca.com\/index.php?rest_route=\/wp\/v2\/pages\/961\/revisions\/1969"}],"wp:attachment":[{"href":"https:\/\/procomexpachuca.com\/index.php?rest_route=%2Fwp%2Fv2%2Fmedia&parent=961"}],"curies":[{"name":"wp","href":"https:\/\/api.w.org\/{rel}","templated":true}]}}