{"id":935,"date":"2024-12-27T06:10:32","date_gmt":"2024-12-27T06:10:32","guid":{"rendered":"https:\/\/procomexpachuca.com\/?page_id=935"},"modified":"2025-04-30T23:29:36","modified_gmt":"2025-04-30T23:29:36","slug":"blog-pinta-una-maceta","status":"publish","type":"page","link":"https:\/\/procomexpachuca.com\/?page_id=935","title":{"rendered":"BLOG PINTA UNA MACETA"},"content":{"rendered":"\t\t<div data-elementor-type=\"wp-page\" data-elementor-id=\"935\" class=\"elementor elementor-935\" data-elementor-post-type=\"page\">\n\t\t\t\t<div class=\"elementor-element elementor-element-4008117 e-flex e-con-boxed e-con e-parent\" data-id=\"4008117\" data-element_type=\"container\" data-e-type=\"container\">\n\t\t\t\t\t<div class=\"e-con-inner\">\n\t\t\t\t<div class=\"elementor-element elementor-element-1227b65 elementor-widget elementor-widget-image\" data-id=\"1227b65\" data-element_type=\"widget\" data-e-type=\"widget\" data-widget_type=\"image.default\">\n\t\t\t\t<div class=\"elementor-widget-container\">\n\t\t\t\t\t\t\t\t\t\t\t\t\t\t\t<img fetchpriority=\"high\" decoding=\"async\" width=\"1024\" height=\"384\" src=\"https:\/\/procomexpachuca.com\/wp-content\/uploads\/2024\/12\/baner-blog-1024x384.webp\" class=\"attachment-large size-large wp-image-938\" alt=\"\" srcset=\"https:\/\/procomexpachuca.com\/wp-content\/uploads\/2024\/12\/baner-blog-1024x384.webp 1024w, https:\/\/procomexpachuca.com\/wp-content\/uploads\/2024\/12\/baner-blog-300x113.webp 300w, https:\/\/procomexpachuca.com\/wp-content\/uploads\/2024\/12\/baner-blog-768x288.webp 768w, https:\/\/procomexpachuca.com\/wp-content\/uploads\/2024\/12\/baner-blog-1536x576.webp 1536w, https:\/\/procomexpachuca.com\/wp-content\/uploads\/2024\/12\/baner-blog-150x56.webp 150w, https:\/\/procomexpachuca.com\/wp-content\/uploads\/2024\/12\/baner-blog-480x180.webp 480w, https:\/\/procomexpachuca.com\/wp-content\/uploads\/2024\/12\/baner-blog.webp 1920w\" sizes=\"(max-width:767px) 480px, (max-width:1024px) 100vw, 1024px\" \/>\t\t\t\t\t\t\t\t\t\t\t\t\t\t\t<\/div>\n\t\t\t\t<\/div>\n\t\t\t\t\t<\/div>\n\t\t\t\t<\/div>\n\t\t<div class=\"elementor-element elementor-element-c36ab07 e-flex e-con-boxed e-con e-parent\" data-id=\"c36ab07\" data-element_type=\"container\" data-e-type=\"container\">\n\t\t\t\t\t<div class=\"e-con-inner\">\n\t\t\t\t<div class=\"elementor-element elementor-element-195ae02 elementor-widget elementor-widget-text-editor\" data-id=\"195ae02\" data-element_type=\"widget\" data-e-type=\"widget\" data-widget_type=\"text-editor.default\">\n\t\t\t\t<div class=\"elementor-widget-container\">\n\t\t\t\t\t\t\t\t\t<p>Es muy com\u00fan regalar flores a alguien que amas, pero t\u00fa puedes dar un regalo diferente. Ya sea para tu mam\u00e1, tus maestros, tu novio o cualquier persona especial, te damos una s\u00faper idea para que les des un detalle personalizado, muy lindo y que siempre que lo vean les va a recordar a ti.<\/p><p>En vez de regalar flores, que duraran algunos d\u00edas, regala una plantita que les alegre el espacio y dure mucho tiempo. Lo que le dar\u00e1 a\u00fan m\u00e1s el toque, es que la maceta ser\u00e1 decorada por ti.<\/p><p>Prepara tu creatividad y los siguientes materiales;<\/p><ul class=\"wp-block-list\"><li>Maceta de barro<\/li><li><strong>Aero Comex\u00ae<\/strong><\/li><li><strong>Durex Master\u00ae<\/strong><\/li><li><strong>TOP Wall\u00ae Humedad Extrema<\/strong><\/li><li>Brocha peque\u00f1a<\/li><li>Lija<\/li><\/ul>\t\t\t\t\t\t\t\t<\/div>\n\t\t\t\t<\/div>\n\t\t\t\t\t<\/div>\n\t\t\t\t<\/div>\n\t\t<div class=\"elementor-element elementor-element-3b5d8a4 e-grid e-con-boxed e-con e-parent\" data-id=\"3b5d8a4\" data-element_type=\"container\" data-e-type=\"container\">\n\t\t\t\t\t<div class=\"e-con-inner\">\n\t\t\t\t<div class=\"elementor-element elementor-element-a757fc6 elementor-widget elementor-widget-image\" data-id=\"a757fc6\" data-element_type=\"widget\" data-e-type=\"widget\" data-widget_type=\"image.default\">\n\t\t\t\t<div class=\"elementor-widget-container\">\n\t\t\t\t\t\t\t\t\t\t\t\t\t\t\t<img decoding=\"async\" src=\"https:\/\/procomexpachuca.com\/wp-content\/uploads\/elementor\/thumbs\/96f99c16758a6d4d2fbfba0cb92b96cf-qz41r41pgzypoohqeuvdybtm9bgdcz93k138ue2v00.webp\" title=\"96f99c16758a6d4d2fbfba0cb92b96cf\" alt=\"96f99c16758a6d4d2fbfba0cb92b96cf\" loading=\"lazy\" \/>\t\t\t\t\t\t\t\t\t\t\t\t\t\t\t<\/div>\n\t\t\t\t<\/div>\n\t\t\t\t<div class=\"elementor-element elementor-element-baa1cd3 elementor-widget elementor-widget-image\" data-id=\"baa1cd3\" data-element_type=\"widget\" data-e-type=\"widget\" data-widget_type=\"image.default\">\n\t\t\t\t<div class=\"elementor-widget-container\">\n\t\t\t\t\t\t\t\t\t\t\t\t\t\t\t<img decoding=\"async\" src=\"https:\/\/procomexpachuca.com\/wp-content\/uploads\/elementor\/thumbs\/pink-rainbow-painted-planter-qz41rfbrr0e5k01ckzqws8z5dxwrxchvlkx2lpm4xc.webp\" title=\"pink-rainbow-painted-planter\" alt=\"pink-rainbow-painted-planter\" loading=\"lazy\" \/>\t\t\t\t\t\t\t\t\t\t\t\t\t\t\t<\/div>\n\t\t\t\t<\/div>\n\t\t\t\t<div class=\"elementor-element elementor-element-72cb1b8 elementor-widget elementor-widget-image\" data-id=\"72cb1b8\" data-element_type=\"widget\" data-e-type=\"widget\" data-widget_type=\"image.default\">\n\t\t\t\t<div class=\"elementor-widget-container\">\n\t\t\t\t\t\t\t\t\t\t\t\t\t\t\t<img decoding=\"async\" width=\"480\" height=\"600\" src=\"https:\/\/procomexpachuca.com\/wp-content\/uploads\/2024\/12\/Painted-Flower-Pots-Floral-1-819x1024-1-480x600.webp\" class=\"attachment-mobile-srcset size-mobile-srcset wp-image-941\" alt=\"\" srcset=\"https:\/\/procomexpachuca.com\/wp-content\/uploads\/2024\/12\/Painted-Flower-Pots-Floral-1-819x1024-1-480x600.webp 480w, https:\/\/procomexpachuca.com\/wp-content\/uploads\/2024\/12\/Painted-Flower-Pots-Floral-1-819x1024-1-240x300.webp 240w, https:\/\/procomexpachuca.com\/wp-content\/uploads\/2024\/12\/Painted-Flower-Pots-Floral-1-819x1024-1-768x960.webp 768w, https:\/\/procomexpachuca.com\/wp-content\/uploads\/2024\/12\/Painted-Flower-Pots-Floral-1-819x1024-1-60x75.webp 60w, https:\/\/procomexpachuca.com\/wp-content\/uploads\/2024\/12\/Painted-Flower-Pots-Floral-1-819x1024-1.webp 819w\" sizes=\"(max-width:767px) 480px, 480px\" \/>\t\t\t\t\t\t\t\t\t\t\t\t\t\t\t<\/div>\n\t\t\t\t<\/div>\n\t\t\t\t\t<\/div>\n\t\t\t\t<\/div>\n\t\t<div class=\"elementor-element elementor-element-b02ab6d e-flex e-con-boxed e-con e-parent\" data-id=\"b02ab6d\" data-element_type=\"container\" data-e-type=\"container\">\n\t\t\t\t\t<div class=\"e-con-inner\">\n\t\t\t\t<div class=\"elementor-element elementor-element-5b5c1cb elementor-widget elementor-widget-text-editor\" data-id=\"5b5c1cb\" data-element_type=\"widget\" data-e-type=\"widget\" data-widget_type=\"text-editor.default\">\n\t\t\t\t<div class=\"elementor-widget-container\">\n\t\t\t\t\t\t\t\t\t<p>Limpia muy bien la maceta por dentro y por fuera. Lija muy bien ambas toda la maceta con la lija para que los productos tengan mejor adherencia. Y vuelve a limpiar para retirar todo el polvo.<\/p><p>Una vez que est\u00e9 limpia y seca aplica dos capas de\u00a0<strong>TOP Wall\u00ae Humedad Extrema<\/strong>\u00a0por dentro y fuera de la maceta para protegerla de la humedad y prolongar su tiempo de vida, espera 3 horas entre capas.<\/p><p>Cuando el impermeabilizante este completamente seco es momento de iniciar la parte m\u00e1s divertida. Pinta la maceta con el dise\u00f1o que m\u00e1s te guste. Para agilizar el proceso, puedes pintar el color base de la maceta con\u00a0<strong>Aero Comex\u00ae.<\/strong><\/p><p>Ya que este seca la maceta, con la pintura<strong>\u00a0Durex Master\u00ae\u00a0<\/strong>realiza el dise\u00f1o que m\u00e1s te guste.Para darle el toque extra puedes aplicar<strong>\u00a0Sellador 5X1\u00ae Reforzado\u00a0<\/strong>para finalizar.<\/p>\t\t\t\t\t\t\t\t<\/div>\n\t\t\t\t<\/div>\n\t\t\t\t\t<\/div>\n\t\t\t\t<\/div>\n\t\t<div class=\"elementor-element elementor-element-9bf3fec e-flex e-con-boxed e-con e-parent\" data-id=\"9bf3fec\" data-element_type=\"container\" data-e-type=\"container\">\n\t\t\t\t\t<div class=\"e-con-inner\">\n\t\t<div class=\"elementor-element elementor-element-b8f6cb5 e-con-full e-flex e-con e-child\" data-id=\"b8f6cb5\" data-element_type=\"container\" data-e-type=\"container\">\n\t\t\t\t<div class=\"elementor-element elementor-element-2a4c88d elementor-widget elementor-widget-image\" data-id=\"2a4c88d\" data-element_type=\"widget\" data-e-type=\"widget\" data-widget_type=\"image.default\">\n\t\t\t\t<div class=\"elementor-widget-container\">\n\t\t\t\t\t\t\t\t\t\t\t\t\t\t\t<img decoding=\"async\" width=\"1024\" height=\"1024\" src=\"https:\/\/procomexpachuca.com\/wp-content\/uploads\/2024\/12\/blogmayo-1024x1024.webp\" class=\"attachment-large size-large wp-image-939\" alt=\"\" srcset=\"https:\/\/procomexpachuca.com\/wp-content\/uploads\/2024\/12\/blogmayo-1024x1024.webp 1024w, https:\/\/procomexpachuca.com\/wp-content\/uploads\/2024\/12\/blogmayo-300x300.webp 300w, https:\/\/procomexpachuca.com\/wp-content\/uploads\/2024\/12\/blogmayo-150x150.webp 150w, https:\/\/procomexpachuca.com\/wp-content\/uploads\/2024\/12\/blogmayo-768x768.webp 768w, https:\/\/procomexpachuca.com\/wp-content\/uploads\/2024\/12\/blogmayo-75x75.webp 75w, https:\/\/procomexpachuca.com\/wp-content\/uploads\/2024\/12\/blogmayo-480x480.webp 480w, https:\/\/procomexpachuca.com\/wp-content\/uploads\/2024\/12\/blogmayo.webp 1200w\" sizes=\"(max-width:767px) 480px, (max-width:1024px) 100vw, 1024px\" \/>\t\t\t\t\t\t\t\t\t\t\t\t\t\t\t<\/div>\n\t\t\t\t<\/div>\n\t\t\t\t<\/div>\n\t\t<div class=\"elementor-element elementor-element-8ff5695 e-con-full e-flex e-con e-child\" data-id=\"8ff5695\" data-element_type=\"container\" data-e-type=\"container\">\n\t\t\t\t<div class=\"elementor-element elementor-element-3f19df6 elementor-widget elementor-widget-image\" data-id=\"3f19df6\" data-element_type=\"widget\" data-e-type=\"widget\" data-widget_type=\"image.default\">\n\t\t\t\t<div class=\"elementor-widget-container\">\n\t\t\t\t\t\t\t\t\t\t\t\t\t\t\t<img loading=\"lazy\" decoding=\"async\" width=\"1024\" height=\"1024\" src=\"https:\/\/procomexpachuca.com\/wp-content\/uploads\/2024\/12\/blogmayo-1-1024x1024.webp\" class=\"attachment-large size-large wp-image-940\" alt=\"\" srcset=\"https:\/\/procomexpachuca.com\/wp-content\/uploads\/2024\/12\/blogmayo-1-1024x1024.webp 1024w, https:\/\/procomexpachuca.com\/wp-content\/uploads\/2024\/12\/blogmayo-1-300x300.webp 300w, https:\/\/procomexpachuca.com\/wp-content\/uploads\/2024\/12\/blogmayo-1-150x150.webp 150w, https:\/\/procomexpachuca.com\/wp-content\/uploads\/2024\/12\/blogmayo-1-768x768.webp 768w, https:\/\/procomexpachuca.com\/wp-content\/uploads\/2024\/12\/blogmayo-1-75x75.webp 75w, https:\/\/procomexpachuca.com\/wp-content\/uploads\/2024\/12\/blogmayo-1-480x480.webp 480w, https:\/\/procomexpachuca.com\/wp-content\/uploads\/2024\/12\/blogmayo-1.webp 1200w\" sizes=\"(max-width:767px) 480px, (max-width:1024px) 100vw, 1024px\" \/>\t\t\t\t\t\t\t\t\t\t\t\t\t\t\t<\/div>\n\t\t\t\t<\/div>\n\t\t\t\t<\/div>\n\t\t\t\t\t<\/div>\n\t\t\t\t<\/div>\n\t\t<div class=\"elementor-element elementor-element-9296248 e-con-full e-flex e-con e-parent\" data-id=\"9296248\" data-element_type=\"container\" data-e-type=\"container\" data-settings=\"{&quot;background_background&quot;:&quot;classic&quot;}\">\n\t\t\t\t<\/div>\n\t\t\t\t<\/div>\n\t\t","protected":false},"excerpt":{"rendered":"<p>Es muy com\u00fan regalar flores a alguien que amas, pero t\u00fa puedes dar un regalo diferente. Ya sea para tu mam\u00e1, tus maestros, tu novio o<span class=\"excerpt-hellip\"> [\u2026]<\/span><\/p>\n","protected":false},"author":1,"featured_media":0,"parent":0,"menu_order":0,"comment_status":"closed","ping_status":"closed","template":"","meta":{"_monsterinsights_skip_tracking":false,"_monsterinsights_sitenote_active":false,"_monsterinsights_sitenote_note":"","_monsterinsights_sitenote_category":0,"footnotes":""},"class_list":["post-935","page","type-page","status-publish","hentry"],"_links":{"self":[{"href":"https:\/\/procomexpachuca.com\/index.php?rest_route=\/wp\/v2\/pages\/935","targetHints":{"allow":["GET"]}}],"collection":[{"href":"https:\/\/procomexpachuca.com\/index.php?rest_route=\/wp\/v2\/pages"}],"about":[{"href":"https:\/\/procomexpachuca.com\/index.php?rest_route=\/wp\/v2\/types\/page"}],"author":[{"embeddable":true,"href":"https:\/\/procomexpachuca.com\/index.php?rest_route=\/wp\/v2\/users\/1"}],"replies":[{"embeddable":true,"href":"https:\/\/procomexpachuca.com\/index.php?rest_route=%2Fwp%2Fv2%2Fcomments&post=935"}],"version-history":[{"count":10,"href":"https:\/\/procomexpachuca.com\/index.php?rest_route=\/wp\/v2\/pages\/935\/revisions"}],"predecessor-version":[{"id":1973,"href":"https:\/\/procomexpachuca.com\/index.php?rest_route=\/wp\/v2\/pages\/935\/revisions\/1973"}],"wp:attachment":[{"href":"https:\/\/procomexpachuca.com\/index.php?rest_route=%2Fwp%2Fv2%2Fmedia&parent=935"}],"curies":[{"name":"wp","href":"https:\/\/api.w.org\/{rel}","templated":true}]}}