{"id":915,"date":"2024-12-27T05:49:37","date_gmt":"2024-12-27T05:49:37","guid":{"rendered":"https:\/\/procomexpachuca.com\/?page_id=915"},"modified":"2025-05-06T15:27:46","modified_gmt":"2025-05-06T15:27:46","slug":"blog-renueva-tu-bano","status":"publish","type":"page","link":"https:\/\/procomexpachuca.com\/?page_id=915","title":{"rendered":"BLOG RENUEVA TU BA\u00d1O"},"content":{"rendered":"\t\t<div data-elementor-type=\"wp-page\" data-elementor-id=\"915\" class=\"elementor elementor-915\" data-elementor-post-type=\"page\">\n\t\t\t\t<div class=\"elementor-element elementor-element-13437c1 e-flex e-con-boxed e-con e-parent\" data-id=\"13437c1\" data-element_type=\"container\" data-e-type=\"container\" data-settings=\"{&quot;background_background&quot;:&quot;classic&quot;}\">\n\t\t\t\t\t<div class=\"e-con-inner\">\n\t\t\t\t<div class=\"elementor-element elementor-element-cf29b5c elementor-widget elementor-widget-text-editor\" data-id=\"cf29b5c\" data-element_type=\"widget\" data-e-type=\"widget\" data-widget_type=\"text-editor.default\">\n\t\t\t\t<div class=\"elementor-widget-container\">\n\t\t\t\t\t\t\t\t\t<p><span style=\"color: #ffffff;\">Renueva tu ba\u00f1o sin quitar el azulejo.<\/span><\/p>\t\t\t\t\t\t\t\t<\/div>\n\t\t\t\t<\/div>\n\t\t\t\t\t<\/div>\n\t\t\t\t<\/div>\n\t\t<div class=\"elementor-element elementor-element-dcf8503 e-flex e-con-boxed e-con e-parent\" data-id=\"dcf8503\" data-element_type=\"container\" data-e-type=\"container\">\n\t\t\t\t\t<div class=\"e-con-inner\">\n\t\t\t\t<div class=\"elementor-element elementor-element-812e0d7 elementor-widget elementor-widget-image\" data-id=\"812e0d7\" data-element_type=\"widget\" data-e-type=\"widget\" data-widget_type=\"image.default\">\n\t\t\t\t<div class=\"elementor-widget-container\">\n\t\t\t\t\t\t\t\t\t\t\t\t\t\t\t<img fetchpriority=\"high\" decoding=\"async\" width=\"1024\" height=\"384\" src=\"https:\/\/procomexpachuca.com\/wp-content\/uploads\/2024\/12\/baner-blog-5-1024x384.webp\" class=\"attachment-large size-large wp-image-905\" alt=\"\" srcset=\"https:\/\/procomexpachuca.com\/wp-content\/uploads\/2024\/12\/baner-blog-5-1024x384.webp 1024w, https:\/\/procomexpachuca.com\/wp-content\/uploads\/2024\/12\/baner-blog-5-300x113.webp 300w, https:\/\/procomexpachuca.com\/wp-content\/uploads\/2024\/12\/baner-blog-5-768x288.webp 768w, https:\/\/procomexpachuca.com\/wp-content\/uploads\/2024\/12\/baner-blog-5-1536x576.webp 1536w, https:\/\/procomexpachuca.com\/wp-content\/uploads\/2024\/12\/baner-blog-5-150x56.webp 150w, https:\/\/procomexpachuca.com\/wp-content\/uploads\/2024\/12\/baner-blog-5-480x180.webp 480w, https:\/\/procomexpachuca.com\/wp-content\/uploads\/2024\/12\/baner-blog-5.webp 1920w\" sizes=\"(max-width:767px) 480px, (max-width:1024px) 100vw, 1024px\" \/>\t\t\t\t\t\t\t\t\t\t\t\t\t\t\t<\/div>\n\t\t\t\t<\/div>\n\t\t\t\t\t<\/div>\n\t\t\t\t<\/div>\n\t\t<div class=\"elementor-element elementor-element-913a047 e-flex e-con-boxed e-con e-parent\" data-id=\"913a047\" data-element_type=\"container\" data-e-type=\"container\">\n\t\t\t\t\t<div class=\"e-con-inner\">\n\t\t\t\t<div class=\"elementor-element elementor-element-7c5aa72 elementor-widget elementor-widget-text-editor\" data-id=\"7c5aa72\" data-element_type=\"widget\" data-e-type=\"widget\" data-widget_type=\"text-editor.default\">\n\t\t\t\t<div class=\"elementor-widget-container\">\n\t\t\t\t\t\t\t\t\t<p>Darle un nuevo look a tu ba\u00f1o es posible sin necesidad del desastre que causan las obras, no vas a tener que quitar nada del azulejo viejo y lo mejor de todo es que lo puedes hacer t\u00fa mismo a un precio bastante accesible.<\/p><p>MATERIALES:<\/p><p>1.- Lija de agua grano 600<\/p><p>2.- Masking azul uso profesional Comex\u00ae<\/p><p>3.- Plasti protector de uso rudo<\/p><p>4.- Llana Lisa<\/p><p>5.- Brocha de 4\u201d<\/p><p>6.- Un trapo<\/p><p>7.- Texturi\u00ae Ultraligera<\/p><p>8.- Kontextura<\/p><p>9.- +Pracktico\u00ae Multi Acabado 3 en 1<\/p>\t\t\t\t\t\t\t\t<\/div>\n\t\t\t\t<\/div>\n\t\t\t\t\t<\/div>\n\t\t\t\t<\/div>\n\t\t<div class=\"elementor-element elementor-element-7e6872e e-grid e-con-boxed e-con e-parent\" data-id=\"7e6872e\" data-element_type=\"container\" data-e-type=\"container\">\n\t\t\t\t\t<div class=\"e-con-inner\">\n\t\t\t\t<div class=\"elementor-element elementor-element-a429bc8 elementor-widget elementor-widget-image\" data-id=\"a429bc8\" data-element_type=\"widget\" data-e-type=\"widget\" data-widget_type=\"image.default\">\n\t\t\t\t<div class=\"elementor-widget-container\">\n\t\t\t\t\t\t\t\t\t\t\t\t\t\t\t<img decoding=\"async\" width=\"500\" height=\"500\" src=\"https:\/\/procomexpachuca.com\/wp-content\/uploads\/2024\/12\/kontextura.webp\" class=\"attachment-large size-large wp-image-909\" alt=\"\" srcset=\"https:\/\/procomexpachuca.com\/wp-content\/uploads\/2024\/12\/kontextura.webp 500w, https:\/\/procomexpachuca.com\/wp-content\/uploads\/2024\/12\/kontextura-300x300.webp 300w, https:\/\/procomexpachuca.com\/wp-content\/uploads\/2024\/12\/kontextura-150x150.webp 150w, https:\/\/procomexpachuca.com\/wp-content\/uploads\/2024\/12\/kontextura-75x75.webp 75w, https:\/\/procomexpachuca.com\/wp-content\/uploads\/2024\/12\/kontextura-480x480.webp 480w\" sizes=\"(max-width:767px) 480px, 500px\" \/>\t\t\t\t\t\t\t\t\t\t\t\t\t\t\t<\/div>\n\t\t\t\t<\/div>\n\t\t\t\t<div class=\"elementor-element elementor-element-7db4b04 elementor-widget elementor-widget-image\" data-id=\"7db4b04\" data-element_type=\"widget\" data-e-type=\"widget\" data-widget_type=\"image.default\">\n\t\t\t\t<div class=\"elementor-widget-container\">\n\t\t\t\t\t\t\t\t\t\t\t\t\t\t\t<img decoding=\"async\" width=\"500\" height=\"500\" src=\"https:\/\/procomexpachuca.com\/wp-content\/uploads\/2024\/12\/pracktico.webp\" class=\"attachment-large size-large wp-image-910\" alt=\"\" srcset=\"https:\/\/procomexpachuca.com\/wp-content\/uploads\/2024\/12\/pracktico.webp 500w, https:\/\/procomexpachuca.com\/wp-content\/uploads\/2024\/12\/pracktico-300x300.webp 300w, https:\/\/procomexpachuca.com\/wp-content\/uploads\/2024\/12\/pracktico-150x150.webp 150w, https:\/\/procomexpachuca.com\/wp-content\/uploads\/2024\/12\/pracktico-75x75.webp 75w, https:\/\/procomexpachuca.com\/wp-content\/uploads\/2024\/12\/pracktico-480x480.webp 480w\" sizes=\"(max-width:767px) 480px, 500px\" \/>\t\t\t\t\t\t\t\t\t\t\t\t\t\t\t<\/div>\n\t\t\t\t<\/div>\n\t\t\t\t<div class=\"elementor-element elementor-element-78b7626 elementor-widget elementor-widget-image\" data-id=\"78b7626\" data-element_type=\"widget\" data-e-type=\"widget\" data-widget_type=\"image.default\">\n\t\t\t\t<div class=\"elementor-widget-container\">\n\t\t\t\t\t\t\t\t\t\t\t\t\t\t\t<img loading=\"lazy\" decoding=\"async\" width=\"401\" height=\"401\" src=\"https:\/\/procomexpachuca.com\/wp-content\/uploads\/2024\/12\/texturi-edited.webp\" class=\"attachment-large size-large wp-image-911\" alt=\"\" srcset=\"https:\/\/procomexpachuca.com\/wp-content\/uploads\/2024\/12\/texturi-edited.webp 401w, https:\/\/procomexpachuca.com\/wp-content\/uploads\/2024\/12\/texturi-edited-300x300.webp 300w, https:\/\/procomexpachuca.com\/wp-content\/uploads\/2024\/12\/texturi-edited-150x150.webp 150w, https:\/\/procomexpachuca.com\/wp-content\/uploads\/2024\/12\/texturi-edited-75x75.webp 75w\" sizes=\"(max-width:767px) 401px, 401px\" \/>\t\t\t\t\t\t\t\t\t\t\t\t\t\t\t<\/div>\n\t\t\t\t<\/div>\n\t\t\t\t\t<\/div>\n\t\t\t\t<\/div>\n\t\t<div class=\"elementor-element elementor-element-cb00ef7 e-flex e-con-boxed e-con e-parent\" data-id=\"cb00ef7\" data-element_type=\"container\" data-e-type=\"container\">\n\t\t\t\t\t<div class=\"e-con-inner\">\n\t\t\t\t<div class=\"elementor-element elementor-element-4ff59c7 elementor-widget elementor-widget-text-editor\" data-id=\"4ff59c7\" data-element_type=\"widget\" data-e-type=\"widget\" data-widget_type=\"text-editor.default\">\n\t\t\t\t<div class=\"elementor-widget-container\">\n\t\t\t\t\t\t\t\t\t<p>\u00bfListo para iniciar el proyecto?<\/p><ul class=\"wp-block-list\"><li>Limpia a la perfecci\u00f3n el espacio a trabajar, deja libre de polvo, grasa o cualquier suciedad el azulejo. Una vez limpio protege el suelo y los muebles de ba\u00f1o para evitar que se manchen, con el plasti protector y el\u00a0<strong>Masking azul uso profesional Comex\u00ae.<\/strong><\/li><li>Una vez seco el azulejo lija completamente el \u00e1rea\u00a0 a trabajar, l\u00edjalo hasta quitar el brillo de los azulejos, retira el excedente con una brocha, despu\u00e9s pasa un trapo h\u00famedo para quitar cualquier residuo.<\/li><\/ul>\t\t\t\t\t\t\t\t<\/div>\n\t\t\t\t<\/div>\n\t\t\t\t\t<\/div>\n\t\t\t\t<\/div>\n\t\t<div class=\"elementor-element elementor-element-8ef17d3 e-grid e-con-boxed e-con e-parent\" data-id=\"8ef17d3\" data-element_type=\"container\" data-e-type=\"container\">\n\t\t\t\t\t<div class=\"e-con-inner\">\n\t\t\t\t<div class=\"elementor-element elementor-element-5fd3cb8 elementor-widget elementor-widget-image\" data-id=\"5fd3cb8\" data-element_type=\"widget\" data-e-type=\"widget\" data-widget_type=\"image.default\">\n\t\t\t\t<div class=\"elementor-widget-container\">\n\t\t\t\t\t\t\t\t\t\t\t\t\t\t\t<img loading=\"lazy\" decoding=\"async\" width=\"564\" height=\"750\" src=\"https:\/\/procomexpachuca.com\/wp-content\/uploads\/2024\/12\/e3f08802ae9b1087af4d8367d0678486-564x750.jpg\" class=\"attachment-portfolio-list size-portfolio-list wp-image-914\" alt=\"\" srcset=\"https:\/\/procomexpachuca.com\/wp-content\/uploads\/2024\/12\/e3f08802ae9b1087af4d8367d0678486-564x750.jpg 564w, https:\/\/procomexpachuca.com\/wp-content\/uploads\/2024\/12\/e3f08802ae9b1087af4d8367d0678486-225x300.jpg 225w, https:\/\/procomexpachuca.com\/wp-content\/uploads\/2024\/12\/e3f08802ae9b1087af4d8367d0678486-56x75.jpg 56w\" sizes=\"(max-width:767px) 480px, 564px\" \/>\t\t\t\t\t\t\t\t\t\t\t\t\t\t\t<\/div>\n\t\t\t\t<\/div>\n\t\t\t\t<div class=\"elementor-element elementor-element-3bc5a8b elementor-widget elementor-widget-image\" data-id=\"3bc5a8b\" data-element_type=\"widget\" data-e-type=\"widget\" data-widget_type=\"image.default\">\n\t\t\t\t<div class=\"elementor-widget-container\">\n\t\t\t\t\t\t\t\t\t\t\t\t\t\t\t<img loading=\"lazy\" decoding=\"async\" width=\"564\" height=\"750\" src=\"https:\/\/procomexpachuca.com\/wp-content\/uploads\/2024\/12\/068d7904a6d82c047c787f46c37649af-564x750.jpg\" class=\"attachment-portfolio-list size-portfolio-list wp-image-912\" alt=\"\" \/>\t\t\t\t\t\t\t\t\t\t\t\t\t\t\t<\/div>\n\t\t\t\t<\/div>\n\t\t\t\t<div class=\"elementor-element elementor-element-fb1e5b1 elementor-widget elementor-widget-image\" data-id=\"fb1e5b1\" data-element_type=\"widget\" data-e-type=\"widget\" data-widget_type=\"image.default\">\n\t\t\t\t<div class=\"elementor-widget-container\">\n\t\t\t\t\t\t\t\t\t\t\t\t\t\t\t<img loading=\"lazy\" decoding=\"async\" width=\"564\" height=\"750\" src=\"https:\/\/procomexpachuca.com\/wp-content\/uploads\/2024\/12\/c86f2312f2a02138c06d9bb39bea0922-564x750.jpg\" class=\"attachment-portfolio-list size-portfolio-list wp-image-913\" alt=\"\" srcset=\"https:\/\/procomexpachuca.com\/wp-content\/uploads\/2024\/12\/c86f2312f2a02138c06d9bb39bea0922-564x750.jpg 564w, https:\/\/procomexpachuca.com\/wp-content\/uploads\/2024\/12\/c86f2312f2a02138c06d9bb39bea0922-225x300.jpg 225w, https:\/\/procomexpachuca.com\/wp-content\/uploads\/2024\/12\/c86f2312f2a02138c06d9bb39bea0922-56x75.jpg 56w\" sizes=\"(max-width:767px) 480px, 564px\" \/>\t\t\t\t\t\t\t\t\t\t\t\t\t\t\t<\/div>\n\t\t\t\t<\/div>\n\t\t\t\t\t<\/div>\n\t\t\t\t<\/div>\n\t\t<div class=\"elementor-element elementor-element-e1af9f4 e-flex e-con-boxed e-con e-parent\" data-id=\"e1af9f4\" data-element_type=\"container\" data-e-type=\"container\">\n\t\t\t\t\t<div class=\"e-con-inner\">\n\t\t\t\t<div class=\"elementor-element elementor-element-4e2b53a elementor-widget elementor-widget-text-editor\" data-id=\"4e2b53a\" data-element_type=\"widget\" data-e-type=\"widget\" data-widget_type=\"text-editor.default\">\n\t\t\t\t<div class=\"elementor-widget-container\">\n\t\t\t\t\t\t\t\t\t<ul class=\"wp-block-list\"><li>Con la llana met\u00e1lica aplica una capa\u00a0<strong>+Pracktico\u00ae Multi Acabado 3 en 1<\/strong>, con este sellador se mejorar\u00e1 la adherencia de los productos.\u00a0 D\u00e9jalo secar m\u00ednimo 4 horas.<\/li><li>Para rellenar y nivelar la superficie, con ayuda de la llama met\u00e1lica limpia, pon de una a dos capas de\u00a0<strong>Kontextura SG,\u00a0<\/strong>dependiente la superficie.Una vez seco, vuelve a lijar para eliminar cualquier textura no deseada y limpia los residuos.<\/li><li>Con el color que m\u00e1s te guste de\u00a0<strong>Texturi\u00ae Ultraligera\u00a0<\/strong>y espera 24 horas a que seque. Dale una \u00faltima pasada con la lija para que asiente una vez que este seco.<\/li><\/ul><p>\u00a1Listo! Tienes un ba\u00f1o renovado con un estilo m\u00e1s moderno.\u00a0<\/p><p>Para rellenar y nivelar la superficie, con ayuda de la llama met\u00e1lica limpia, pon de una a dos capas de Kontextura SG, dependiente la superficie.Una vez seco, vuelve a lijar para eliminar cualquier textura no deseada y limpia los residuos.<br \/>Con el color que m\u00e1s te guste de Texturi\u00ae Ultraligera y espera 24 horas a que seque. Dale una \u00faltima pasada con la lija para que asiente una vez que este seco.<br \/>\u00a1Listo! Tienes un ba\u00f1o renovado con un estilo m\u00e1s moderno.<\/p>\t\t\t\t\t\t\t\t<\/div>\n\t\t\t\t<\/div>\n\t\t\t\t\t<\/div>\n\t\t\t\t<\/div>\n\t\t<div class=\"elementor-element elementor-element-d220d2a e-flex e-con-boxed e-con e-parent\" data-id=\"d220d2a\" data-element_type=\"container\" data-e-type=\"container\">\n\t\t\t\t\t<div class=\"e-con-inner\">\n\t\t\t\t<div class=\"elementor-element elementor-element-24a6bc4 elementor-widget elementor-widget-image\" data-id=\"24a6bc4\" data-element_type=\"widget\" data-e-type=\"widget\" data-widget_type=\"image.default\">\n\t\t\t\t<div class=\"elementor-widget-container\">\n\t\t\t\t\t\t\t\t\t\t\t\t\t\t\t<img loading=\"lazy\" decoding=\"async\" width=\"368\" height=\"1024\" src=\"https:\/\/procomexpachuca.com\/wp-content\/uploads\/2024\/12\/Before-and-after-ombre-painted-shower-tile-DIY-how-to-paint-shower-tile-scaled-1-368x1024.webp\" class=\"attachment-large size-large wp-image-906\" alt=\"\" srcset=\"https:\/\/procomexpachuca.com\/wp-content\/uploads\/2024\/12\/Before-and-after-ombre-painted-shower-tile-DIY-how-to-paint-shower-tile-scaled-1-368x1024.webp 368w, https:\/\/procomexpachuca.com\/wp-content\/uploads\/2024\/12\/Before-and-after-ombre-painted-shower-tile-DIY-how-to-paint-shower-tile-scaled-1-108x300.webp 108w, https:\/\/procomexpachuca.com\/wp-content\/uploads\/2024\/12\/Before-and-after-ombre-painted-shower-tile-DIY-how-to-paint-shower-tile-scaled-1-768x2135.webp 768w, https:\/\/procomexpachuca.com\/wp-content\/uploads\/2024\/12\/Before-and-after-ombre-painted-shower-tile-DIY-how-to-paint-shower-tile-scaled-1-737x2048.webp 737w, https:\/\/procomexpachuca.com\/wp-content\/uploads\/2024\/12\/Before-and-after-ombre-painted-shower-tile-DIY-how-to-paint-shower-tile-scaled-1-27x75.webp 27w, https:\/\/procomexpachuca.com\/wp-content\/uploads\/2024\/12\/Before-and-after-ombre-painted-shower-tile-DIY-how-to-paint-shower-tile-scaled-1-345x960.webp 345w, https:\/\/procomexpachuca.com\/wp-content\/uploads\/2024\/12\/Before-and-after-ombre-painted-shower-tile-DIY-how-to-paint-shower-tile-scaled-1.webp 921w\" sizes=\"(max-width:767px) 368px, 368px\" \/>\t\t\t\t\t\t\t\t\t\t\t\t\t\t\t<\/div>\n\t\t\t\t<\/div>\n\t\t\t\t\t<\/div>\n\t\t\t\t<\/div>\n\t\t<div class=\"elementor-element elementor-element-10ae582 e-con-full e-flex e-con e-parent\" data-id=\"10ae582\" data-element_type=\"container\" data-e-type=\"container\" data-settings=\"{&quot;background_background&quot;:&quot;classic&quot;}\">\n\t\t\t\t<\/div>\n\t\t\t\t<\/div>\n\t\t","protected":false},"excerpt":{"rendered":"<p>Renueva tu ba\u00f1o sin quitar el azulejo. Darle un nuevo look a tu ba\u00f1o es posible sin necesidad del desastre que causan las obras, no vas<span class=\"excerpt-hellip\"> [\u2026]<\/span><\/p>\n","protected":false},"author":1,"featured_media":0,"parent":0,"menu_order":0,"comment_status":"closed","ping_status":"closed","template":"","meta":{"_monsterinsights_skip_tracking":false,"_monsterinsights_sitenote_active":false,"_monsterinsights_sitenote_note":"","_monsterinsights_sitenote_category":0,"footnotes":""},"class_list":["post-915","page","type-page","status-publish","hentry"],"_links":{"self":[{"href":"https:\/\/procomexpachuca.com\/index.php?rest_route=\/wp\/v2\/pages\/915","targetHints":{"allow":["GET"]}}],"collection":[{"href":"https:\/\/procomexpachuca.com\/index.php?rest_route=\/wp\/v2\/pages"}],"about":[{"href":"https:\/\/procomexpachuca.com\/index.php?rest_route=\/wp\/v2\/types\/page"}],"author":[{"embeddable":true,"href":"https:\/\/procomexpachuca.com\/index.php?rest_route=\/wp\/v2\/users\/1"}],"replies":[{"embeddable":true,"href":"https:\/\/procomexpachuca.com\/index.php?rest_route=%2Fwp%2Fv2%2Fcomments&post=915"}],"version-history":[{"count":10,"href":"https:\/\/procomexpachuca.com\/index.php?rest_route=\/wp\/v2\/pages\/915\/revisions"}],"predecessor-version":[{"id":1993,"href":"https:\/\/procomexpachuca.com\/index.php?rest_route=\/wp\/v2\/pages\/915\/revisions\/1993"}],"wp:attachment":[{"href":"https:\/\/procomexpachuca.com\/index.php?rest_route=%2Fwp%2Fv2%2Fmedia&parent=915"}],"curies":[{"name":"wp","href":"https:\/\/api.w.org\/{rel}","templated":true}]}}