{"id":880,"date":"2024-12-26T17:47:48","date_gmt":"2024-12-26T17:47:48","guid":{"rendered":"https:\/\/procomexpachuca.com\/?page_id=880"},"modified":"2025-04-30T22:00:53","modified_gmt":"2025-04-30T22:00:53","slug":"blog-calcular-pintura","status":"publish","type":"page","link":"https:\/\/procomexpachuca.com\/?page_id=880","title":{"rendered":"BLOG CALCULAR PINTURA"},"content":{"rendered":"\t\t<div data-elementor-type=\"wp-page\" data-elementor-id=\"880\" class=\"elementor elementor-880\" data-elementor-post-type=\"page\">\n\t\t\t\t<div class=\"elementor-element elementor-element-dd6d85e e-flex e-con-boxed e-con e-parent\" data-id=\"dd6d85e\" data-element_type=\"container\" data-e-type=\"container\" data-settings=\"{&quot;background_background&quot;:&quot;classic&quot;}\">\n\t\t\t\t\t<div class=\"e-con-inner\">\n\t\t\t\t<div class=\"elementor-element elementor-element-61959ef elementor-widget elementor-widget-text-editor\" data-id=\"61959ef\" data-element_type=\"widget\" data-e-type=\"widget\" data-widget_type=\"text-editor.default\">\n\t\t\t\t<div class=\"elementor-widget-container\">\n\t\t\t\t\t\t\t\t\t<p><span style=\"color: #ffffff;\">\u00bfComo calcular pintura para tu pared?<\/span><\/p>\t\t\t\t\t\t\t\t<\/div>\n\t\t\t\t<\/div>\n\t\t\t\t\t<\/div>\n\t\t\t\t<\/div>\n\t\t<div class=\"elementor-element elementor-element-81e8352 e-flex e-con-boxed e-con e-parent\" data-id=\"81e8352\" data-element_type=\"container\" data-e-type=\"container\">\n\t\t\t\t\t<div class=\"e-con-inner\">\n\t\t\t\t<div class=\"elementor-element elementor-element-19d05d0 elementor-widget elementor-widget-image\" data-id=\"19d05d0\" data-element_type=\"widget\" data-e-type=\"widget\" data-widget_type=\"image.default\">\n\t\t\t\t<div class=\"elementor-widget-container\">\n\t\t\t\t\t\t\t\t\t\t\t\t\t\t\t<img fetchpriority=\"high\" decoding=\"async\" width=\"1920\" height=\"720\" src=\"https:\/\/procomexpachuca.com\/wp-content\/uploads\/2024\/12\/baner-blog-1.webp\" class=\"attachment-full size-full wp-image-883\" alt=\"\" srcset=\"https:\/\/procomexpachuca.com\/wp-content\/uploads\/2024\/12\/baner-blog-1.webp 1920w, https:\/\/procomexpachuca.com\/wp-content\/uploads\/2024\/12\/baner-blog-1-300x113.webp 300w, https:\/\/procomexpachuca.com\/wp-content\/uploads\/2024\/12\/baner-blog-1-1024x384.webp 1024w, https:\/\/procomexpachuca.com\/wp-content\/uploads\/2024\/12\/baner-blog-1-768x288.webp 768w, https:\/\/procomexpachuca.com\/wp-content\/uploads\/2024\/12\/baner-blog-1-1536x576.webp 1536w, https:\/\/procomexpachuca.com\/wp-content\/uploads\/2024\/12\/baner-blog-1-150x56.webp 150w, https:\/\/procomexpachuca.com\/wp-content\/uploads\/2024\/12\/baner-blog-1-480x180.webp 480w\" sizes=\"(max-width:767px) 480px, (max-width:1920px) 100vw, 1920px\" \/>\t\t\t\t\t\t\t\t\t\t\t\t\t\t\t<\/div>\n\t\t\t\t<\/div>\n\t\t\t\t\t<\/div>\n\t\t\t\t<\/div>\n\t\t<div class=\"elementor-element elementor-element-23d6838 e-flex e-con-boxed e-con e-parent\" data-id=\"23d6838\" data-element_type=\"container\" data-e-type=\"container\">\n\t\t\t\t\t<div class=\"e-con-inner\">\n\t\t\t\t<div class=\"elementor-element elementor-element-559762b elementor-widget elementor-widget-text-editor\" data-id=\"559762b\" data-element_type=\"widget\" data-e-type=\"widget\" data-widget_type=\"text-editor.default\">\n\t\t\t\t<div class=\"elementor-widget-container\">\n\t\t\t\t\t\t\t\t\t<p>Quieres darle un nuevo look a tu hogar, pero no sabes cuanta pintura necesitas, esto te interesa. La cantidad de pintura que vas a necesitar depende de varios factores, es importante tener conocimiento de los metros cuadrados que vas a pintar. Para calcular los metros cuadrados, para calcular la superficie de una habitaci\u00f3n que tiene 6m de ancho por 2m de alto, hacemos el c\u00e1lculo: 6 x 2= 12 metros cuadrados (m2), (esto en caso de que la pared no tenga ventana).<\/p><p>Si tu pared tiene una puerta o una ventana, repite el mismo procedimiento inicial, mide el ancho por el alto de la pared completa para saber los metros cuadrados, posteriormente si tienes una puerta o ventana, debes medir el ancho por el alto de cada uno, los metros cuadrados de las ventanas o puertas deber\u00e1s restarlos al total de metros cuadrados de tu pared.<\/p>\t\t\t\t\t\t\t\t<\/div>\n\t\t\t\t<\/div>\n\t\t\t\t\t<\/div>\n\t\t\t\t<\/div>\n\t\t<div class=\"elementor-element elementor-element-afe1b1d e-flex e-con-boxed e-con e-parent\" data-id=\"afe1b1d\" data-element_type=\"container\" data-e-type=\"container\">\n\t\t\t\t\t<div class=\"e-con-inner\">\n\t\t\t\t<div class=\"elementor-element elementor-element-1534a02 elementor-widget elementor-widget-image\" data-id=\"1534a02\" data-element_type=\"widget\" data-e-type=\"widget\" data-widget_type=\"image.default\">\n\t\t\t\t<div class=\"elementor-widget-container\">\n\t\t\t\t\t\t\t\t\t\t\t\t\t\t\t<img decoding=\"async\" src=\"https:\/\/procomexpachuca.com\/wp-content\/uploads\/elementor\/thumbs\/El-texto-del-parrafo-1-qz35afdzc0ud3hljfsuersej6sriyr1940de2v94ds.webp\" title=\"El-texto-del-parrafo-1\" alt=\"El-texto-del-parrafo-1\" loading=\"lazy\" \/>\t\t\t\t\t\t\t\t\t\t\t\t\t\t\t<\/div>\n\t\t\t\t<\/div>\n\t\t\t\t\t<\/div>\n\t\t\t\t<\/div>\n\t\t<div class=\"elementor-element elementor-element-32f2e4c e-flex e-con-boxed e-con e-parent\" data-id=\"32f2e4c\" data-element_type=\"container\" data-e-type=\"container\">\n\t\t\t\t\t<div class=\"e-con-inner\">\n\t\t\t\t<div class=\"elementor-element elementor-element-52f6363 elementor-widget elementor-widget-text-editor\" data-id=\"52f6363\" data-element_type=\"widget\" data-e-type=\"widget\" data-widget_type=\"text-editor.default\">\n\t\t\t\t<div class=\"elementor-widget-container\">\n\t\t\t\t\t\t\t\t\t<p>Por ejemplo, para calcular la superficie de una habitaci\u00f3n que tiene 8m de largo por 2m de ancho, hacemos el primer c\u00e1lculo: 8 x 2= 16 (m2), estos son los metros cuadrados totales de nuestra pared, posteriormente medimos una ventana que tiene 1m de largo por 1m de alto: 1 x 1 = 1 (m2), estos son los metros cuadrados totales de la ventana, esta medida en (m2) la restamos al total de la pared: 16 \u2013 1 = 15 m2.<\/p><p>Una vez hecho el c\u00e1lculo de la superficie que vas a pintar puedes conocer cu\u00e1nto rinde nuestra pintura en la siguiente tabla:<\/p><p>Si tu pared tiene una puerta o una ventana, repite el mismo procedimiento inicial, mide el ancho por el alto de la pared completa para saber los metros cuadrados, posteriormente si tienes una puerta o ventana, debes medir el ancho por el alto de cada uno, los metros cuadrados de las ventanas o puertas deber\u00e1s restarlos al total de metros cuadrados de tu pared.<\/p>\t\t\t\t\t\t\t\t<\/div>\n\t\t\t\t<\/div>\n\t\t\t\t\t<\/div>\n\t\t\t\t<\/div>\n\t\t<div class=\"elementor-element elementor-element-c53c374 e-flex e-con-boxed e-con e-parent\" data-id=\"c53c374\" data-element_type=\"container\" data-e-type=\"container\">\n\t\t\t\t\t<div class=\"e-con-inner\">\n\t\t\t\t<div class=\"elementor-element elementor-element-f4f52e6 elementor-widget elementor-widget-image\" data-id=\"f4f52e6\" data-element_type=\"widget\" data-e-type=\"widget\" data-widget_type=\"image.default\">\n\t\t\t\t<div class=\"elementor-widget-container\">\n\t\t\t\t\t\t\t\t\t\t\t\t\t\t\t<img decoding=\"async\" width=\"940\" height=\"788\" src=\"https:\/\/procomexpachuca.com\/wp-content\/uploads\/2024\/12\/El-texto-del-parrafo.webp\" class=\"attachment-large size-large wp-image-884\" alt=\"\" srcset=\"https:\/\/procomexpachuca.com\/wp-content\/uploads\/2024\/12\/El-texto-del-parrafo.webp 940w, https:\/\/procomexpachuca.com\/wp-content\/uploads\/2024\/12\/El-texto-del-parrafo-300x251.webp 300w, https:\/\/procomexpachuca.com\/wp-content\/uploads\/2024\/12\/El-texto-del-parrafo-768x644.webp 768w, https:\/\/procomexpachuca.com\/wp-content\/uploads\/2024\/12\/El-texto-del-parrafo-89x75.webp 89w, https:\/\/procomexpachuca.com\/wp-content\/uploads\/2024\/12\/El-texto-del-parrafo-480x402.webp 480w\" sizes=\"(max-width:767px) 480px, (max-width:940px) 100vw, 940px\" \/>\t\t\t\t\t\t\t\t\t\t\t\t\t\t\t<\/div>\n\t\t\t\t<\/div>\n\t\t\t\t\t<\/div>\n\t\t\t\t<\/div>\n\t\t<div class=\"elementor-element elementor-element-1422787 e-flex e-con-boxed e-con e-parent\" data-id=\"1422787\" data-element_type=\"container\" data-e-type=\"container\">\n\t\t\t\t\t<div class=\"e-con-inner\">\n\t\t\t\t<div class=\"elementor-element elementor-element-906eede elementor-widget elementor-widget-text-editor\" data-id=\"906eede\" data-element_type=\"widget\" data-e-type=\"widget\" data-widget_type=\"text-editor.default\">\n\t\t\t\t<div class=\"elementor-widget-container\">\n\t\t\t\t\t\t\t\t\t<p>Si deseas pintar m\u00e1s de una pared, necesitar\u00e1s realizar el mismo procedimiento, obtener los metros cuadrados de cada superficie, posteriormente deber\u00e1s sumar todos los metros y dividirlos por el redimiendo de la pintura. Recuerda que el rendimiento indicado en la etiqueta ya considera las dos manos que se recomiendan. Por ejemplo:<\/p><p>36 m2 como la suma total de 3 paredes a pintar \/ 12m2 de rendimiento por litro: ( 36 \/ 12 ) = 3 litros de pintura.<\/p><p>Es importante considerar que es natural que haya desperdicios de pintura, al momento de pintar, por ejemplo; la que llega a salpicar, la que se queda en las herramientas, envases, etc. Es aconsejable que consideres comprar por lo menos 10% m\u00e1s.<\/p><p>Una vez hecho el c\u00e1lculo de la superficie que vas a pintar puedes conocer cu\u00e1nto rinde nuestra pintura en la siguiente tabla:<\/p><p>Si tu pared tiene una puerta o una ventana, repite el mismo procedimiento inicial, mide el ancho por el alto de la pared completa para saber los metros cuadrados, posteriormente si tienes una puerta o ventana, debes medir el ancho por el alto de cada uno, los metros cuadrados de las ventanas o puertas deber\u00e1s restarlos al total de metros cuadrados de tu pared.<\/p>\t\t\t\t\t\t\t\t<\/div>\n\t\t\t\t<\/div>\n\t\t\t\t\t<\/div>\n\t\t\t\t<\/div>\n\t\t<div class=\"elementor-element elementor-element-c30565e e-flex e-con-boxed e-con e-parent\" data-id=\"c30565e\" data-element_type=\"container\" data-e-type=\"container\">\n\t\t\t\t\t<div class=\"e-con-inner\">\n\t\t<div class=\"elementor-element elementor-element-695cfb3 e-con-full e-flex e-con e-child\" data-id=\"695cfb3\" data-element_type=\"container\" data-e-type=\"container\">\n\t\t\t\t<div class=\"elementor-element elementor-element-55b9105 elementor-widget elementor-widget-image\" data-id=\"55b9105\" data-element_type=\"widget\" data-e-type=\"widget\" data-widget_type=\"image.default\">\n\t\t\t\t<div class=\"elementor-widget-container\">\n\t\t\t\t\t\t\t\t\t\t\t\t\t\t\t<img decoding=\"async\" width=\"500\" height=\"750\" src=\"https:\/\/procomexpachuca.com\/wp-content\/uploads\/2024\/12\/pexels-photo-7218008.webp\" class=\"attachment-large size-large wp-image-886\" alt=\"\" srcset=\"https:\/\/procomexpachuca.com\/wp-content\/uploads\/2024\/12\/pexels-photo-7218008.webp 500w, https:\/\/procomexpachuca.com\/wp-content\/uploads\/2024\/12\/pexels-photo-7218008-200x300.webp 200w, https:\/\/procomexpachuca.com\/wp-content\/uploads\/2024\/12\/pexels-photo-7218008-50x75.webp 50w, https:\/\/procomexpachuca.com\/wp-content\/uploads\/2024\/12\/pexels-photo-7218008-480x720.webp 480w\" sizes=\"(max-width:767px) 480px, 500px\" \/>\t\t\t\t\t\t\t\t\t\t\t\t\t\t\t<\/div>\n\t\t\t\t<\/div>\n\t\t\t\t<\/div>\n\t\t<div class=\"elementor-element elementor-element-7081ddb e-con-full e-flex e-con e-child\" data-id=\"7081ddb\" data-element_type=\"container\" data-e-type=\"container\">\n\t\t\t\t<div class=\"elementor-element elementor-element-47dd2d5 elementor-widget elementor-widget-image\" data-id=\"47dd2d5\" data-element_type=\"widget\" data-e-type=\"widget\" data-widget_type=\"image.default\">\n\t\t\t\t<div class=\"elementor-widget-container\">\n\t\t\t\t\t\t\t\t\t\t\t\t\t\t\t<img loading=\"lazy\" decoding=\"async\" width=\"500\" height=\"750\" src=\"https:\/\/procomexpachuca.com\/wp-content\/uploads\/2024\/12\/pexels-photo-5799049-1.jpeg\" class=\"attachment-large size-large wp-image-888\" alt=\"\" srcset=\"https:\/\/procomexpachuca.com\/wp-content\/uploads\/2024\/12\/pexels-photo-5799049-1.jpeg 500w, https:\/\/procomexpachuca.com\/wp-content\/uploads\/2024\/12\/pexels-photo-5799049-1-200x300.jpeg 200w, https:\/\/procomexpachuca.com\/wp-content\/uploads\/2024\/12\/pexels-photo-5799049-1-50x75.jpeg 50w, https:\/\/procomexpachuca.com\/wp-content\/uploads\/2024\/12\/pexels-photo-5799049-1-480x720.jpeg 480w\" sizes=\"(max-width:767px) 480px, 500px\" \/>\t\t\t\t\t\t\t\t\t\t\t\t\t\t\t<\/div>\n\t\t\t\t<\/div>\n\t\t\t\t<\/div>\n\t\t\t\t\t<\/div>\n\t\t\t\t<\/div>\n\t\t<div class=\"elementor-element elementor-element-05e42ab e-flex e-con-boxed e-con e-parent\" data-id=\"05e42ab\" data-element_type=\"container\" data-e-type=\"container\">\n\t\t\t\t\t<div class=\"e-con-inner\">\n\t\t\t\t<div class=\"elementor-element elementor-element-33bf2d5 elementor-widget elementor-widget-text-editor\" data-id=\"33bf2d5\" data-element_type=\"widget\" data-e-type=\"widget\" data-widget_type=\"text-editor.default\">\n\t\t\t\t<div class=\"elementor-widget-container\">\n\t\t\t\t\t\t\t\t\t<p>Recuerda que los rendimientos base aplican para los blancos y colores pasteles, (si el color es mantenimiento rinde m\u00e1s, si es cubrir un color oscuro o brillante con uno claro tambi\u00e9n es importante considerar).<\/p><p>Cuando se usan colores intensos, que por naturaleza son de bajo poder cubriente, sucede que se incrementa el n\u00famero de manos y por consiguiente baja el rendimiento. Para solucionar esto \u00faltimo se recomienda utilizar Sellador Entintable igualado al color similar del acabado.<\/p><p>36 m2 como la suma total de 3 paredes a pintar \/ 12m2 de rendimiento por litro: ( 36 \/ 12 ) = 3 litros de pintura.<\/p><p>Es importante considerar que es natural que haya desperdicios de pintura, al momento de pintar, por ejemplo; la que llega a salpicar, la que se queda en las herramientas, envases, etc. Es aconsejable que consideres comprar por lo menos 10% m\u00e1s.<\/p><p>Una vez hecho el c\u00e1lculo de la superficie que vas a pintar puedes conocer cu\u00e1nto rinde nuestra pintura en la siguiente tabla:<\/p><p>Si tu pared tiene una puerta o una ventana, repite el mismo procedimiento inicial, mide el ancho por el alto de la pared completa para saber los metros cuadrados, posteriormente si tienes una puerta o ventana, debes medir el ancho por el alto de cada uno, los metros cuadrados de las ventanas o puertas deber\u00e1s restarlos al total de metros cuadrados de tu pared.<\/p>\t\t\t\t\t\t\t\t<\/div>\n\t\t\t\t<\/div>\n\t\t\t\t\t<\/div>\n\t\t\t\t<\/div>\n\t\t<div class=\"elementor-element elementor-element-f65c8ee e-con-full e-flex e-con e-parent\" data-id=\"f65c8ee\" data-element_type=\"container\" data-e-type=\"container\" data-settings=\"{&quot;background_background&quot;:&quot;classic&quot;}\">\n\t\t\t\t<\/div>\n\t\t\t\t<\/div>\n\t\t","protected":false},"excerpt":{"rendered":"<p>\u00bfComo calcular pintura para tu pared? Quieres darle un nuevo look a tu hogar, pero no sabes cuanta pintura necesitas, esto te interesa. La cantidad de<span class=\"excerpt-hellip\"> [\u2026]<\/span><\/p>\n","protected":false},"author":1,"featured_media":0,"parent":0,"menu_order":0,"comment_status":"closed","ping_status":"closed","template":"","meta":{"_monsterinsights_skip_tracking":false,"_monsterinsights_sitenote_active":false,"_monsterinsights_sitenote_note":"","_monsterinsights_sitenote_category":0,"footnotes":""},"class_list":["post-880","page","type-page","status-publish","hentry"],"_links":{"self":[{"href":"https:\/\/procomexpachuca.com\/index.php?rest_route=\/wp\/v2\/pages\/880","targetHints":{"allow":["GET"]}}],"collection":[{"href":"https:\/\/procomexpachuca.com\/index.php?rest_route=\/wp\/v2\/pages"}],"about":[{"href":"https:\/\/procomexpachuca.com\/index.php?rest_route=\/wp\/v2\/types\/page"}],"author":[{"embeddable":true,"href":"https:\/\/procomexpachuca.com\/index.php?rest_route=\/wp\/v2\/users\/1"}],"replies":[{"embeddable":true,"href":"https:\/\/procomexpachuca.com\/index.php?rest_route=%2Fwp%2Fv2%2Fcomments&post=880"}],"version-history":[{"count":13,"href":"https:\/\/procomexpachuca.com\/index.php?rest_route=\/wp\/v2\/pages\/880\/revisions"}],"predecessor-version":[{"id":1928,"href":"https:\/\/procomexpachuca.com\/index.php?rest_route=\/wp\/v2\/pages\/880\/revisions\/1928"}],"wp:attachment":[{"href":"https:\/\/procomexpachuca.com\/index.php?rest_route=%2Fwp%2Fv2%2Fmedia&parent=880"}],"curies":[{"name":"wp","href":"https:\/\/api.w.org\/{rel}","templated":true}]}}