{"id":602,"date":"2024-12-19T17:19:52","date_gmt":"2024-12-19T17:19:52","guid":{"rendered":"https:\/\/procomexpachuca.com\/?page_id=602"},"modified":"2025-01-09T17:34:24","modified_gmt":"2025-01-09T17:34:24","slug":"preguntas-frecuentes","status":"publish","type":"page","link":"https:\/\/procomexpachuca.com\/?page_id=602","title":{"rendered":"PREGUNTAS FRECUENTES"},"content":{"rendered":"\t\t<div data-elementor-type=\"wp-page\" data-elementor-id=\"602\" class=\"elementor elementor-602\" data-elementor-post-type=\"page\">\n\t\t\t\t<div class=\"elementor-element elementor-element-2e9795b e-con-full e-flex e-con e-parent\" data-id=\"2e9795b\" data-element_type=\"container\" data-e-type=\"container\">\n\t\t\t\t<div class=\"elementor-element elementor-element-fd921ae elementor-widget elementor-widget-image\" data-id=\"fd921ae\" data-element_type=\"widget\" data-e-type=\"widget\" data-widget_type=\"image.default\">\n\t\t\t\t<div class=\"elementor-widget-container\">\n\t\t\t\t\t\t\t\t\t\t\t\t\t\t\t<img fetchpriority=\"high\" decoding=\"async\" width=\"4500\" height=\"1326\" src=\"https:\/\/procomexpachuca.com\/wp-content\/uploads\/2024\/12\/Preguntas-frecuentes.png\" class=\"attachment-full size-full wp-image-633\" alt=\"\" srcset=\"https:\/\/procomexpachuca.com\/wp-content\/uploads\/2024\/12\/Preguntas-frecuentes.png 4500w, https:\/\/procomexpachuca.com\/wp-content\/uploads\/2024\/12\/Preguntas-frecuentes-300x88.png 300w, https:\/\/procomexpachuca.com\/wp-content\/uploads\/2024\/12\/Preguntas-frecuentes-1024x302.png 1024w, https:\/\/procomexpachuca.com\/wp-content\/uploads\/2024\/12\/Preguntas-frecuentes-768x226.png 768w, https:\/\/procomexpachuca.com\/wp-content\/uploads\/2024\/12\/Preguntas-frecuentes-1536x453.png 1536w, https:\/\/procomexpachuca.com\/wp-content\/uploads\/2024\/12\/Preguntas-frecuentes-2048x603.png 2048w, https:\/\/procomexpachuca.com\/wp-content\/uploads\/2024\/12\/Preguntas-frecuentes-150x44.png 150w, https:\/\/procomexpachuca.com\/wp-content\/uploads\/2024\/12\/Preguntas-frecuentes-480x141.png 480w\" sizes=\"(max-width:767px) 480px, (max-width:4500px) 100vw, 4500px\" \/>\t\t\t\t\t\t\t\t\t\t\t\t\t\t\t<\/div>\n\t\t\t\t<\/div>\n\t\t\t\t<\/div>\n\t\t<div class=\"elementor-element elementor-element-f997925 e-flex e-con-boxed e-con e-parent\" data-id=\"f997925\" data-element_type=\"container\" data-e-type=\"container\">\n\t\t\t\t\t<div class=\"e-con-inner\">\n\t\t\t\t<div class=\"elementor-element elementor-element-d8f8ef4 elementor-widget elementor-widget-sp_easy_accordion_pro_shortcode\" data-id=\"d8f8ef4\" data-element_type=\"widget\" data-e-type=\"widget\" data-widget_type=\"sp_easy_accordion_pro_shortcode.default\">\n\t\t\t\t<div class=\"elementor-widget-container\">\n\t\t\t\t\t<style>#sp-ea-605 .spcollapsing { height: 0; overflow: hidden; transition-property: height;transition-duration: 300ms;}#sp-ea-605.sp-easy-accordion>.sp-ea-single {margin-bottom: 10px; border: 1px solid #e2e2e2; }#sp-ea-605.sp-easy-accordion>.sp-ea-single>.ea-header a {color: #0e73ba;}#sp-ea-605.sp-easy-accordion>.sp-ea-single>.sp-collapse>.ea-body {background: #fff; color: #444;}#sp-ea-605.sp-easy-accordion>.sp-ea-single {background: #eee;}#sp-ea-605.sp-easy-accordion>.sp-ea-single>.ea-header a .ea-expand-icon { float: left; color: #444;font-size: 16px;}<\/style><div id=\"sp_easy_accordion-1734629078\"><div id=\"sp-ea-605\" class=\"sp-ea-one sp-easy-accordion\" data-ea-active=\"ea-click\" data-ea-mode=\"vertical\" data-preloader=\"\" data-scroll-active-item=\"\" data-offset-to-scroll=\"0\"><div class=\"ea-card ea-expand sp-ea-single\"><h3 class=\"ea-header\"><a class=\"collapsed\" id=\"ea-header-6050\" role=\"button\" data-sptoggle=\"spcollapse\" data-sptarget=\"#collapse6050\" aria-controls=\"collapse6050\" href=\"#\" aria-expanded=\"true\" tabindex=\"0\"><i aria-hidden=\"true\" role=\"presentation\" class=\"ea-expand-icon eap-icon-ea-expand-minus\"><\/i> \u00bfC\u00f3mo puedo facturar?<\/a><\/h3><div class=\"sp-collapse spcollapse collapsed show\" id=\"collapse6050\" data-parent=\"#sp-ea-605\" role=\"region\" aria-labelledby=\"ea-header-6050\"> <div class=\"ea-body\"><p>El \u201cUsuario\u201d deber\u00e1 solicitar factura al momento en que realice la compra en <a href=\"http:\/\/www.comex.com.mx\">www.comex.com.mx<\/a>. En caso contrario, la facturaci\u00f3n deber\u00e1 solicitarse directamente en la \u201cTienda Comex\u201d que suministre el pedido. Las facturas son emitidas directamente por el \u201cConcesionario\u201d que haya suministrado el pedido, por lo que ser\u00e1 responsabilidad \u00fanica y exclusiva del \u201cUsuario\u201d cerciorarse de cumplir con los requisitos para solicitar facturas establecidos por cada \u201cConcesionario\u201d.<\/p><\/div><\/div><\/div><div class=\"ea-card sp-ea-single\"><h3 class=\"ea-header\"><a class=\"collapsed\" id=\"ea-header-6051\" role=\"button\" data-sptoggle=\"spcollapse\" data-sptarget=\"#collapse6051\" aria-controls=\"collapse6051\" href=\"#\" aria-expanded=\"false\" tabindex=\"0\"><i aria-hidden=\"true\" role=\"presentation\" class=\"ea-expand-icon eap-icon-ea-expand-plus\"><\/i> \u00bfPuedo facturar en linea?<\/a><\/h3><div class=\"sp-collapse spcollapse \" id=\"collapse6051\" data-parent=\"#sp-ea-605\" role=\"region\" aria-labelledby=\"ea-header-6051\"> <div class=\"ea-body\"><p>No. Las facturas se realizan en tienda al momento de la compra.<\/p><\/div><\/div><\/div><div class=\"ea-card sp-ea-single\"><h3 class=\"ea-header\"><a class=\"collapsed\" id=\"ea-header-6052\" role=\"button\" data-sptoggle=\"spcollapse\" data-sptarget=\"#collapse6052\" aria-controls=\"collapse6052\" href=\"#\" aria-expanded=\"false\" tabindex=\"0\"><i aria-hidden=\"true\" role=\"presentation\" class=\"ea-expand-icon eap-icon-ea-expand-plus\"><\/i> \u00bfCual es el horario de atenci\u00f3n a clientes?<\/a><\/h3><div class=\"sp-collapse spcollapse \" id=\"collapse6052\" data-parent=\"#sp-ea-605\" role=\"region\" aria-labelledby=\"ea-header-6052\"> <div class=\"ea-body\"><p>El Centro de Atenci\u00f3n a Clientes est\u00e1 disponible a tu servicio de Lunes a Viernes en un horario de 8:00 a 18:00 horas.<\/p><\/div><\/div><\/div><div class=\"ea-card sp-ea-single\"><h3 class=\"ea-header\"><a class=\"collapsed\" id=\"ea-header-6053\" role=\"button\" data-sptoggle=\"spcollapse\" data-sptarget=\"#collapse6053\" aria-controls=\"collapse6053\" href=\"#\" aria-expanded=\"false\" tabindex=\"0\"><i aria-hidden=\"true\" role=\"presentation\" class=\"ea-expand-icon eap-icon-ea-expand-plus\"><\/i> \u00bfLos precios varian?<\/a><\/h3><div class=\"sp-collapse spcollapse \" id=\"collapse6053\" data-parent=\"#sp-ea-605\" role=\"region\" aria-labelledby=\"ea-header-6053\"> <div class=\"ea-body\"><p>Es probable que los precios tengan variaci\u00f3n por zona. Los precios en l\u00ednea son hom\u00f3logos a los precios mostrados en tienda.<\/p><\/div><\/div><\/div><div class=\"ea-card sp-ea-single\"><h3 class=\"ea-header\"><a class=\"collapsed\" id=\"ea-header-6054\" role=\"button\" data-sptoggle=\"spcollapse\" data-sptarget=\"#collapse6054\" aria-controls=\"collapse6054\" href=\"#\" aria-expanded=\"false\" tabindex=\"0\"><i aria-hidden=\"true\" role=\"presentation\" class=\"ea-expand-icon eap-icon-ea-expand-plus\"><\/i> \u00bfCu\u00e1les son los m\u00e9todos de pago aceptados?<\/a><\/h3><div class=\"sp-collapse spcollapse \" id=\"collapse6054\" data-parent=\"#sp-ea-605\" role=\"region\" aria-labelledby=\"ea-header-6054\"> <div class=\"ea-body\"><p>Por el momento, en l\u00ednea solo estamos aceptando pagos a trav\u00e9s de tarjetas bancarias de cr\u00e9dito y d\u00e9bito. En sucursal puedes pagar con efectivo, tarjetas bancarias de cr\u00e9dito y d\u00e9bito, tarjeta de vales.<\/p><\/div><\/div><\/div><\/div><\/div>\t\t\t\t<\/div>\n\t\t\t\t<\/div>\n\t\t\t\t\t<\/div>\n\t\t\t\t<\/div>\n\t\t<div class=\"elementor-element elementor-element-a202c04 e-flex e-con-boxed e-con e-parent\" data-id=\"a202c04\" data-element_type=\"container\" data-e-type=\"container\" data-settings=\"{&quot;background_background&quot;:&quot;classic&quot;}\">\n\t\t\t\t\t<div class=\"e-con-inner\">\n\t\t\t\t\t<\/div>\n\t\t\t\t<\/div>\n\t\t\t\t<\/div>\n\t\t","protected":false},"excerpt":{"rendered":"<p>\u00bfC\u00f3mo puedo facturar? El \u201cUsuario\u201d deber\u00e1 solicitar factura al momento en que realice la compra en www.comex.com.mx. En caso contrario, la facturaci\u00f3n deber\u00e1 solicitarse directamente en<span class=\"excerpt-hellip\"> [\u2026]<\/span><\/p>\n","protected":false},"author":1,"featured_media":0,"parent":0,"menu_order":0,"comment_status":"closed","ping_status":"closed","template":"","meta":{"_monsterinsights_skip_tracking":false,"_monsterinsights_sitenote_active":false,"_monsterinsights_sitenote_note":"","_monsterinsights_sitenote_category":0,"footnotes":""},"class_list":["post-602","page","type-page","status-publish","hentry"],"_links":{"self":[{"href":"https:\/\/procomexpachuca.com\/index.php?rest_route=\/wp\/v2\/pages\/602","targetHints":{"allow":["GET"]}}],"collection":[{"href":"https:\/\/procomexpachuca.com\/index.php?rest_route=\/wp\/v2\/pages"}],"about":[{"href":"https:\/\/procomexpachuca.com\/index.php?rest_route=\/wp\/v2\/types\/page"}],"author":[{"embeddable":true,"href":"https:\/\/procomexpachuca.com\/index.php?rest_route=\/wp\/v2\/users\/1"}],"replies":[{"embeddable":true,"href":"https:\/\/procomexpachuca.com\/index.php?rest_route=%2Fwp%2Fv2%2Fcomments&post=602"}],"version-history":[{"count":13,"href":"https:\/\/procomexpachuca.com\/index.php?rest_route=\/wp\/v2\/pages\/602\/revisions"}],"predecessor-version":[{"id":1659,"href":"https:\/\/procomexpachuca.com\/index.php?rest_route=\/wp\/v2\/pages\/602\/revisions\/1659"}],"wp:attachment":[{"href":"https:\/\/procomexpachuca.com\/index.php?rest_route=%2Fwp%2Fv2%2Fmedia&parent=602"}],"curies":[{"name":"wp","href":"https:\/\/api.w.org\/{rel}","templated":true}]}}