{"id":579,"date":"2024-12-18T22:01:37","date_gmt":"2024-12-18T22:01:37","guid":{"rendered":"https:\/\/procomexpachuca.com\/?page_id=579"},"modified":"2025-01-09T17:04:19","modified_gmt":"2025-01-09T17:04:19","slug":"club-comex-4","status":"publish","type":"page","link":"https:\/\/procomexpachuca.com\/?page_id=579","title":{"rendered":"CLUB COMEX"},"content":{"rendered":"\t\t<div data-elementor-type=\"wp-page\" data-elementor-id=\"579\" class=\"elementor elementor-579\" data-elementor-post-type=\"page\">\n\t\t\t\t<div class=\"elementor-element elementor-element-ec213e1 e-con-full e-flex e-con e-parent\" data-id=\"ec213e1\" data-element_type=\"container\" data-e-type=\"container\">\n\t\t\t\t<div class=\"elementor-element elementor-element-aa82e3f elementor-widget__width-inherit elementor-widget elementor-widget-image\" data-id=\"aa82e3f\" data-element_type=\"widget\" data-e-type=\"widget\" data-widget_type=\"image.default\">\n\t\t\t\t<div class=\"elementor-widget-container\">\n\t\t\t\t\t\t\t\t\t\t\t\t\t\t\t<img fetchpriority=\"high\" decoding=\"async\" width=\"4500\" height=\"1326\" src=\"https:\/\/procomexpachuca.com\/wp-content\/uploads\/2024\/12\/Bienvenido-Club-Comex-Procomex.png\" class=\"attachment-full size-full wp-image-599\" alt=\"\" srcset=\"https:\/\/procomexpachuca.com\/wp-content\/uploads\/2024\/12\/Bienvenido-Club-Comex-Procomex.png 4500w, https:\/\/procomexpachuca.com\/wp-content\/uploads\/2024\/12\/Bienvenido-Club-Comex-Procomex-300x88.png 300w, https:\/\/procomexpachuca.com\/wp-content\/uploads\/2024\/12\/Bienvenido-Club-Comex-Procomex-1024x302.png 1024w, https:\/\/procomexpachuca.com\/wp-content\/uploads\/2024\/12\/Bienvenido-Club-Comex-Procomex-768x226.png 768w, https:\/\/procomexpachuca.com\/wp-content\/uploads\/2024\/12\/Bienvenido-Club-Comex-Procomex-1536x453.png 1536w, https:\/\/procomexpachuca.com\/wp-content\/uploads\/2024\/12\/Bienvenido-Club-Comex-Procomex-2048x603.png 2048w, https:\/\/procomexpachuca.com\/wp-content\/uploads\/2024\/12\/Bienvenido-Club-Comex-Procomex-150x44.png 150w, https:\/\/procomexpachuca.com\/wp-content\/uploads\/2024\/12\/Bienvenido-Club-Comex-Procomex-480x141.png 480w\" sizes=\"(max-width:767px) 480px, (max-width:4500px) 100vw, 4500px\" \/>\t\t\t\t\t\t\t\t\t\t\t\t\t\t\t<\/div>\n\t\t\t\t<\/div>\n\t\t\t\t<\/div>\n\t\t<div class=\"elementor-element elementor-element-40b331e e-flex e-con-boxed e-con e-parent\" data-id=\"40b331e\" data-element_type=\"container\" data-e-type=\"container\" data-settings=\"{&quot;background_background&quot;:&quot;classic&quot;}\">\n\t\t\t\t\t<div class=\"e-con-inner\">\n\t\t\t\t<div class=\"elementor-element elementor-element-970ff3c elementor-align-center elementor-widget elementor-widget-button\" data-id=\"970ff3c\" data-element_type=\"widget\" data-e-type=\"widget\" data-widget_type=\"button.default\">\n\t\t\t\t<div class=\"elementor-widget-container\">\n\t\t\t\t\t\t\t\t\t<div class=\"elementor-button-wrapper\">\n\t\t\t\t\t<a class=\"elementor-button elementor-button-link elementor-size-sm\" href=\"https:\/\/www.clubcomex.com\/Segurity\/LogIn\">\n\t\t\t\t\t\t<span class=\"elementor-button-content-wrapper\">\n\t\t\t\t\t\t\t\t\t<span class=\"elementor-button-text\">Click si ya eres miembo del Club Comex<\/span>\n\t\t\t\t\t<\/span>\n\t\t\t\t\t<\/a>\n\t\t\t\t<\/div>\n\t\t\t\t\t\t\t\t<\/div>\n\t\t\t\t<\/div>\n\t\t\t\t\t<\/div>\n\t\t\t\t<\/div>\n\t\t<div class=\"elementor-element elementor-element-6286670 e-flex e-con-boxed e-con e-parent\" data-id=\"6286670\" data-element_type=\"container\" data-e-type=\"container\">\n\t\t\t\t\t<div class=\"e-con-inner\">\n\t\t<div class=\"elementor-element elementor-element-2b39bdc e-con-full e-flex e-con e-child\" data-id=\"2b39bdc\" data-element_type=\"container\" data-e-type=\"container\">\n\t\t\t\t<div class=\"elementor-element elementor-element-deeaf9f elementor-widget elementor-widget-image\" data-id=\"deeaf9f\" data-element_type=\"widget\" data-e-type=\"widget\" data-widget_type=\"image.default\">\n\t\t\t\t<div class=\"elementor-widget-container\">\n\t\t\t\t\t\t\t\t\t\t\t\t\t\t\t<img decoding=\"async\" width=\"341\" height=\"148\" src=\"https:\/\/procomexpachuca.com\/wp-content\/uploads\/2024\/12\/club-comex-pequeno.webp\" class=\"attachment-full size-full wp-image-1293\" alt=\"\" srcset=\"https:\/\/procomexpachuca.com\/wp-content\/uploads\/2024\/12\/club-comex-pequeno.webp 341w, https:\/\/procomexpachuca.com\/wp-content\/uploads\/2024\/12\/club-comex-pequeno-300x130.webp 300w, https:\/\/procomexpachuca.com\/wp-content\/uploads\/2024\/12\/club-comex-pequeno-150x65.webp 150w\" sizes=\"(max-width:767px) 341px, 341px\" \/>\t\t\t\t\t\t\t\t\t\t\t\t\t\t\t<\/div>\n\t\t\t\t<\/div>\n\t\t\t\t<\/div>\n\t\t<div class=\"elementor-element elementor-element-5901162 e-con-full e-flex e-con e-child\" data-id=\"5901162\" data-element_type=\"container\" data-e-type=\"container\">\n\t\t\t\t<div class=\"elementor-element elementor-element-807fa7e elementor-widget elementor-widget-text-editor\" data-id=\"807fa7e\" data-element_type=\"widget\" data-e-type=\"widget\" data-widget_type=\"text-editor.default\">\n\t\t\t\t<div class=\"elementor-widget-container\">\n\t\t\t\t\t\t\t\t\t<p>\u00bfQu\u00e9 es Club Comex?<\/p>\t\t\t\t\t\t\t\t<\/div>\n\t\t\t\t<\/div>\n\t\t\t\t<div class=\"elementor-element elementor-element-4a58da8 elementor-widget elementor-widget-text-editor\" data-id=\"4a58da8\" data-element_type=\"widget\" data-e-type=\"widget\" data-widget_type=\"text-editor.default\">\n\t\t\t\t<div class=\"elementor-widget-container\">\n\t\t\t\t\t\t\t\t\t<p>Club Comex es el programa de beneficios creado para recompensar la lealtad de nuestros clientes.<\/p>\t\t\t\t\t\t\t\t<\/div>\n\t\t\t\t<\/div>\n\t\t\t\t<\/div>\n\t\t\t\t\t<\/div>\n\t\t\t\t<\/div>\n\t\t<div class=\"elementor-element elementor-element-3c167cd e-flex e-con-boxed e-con e-parent\" data-id=\"3c167cd\" data-element_type=\"container\" data-e-type=\"container\">\n\t\t\t\t\t<div class=\"e-con-inner\">\n\t\t<div class=\"elementor-element elementor-element-2aba26b e-con-full e-flex e-con e-child\" data-id=\"2aba26b\" data-element_type=\"container\" data-e-type=\"container\">\n\t\t\t\t<div class=\"elementor-element elementor-element-eb0539c elementor-view-default elementor-widget elementor-widget-icon\" data-id=\"eb0539c\" data-element_type=\"widget\" data-e-type=\"widget\" data-widget_type=\"icon.default\">\n\t\t\t\t<div class=\"elementor-widget-container\">\n\t\t\t\t\t\t\t<div class=\"elementor-icon-wrapper\">\n\t\t\t<div class=\"elementor-icon\">\n\t\t\t<svg aria-hidden=\"true\" class=\"e-font-icon-svg e-fas-brush\" viewBox=\"0 0 384 512\" xmlns=\"http:\/\/www.w3.org\/2000\/svg\"><path d=\"M352 0H32C14.33 0 0 14.33 0 32v224h384V32c0-17.67-14.33-32-32-32zM0 320c0 35.35 28.66 64 64 64h64v64c0 35.35 28.66 64 64 64s64-28.65 64-64v-64h64c35.34 0 64-28.65 64-64v-32H0v32zm192 104c13.25 0 24 10.74 24 24 0 13.25-10.75 24-24 24s-24-10.75-24-24c0-13.26 10.75-24 24-24z\"><\/path><\/svg>\t\t\t<\/div>\n\t\t<\/div>\n\t\t\t\t\t\t<\/div>\n\t\t\t\t<\/div>\n\t\t\t\t<div class=\"elementor-element elementor-element-1e0e98e elementor-widget elementor-widget-text-editor\" data-id=\"1e0e98e\" data-element_type=\"widget\" data-e-type=\"widget\" data-widget_type=\"text-editor.default\">\n\t\t\t\t<div class=\"elementor-widget-container\">\n\t\t\t\t\t\t\t\t\t<p>Acumula brochazos en cada compra que realices en tu tienda Comex.<\/p>\t\t\t\t\t\t\t\t<\/div>\n\t\t\t\t<\/div>\n\t\t\t\t<\/div>\n\t\t<div class=\"elementor-element elementor-element-dbf1799 e-con-full e-flex e-con e-child\" data-id=\"dbf1799\" data-element_type=\"container\" data-e-type=\"container\">\n\t\t\t\t<div class=\"elementor-element elementor-element-4a6298d elementor-view-default elementor-widget elementor-widget-icon\" data-id=\"4a6298d\" data-element_type=\"widget\" data-e-type=\"widget\" data-widget_type=\"icon.default\">\n\t\t\t\t<div class=\"elementor-widget-container\">\n\t\t\t\t\t\t\t<div class=\"elementor-icon-wrapper\">\n\t\t\t<div class=\"elementor-icon\">\n\t\t\t<svg aria-hidden=\"true\" class=\"e-font-icon-svg e-fas-coins\" viewBox=\"0 0 512 512\" xmlns=\"http:\/\/www.w3.org\/2000\/svg\"><path d=\"M0 405.3V448c0 35.3 86 64 192 64s192-28.7 192-64v-42.7C342.7 434.4 267.2 448 192 448S41.3 434.4 0 405.3zM320 128c106 0 192-28.7 192-64S426 0 320 0 128 28.7 128 64s86 64 192 64zM0 300.4V352c0 35.3 86 64 192 64s192-28.7 192-64v-51.6c-41.3 34-116.9 51.6-192 51.6S41.3 334.4 0 300.4zm416 11c57.3-11.1 96-31.7 96-55.4v-42.7c-23.2 16.4-57.3 27.6-96 34.5v63.6zM192 160C86 160 0 195.8 0 240s86 80 192 80 192-35.8 192-80-86-80-192-80zm219.3 56.3c60-10.8 100.7-32 100.7-56.3v-42.7c-35.5 25.1-96.5 38.6-160.7 41.8 29.5 14.3 51.2 33.5 60 57.2z\"><\/path><\/svg>\t\t\t<\/div>\n\t\t<\/div>\n\t\t\t\t\t\t<\/div>\n\t\t\t\t<\/div>\n\t\t\t\t<div class=\"elementor-element elementor-element-ad2af33 elementor-widget elementor-widget-text-editor\" data-id=\"ad2af33\" data-element_type=\"widget\" data-e-type=\"widget\" data-widget_type=\"text-editor.default\">\n\t\t\t\t<div class=\"elementor-widget-container\">\n\t\t\t\t\t\t\t\t\t<p>Canjea tus brochazos por productos en tienda Comex o por premios de nuestro cat\u00e1logo.<\/p>\t\t\t\t\t\t\t\t<\/div>\n\t\t\t\t<\/div>\n\t\t\t\t<\/div>\n\t\t<div class=\"elementor-element elementor-element-0a7b47f e-con-full e-flex e-con e-child\" data-id=\"0a7b47f\" data-element_type=\"container\" data-e-type=\"container\">\n\t\t\t\t<div class=\"elementor-element elementor-element-bce26af elementor-view-default elementor-widget elementor-widget-icon\" data-id=\"bce26af\" data-element_type=\"widget\" data-e-type=\"widget\" data-widget_type=\"icon.default\">\n\t\t\t\t<div class=\"elementor-widget-container\">\n\t\t\t\t\t\t\t<div class=\"elementor-icon-wrapper\">\n\t\t\t<div class=\"elementor-icon\">\n\t\t\t<svg aria-hidden=\"true\" class=\"e-font-icon-svg e-fas-gifts\" viewBox=\"0 0 640 512\" xmlns=\"http:\/\/www.w3.org\/2000\/svg\"><path d=\"M240.6 194.1c1.9-30.8 17.3-61.2 44-79.8C279.4 103.5 268.7 96 256 96h-29.4l30.7-22c7.2-5.1 8.9-15.1 3.7-22.3l-9.3-13c-5.1-7.2-15.1-8.9-22.3-3.7l-32 22.9 11.5-30.6c3.1-8.3-1.1-17.5-9.4-20.6l-15-5.6c-8.3-3.1-17.5 1.1-20.6 9.4l-19.9 53-19.9-53.1C121 2.1 111.8-2.1 103.5 1l-15 5.6C80.2 9.7 76 19 79.2 27.2l11.5 30.6L58.6 35c-7.2-5.1-17.2-3.5-22.3 3.7l-9.3 13c-5.1 7.2-3.5 17.2 3.7 22.3l30.7 22H32c-17.7 0-32 14.3-32 32v352c0 17.7 14.3 32 32 32h168.9c-5.5-9.5-8.9-20.3-8.9-32V256c0-29.9 20.8-55 48.6-61.9zM224 480c0 17.7 14.3 32 32 32h160V384H224v96zm224 32h160c17.7 0 32-14.3 32-32v-96H448v128zm160-288h-20.4c2.6-7.6 4.4-15.5 4.4-23.8 0-35.5-27-72.2-72.1-72.2-48.1 0-75.9 47.7-87.9 75.3-12.1-27.6-39.9-75.3-87.9-75.3-45.1 0-72.1 36.7-72.1 72.2 0 8.3 1.7 16.2 4.4 23.8H256c-17.7 0-32 14.3-32 32v96h192V224h15.3l.7-.2.7.2H448v128h192v-96c0-17.7-14.3-32-32-32zm-272 0c-2.7-1.4-5.1-3-7.2-4.8-7.3-6.4-8.8-13.8-8.8-19 0-9.7 6.4-24.2 24.1-24.2 18.7 0 35.6 27.4 44.5 48H336zm199.2-4.8c-2.1 1.8-4.5 3.4-7.2 4.8h-52.6c8.8-20.3 25.8-48 44.5-48 17.7 0 24.1 14.5 24.1 24.2 0 5.2-1.5 12.6-8.8 19z\"><\/path><\/svg>\t\t\t<\/div>\n\t\t<\/div>\n\t\t\t\t\t\t<\/div>\n\t\t\t\t<\/div>\n\t\t\t\t<div class=\"elementor-element elementor-element-82b9fe6 elementor-widget elementor-widget-text-editor\" data-id=\"82b9fe6\" data-element_type=\"widget\" data-e-type=\"widget\" data-widget_type=\"text-editor.default\">\n\t\t\t\t<div class=\"elementor-widget-container\">\n\t\t\t\t\t\t\t\t\t<p>Recibe regalos como boletos a partidos, o bonificaciones sorpresa.<\/p>\t\t\t\t\t\t\t\t<\/div>\n\t\t\t\t<\/div>\n\t\t\t\t<\/div>\n\t\t<div class=\"elementor-element elementor-element-e6a75c6 e-con-full e-flex e-con e-child\" data-id=\"e6a75c6\" data-element_type=\"container\" data-e-type=\"container\">\n\t\t\t\t<div class=\"elementor-element elementor-element-090e334 elementor-view-default elementor-widget elementor-widget-icon\" data-id=\"090e334\" data-element_type=\"widget\" data-e-type=\"widget\" data-widget_type=\"icon.default\">\n\t\t\t\t<div class=\"elementor-widget-container\">\n\t\t\t\t\t\t\t<div class=\"elementor-icon-wrapper\">\n\t\t\t<div class=\"elementor-icon\">\n\t\t\t<svg aria-hidden=\"true\" class=\"e-font-icon-svg e-far-gem\" viewBox=\"0 0 576 512\" xmlns=\"http:\/\/www.w3.org\/2000\/svg\"><path d=\"M464 0H112c-4 0-7.8 2-10 5.4L2 152.6c-2.9 4.4-2.6 10.2.7 14.2l276 340.8c4.8 5.9 13.8 5.9 18.6 0l276-340.8c3.3-4.1 3.6-9.8.7-14.2L474.1 5.4C471.8 2 468.1 0 464 0zm-19.3 48l63.3 96h-68.4l-51.7-96h56.8zm-202.1 0h90.7l51.7 96H191l51.6-96zm-111.3 0h56.8l-51.7 96H68l63.3-96zm-43 144h51.4L208 352 88.3 192zm102.9 0h193.6L288 435.3 191.2 192zM368 352l68.2-160h51.4L368 352z\"><\/path><\/svg>\t\t\t<\/div>\n\t\t<\/div>\n\t\t\t\t\t\t<\/div>\n\t\t\t\t<\/div>\n\t\t\t\t<div class=\"elementor-element elementor-element-b8165ec elementor-widget elementor-widget-text-editor\" data-id=\"b8165ec\" data-element_type=\"widget\" data-e-type=\"widget\" data-widget_type=\"text-editor.default\">\n\t\t\t\t<div class=\"elementor-widget-container\">\n\t\t\t\t\t\t\t\t\t<p>Obt\u00e9n promociones y ventas especiales para miembros.<\/p>\t\t\t\t\t\t\t\t<\/div>\n\t\t\t\t<\/div>\n\t\t\t\t<\/div>\n\t\t<div class=\"elementor-element elementor-element-0a9bc92 e-con-full e-flex e-con e-child\" data-id=\"0a9bc92\" data-element_type=\"container\" data-e-type=\"container\">\n\t\t\t\t<div class=\"elementor-element elementor-element-5fa69a6 elementor-view-default elementor-widget elementor-widget-icon\" data-id=\"5fa69a6\" data-element_type=\"widget\" data-e-type=\"widget\" data-widget_type=\"icon.default\">\n\t\t\t\t<div class=\"elementor-widget-container\">\n\t\t\t\t\t\t\t<div class=\"elementor-icon-wrapper\">\n\t\t\t<div class=\"elementor-icon\">\n\t\t\t<svg aria-hidden=\"true\" class=\"e-font-icon-svg e-fas-door-open\" viewBox=\"0 0 640 512\" xmlns=\"http:\/\/www.w3.org\/2000\/svg\"><path d=\"M624 448h-80V113.45C544 86.19 522.47 64 496 64H384v64h96v384h144c8.84 0 16-7.16 16-16v-32c0-8.84-7.16-16-16-16zM312.24 1.01l-192 49.74C105.99 54.44 96 67.7 96 82.92V448H16c-8.84 0-16 7.16-16 16v32c0 8.84 7.16 16 16 16h336V33.18c0-21.58-19.56-37.41-39.76-32.17zM264 288c-13.25 0-24-14.33-24-32s10.75-32 24-32 24 14.33 24 32-10.75 32-24 32z\"><\/path><\/svg>\t\t\t<\/div>\n\t\t<\/div>\n\t\t\t\t\t\t<\/div>\n\t\t\t\t<\/div>\n\t\t\t\t<div class=\"elementor-element elementor-element-1277c18 elementor-widget elementor-widget-text-editor\" data-id=\"1277c18\" data-element_type=\"widget\" data-e-type=\"widget\" data-widget_type=\"text-editor.default\">\n\t\t\t\t<div class=\"elementor-widget-container\">\n\t\t\t\t\t\t\t\t\t<p>Accede al sitio Experto a tu puerta y contrata servicios de expertos avalados por Comex.<\/p>\t\t\t\t\t\t\t\t<\/div>\n\t\t\t\t<\/div>\n\t\t\t\t<\/div>\n\t\t\t\t\t<\/div>\n\t\t\t\t<\/div>\n\t\t<div class=\"elementor-element elementor-element-fced0d8 e-flex e-con-boxed e-con e-parent\" data-id=\"fced0d8\" data-element_type=\"container\" data-e-type=\"container\">\n\t\t\t\t\t<div class=\"e-con-inner\">\n\t\t\t\t<div class=\"elementor-element elementor-element-7bf8169 elementor-widget-divider--view-line elementor-widget elementor-widget-divider\" data-id=\"7bf8169\" data-element_type=\"widget\" data-e-type=\"widget\" data-widget_type=\"divider.default\">\n\t\t\t\t<div class=\"elementor-widget-container\">\n\t\t\t\t\t\t\t<div class=\"elementor-divider\">\n\t\t\t<span class=\"elementor-divider-separator\">\n\t\t\t\t\t\t<\/span>\n\t\t<\/div>\n\t\t\t\t\t\t<\/div>\n\t\t\t\t<\/div>\n\t\t\t\t\t<\/div>\n\t\t\t\t<\/div>\n\t\t<div class=\"elementor-element elementor-element-1bf5bc6 e-flex e-con-boxed e-con e-parent\" data-id=\"1bf5bc6\" data-element_type=\"container\" data-e-type=\"container\">\n\t\t\t\t\t<div class=\"e-con-inner\">\n\t\t\t\t<div class=\"elementor-element elementor-element-92faeb5 elementor-widget elementor-widget-text-editor\" data-id=\"92faeb5\" data-element_type=\"widget\" data-e-type=\"widget\" data-widget_type=\"text-editor.default\">\n\t\t\t\t<div class=\"elementor-widget-container\">\n\t\t\t\t\t\t\t\t\t<p>Seguros con Comex y Mapfre<\/p>\t\t\t\t\t\t\t\t<\/div>\n\t\t\t\t<\/div>\n\t\t\t\t<div class=\"elementor-element elementor-element-4eb3da5 elementor-widget elementor-widget-text-editor\" data-id=\"4eb3da5\" data-element_type=\"widget\" data-e-type=\"widget\" data-widget_type=\"text-editor.default\">\n\t\t\t\t<div class=\"elementor-widget-container\">\n\t\t\t\t\t\t\t\t\t<p>En Comex buscamos proteger lo que m\u00e1s te importa, por ello, ponemos a tu disposici\u00f3n un programa de seguros pensando en ti y tu familia brindando protecci\u00f3n ante alg\u00fan suceso inesperado.<\/p>\t\t\t\t\t\t\t\t<\/div>\n\t\t\t\t<\/div>\n\t\t\t\t\t<\/div>\n\t\t\t\t<\/div>\n\t\t<div class=\"elementor-element elementor-element-97442ee e-grid e-con-boxed e-con e-parent\" data-id=\"97442ee\" data-element_type=\"container\" data-e-type=\"container\">\n\t\t\t\t\t<div class=\"e-con-inner\">\n\t\t\t\t<div class=\"elementor-element elementor-element-3540435 elementor-widget elementor-widget-image\" data-id=\"3540435\" data-element_type=\"widget\" data-e-type=\"widget\" data-widget_type=\"image.default\">\n\t\t\t\t<div class=\"elementor-widget-container\">\n\t\t\t\t\t\t\t\t\t\t\t\t\t\t\t<img decoding=\"async\" width=\"900\" height=\"900\" src=\"https:\/\/procomexpachuca.com\/wp-content\/uploads\/2024\/12\/Diseno-sin-titulo-36.png\" class=\"attachment-large size-large wp-image-613\" alt=\"\" srcset=\"https:\/\/procomexpachuca.com\/wp-content\/uploads\/2024\/12\/Diseno-sin-titulo-36.png 900w, https:\/\/procomexpachuca.com\/wp-content\/uploads\/2024\/12\/Diseno-sin-titulo-36-300x300.png 300w, https:\/\/procomexpachuca.com\/wp-content\/uploads\/2024\/12\/Diseno-sin-titulo-36-150x150.png 150w, https:\/\/procomexpachuca.com\/wp-content\/uploads\/2024\/12\/Diseno-sin-titulo-36-768x768.png 768w, https:\/\/procomexpachuca.com\/wp-content\/uploads\/2024\/12\/Diseno-sin-titulo-36-75x75.png 75w, https:\/\/procomexpachuca.com\/wp-content\/uploads\/2024\/12\/Diseno-sin-titulo-36-480x480.png 480w\" sizes=\"(max-width:767px) 480px, (max-width:900px) 100vw, 900px\" \/>\t\t\t\t\t\t\t\t\t\t\t\t\t\t\t<\/div>\n\t\t\t\t<\/div>\n\t\t\t\t<div class=\"elementor-element elementor-element-7d58671 elementor-widget elementor-widget-image\" data-id=\"7d58671\" data-element_type=\"widget\" data-e-type=\"widget\" data-widget_type=\"image.default\">\n\t\t\t\t<div class=\"elementor-widget-container\">\n\t\t\t\t\t\t\t\t\t\t\t\t\t\t\t<img loading=\"lazy\" decoding=\"async\" width=\"900\" height=\"900\" src=\"https:\/\/procomexpachuca.com\/wp-content\/uploads\/2024\/12\/Diseno-sin-titulo-38.png\" class=\"attachment-large size-large wp-image-624\" alt=\"\" srcset=\"https:\/\/procomexpachuca.com\/wp-content\/uploads\/2024\/12\/Diseno-sin-titulo-38.png 900w, https:\/\/procomexpachuca.com\/wp-content\/uploads\/2024\/12\/Diseno-sin-titulo-38-300x300.png 300w, https:\/\/procomexpachuca.com\/wp-content\/uploads\/2024\/12\/Diseno-sin-titulo-38-150x150.png 150w, https:\/\/procomexpachuca.com\/wp-content\/uploads\/2024\/12\/Diseno-sin-titulo-38-768x768.png 768w, https:\/\/procomexpachuca.com\/wp-content\/uploads\/2024\/12\/Diseno-sin-titulo-38-75x75.png 75w, https:\/\/procomexpachuca.com\/wp-content\/uploads\/2024\/12\/Diseno-sin-titulo-38-480x480.png 480w\" sizes=\"(max-width:767px) 480px, (max-width:900px) 100vw, 900px\" \/>\t\t\t\t\t\t\t\t\t\t\t\t\t\t\t<\/div>\n\t\t\t\t<\/div>\n\t\t\t\t<div class=\"elementor-element elementor-element-1016b82 elementor-widget elementor-widget-text-editor\" data-id=\"1016b82\" data-element_type=\"widget\" data-e-type=\"widget\" data-widget_type=\"text-editor.default\">\n\t\t\t\t<div class=\"elementor-widget-container\">\n\t\t\t\t\t\t\t\t\t<p>Prot\u00e9gete con 5, 15 o hasta 30 p\u00f3lizas seg\u00fan tu nivel en Club Comex\u00ae.<\/p>\t\t\t\t\t\t\t\t<\/div>\n\t\t\t\t<\/div>\n\t\t\t\t\t<\/div>\n\t\t\t\t<\/div>\n\t\t<div class=\"elementor-element elementor-element-711ff67 e-flex e-con-boxed e-con e-parent\" data-id=\"711ff67\" data-element_type=\"container\" data-e-type=\"container\">\n\t\t\t\t\t<div class=\"e-con-inner\">\n\t\t\t\t<div class=\"elementor-element elementor-element-6a7613c elementor-widget-divider--view-line elementor-widget elementor-widget-divider\" data-id=\"6a7613c\" data-element_type=\"widget\" data-e-type=\"widget\" data-widget_type=\"divider.default\">\n\t\t\t\t<div class=\"elementor-widget-container\">\n\t\t\t\t\t\t\t<div class=\"elementor-divider\">\n\t\t\t<span class=\"elementor-divider-separator\">\n\t\t\t\t\t\t<\/span>\n\t\t<\/div>\n\t\t\t\t\t\t<\/div>\n\t\t\t\t<\/div>\n\t\t\t\t\t<\/div>\n\t\t\t\t<\/div>\n\t\t<div class=\"elementor-element elementor-element-c527d7c e-flex e-con-boxed e-con e-parent\" data-id=\"c527d7c\" data-element_type=\"container\" data-e-type=\"container\">\n\t\t\t\t\t<div class=\"e-con-inner\">\n\t\t\t\t<div class=\"elementor-element elementor-element-adc88e4 elementor-widget elementor-widget-text-editor\" data-id=\"adc88e4\" data-element_type=\"widget\" data-e-type=\"widget\" data-widget_type=\"text-editor.default\">\n\t\t\t\t<div class=\"elementor-widget-container\">\n\t\t\t\t\t\t\t\t\t<p>Queremos escucharte<\/p>\t\t\t\t\t\t\t\t<\/div>\n\t\t\t\t<\/div>\n\t\t\t\t<div class=\"elementor-element elementor-element-115782f elementor-widget elementor-widget-text-editor\" data-id=\"115782f\" data-element_type=\"widget\" data-e-type=\"widget\" data-widget_type=\"text-editor.default\">\n\t\t\t\t<div class=\"elementor-widget-container\">\n\t\t\t\t\t\t\t\t\t<p>Para solucionar tus dudas sobre Club Comex llama al<\/p>\t\t\t\t\t\t\t\t<\/div>\n\t\t\t\t<\/div>\n\t\t\t\t<div class=\"elementor-element elementor-element-b4884e6 elementor-widget elementor-widget-text-editor\" data-id=\"b4884e6\" data-element_type=\"widget\" data-e-type=\"widget\" data-widget_type=\"text-editor.default\">\n\t\t\t\t<div class=\"elementor-widget-container\">\n\t\t\t\t\t\t\t\t\t<p><strong>800-400-2069<\/strong><\/p>\t\t\t\t\t\t\t\t<\/div>\n\t\t\t\t<\/div>\n\t\t\t\t<div class=\"elementor-element elementor-element-f0e81c3 elementor-widget elementor-widget-text-editor\" data-id=\"f0e81c3\" data-element_type=\"widget\" data-e-type=\"widget\" data-widget_type=\"text-editor.default\">\n\t\t\t\t<div class=\"elementor-widget-container\">\n\t\t\t\t\t\t\t\t\t<p>Cada vez que compres productos Comex en tiendas participantes y presentes tu tarjeta Club Comex\u00ae acumulas Brochazos.<\/p>\t\t\t\t\t\t\t\t<\/div>\n\t\t\t\t<\/div>\n\t\t\t\t\t<\/div>\n\t\t\t\t<\/div>\n\t\t<div class=\"elementor-element elementor-element-2a61d63 e-flex e-con-boxed e-con e-parent\" data-id=\"2a61d63\" data-element_type=\"container\" data-e-type=\"container\" data-settings=\"{&quot;background_background&quot;:&quot;classic&quot;}\">\n\t\t\t\t\t<div class=\"e-con-inner\">\n\t\t\t\t\t<\/div>\n\t\t\t\t<\/div>\n\t\t\t\t<\/div>\n\t\t","protected":false},"excerpt":{"rendered":"<p>Click si ya eres miembo del Club Comex \u00bfQu\u00e9 es Club Comex? Club Comex es el programa de beneficios creado para recompensar la lealtad de nuestros<span class=\"excerpt-hellip\"> [\u2026]<\/span><\/p>\n","protected":false},"author":1,"featured_media":0,"parent":0,"menu_order":0,"comment_status":"closed","ping_status":"closed","template":"","meta":{"_monsterinsights_skip_tracking":false,"_monsterinsights_sitenote_active":false,"_monsterinsights_sitenote_note":"","_monsterinsights_sitenote_category":0,"footnotes":""},"class_list":["post-579","page","type-page","status-publish","hentry"],"_links":{"self":[{"href":"https:\/\/procomexpachuca.com\/index.php?rest_route=\/wp\/v2\/pages\/579","targetHints":{"allow":["GET"]}}],"collection":[{"href":"https:\/\/procomexpachuca.com\/index.php?rest_route=\/wp\/v2\/pages"}],"about":[{"href":"https:\/\/procomexpachuca.com\/index.php?rest_route=\/wp\/v2\/types\/page"}],"author":[{"embeddable":true,"href":"https:\/\/procomexpachuca.com\/index.php?rest_route=\/wp\/v2\/users\/1"}],"replies":[{"embeddable":true,"href":"https:\/\/procomexpachuca.com\/index.php?rest_route=%2Fwp%2Fv2%2Fcomments&post=579"}],"version-history":[{"count":47,"href":"https:\/\/procomexpachuca.com\/index.php?rest_route=\/wp\/v2\/pages\/579\/revisions"}],"predecessor-version":[{"id":1855,"href":"https:\/\/procomexpachuca.com\/index.php?rest_route=\/wp\/v2\/pages\/579\/revisions\/1855"}],"wp:attachment":[{"href":"https:\/\/procomexpachuca.com\/index.php?rest_route=%2Fwp%2Fv2%2Fmedia&parent=579"}],"curies":[{"name":"wp","href":"https:\/\/api.w.org\/{rel}","templated":true}]}}