{"id":1387,"date":"2025-01-06T21:17:23","date_gmt":"2025-01-06T21:17:23","guid":{"rendered":"https:\/\/procomexpachuca.com\/?page_id=1387"},"modified":"2025-05-06T15:13:51","modified_gmt":"2025-05-06T15:13:51","slug":"blog-que-es-vinimex-total-antibacterial","status":"publish","type":"page","link":"https:\/\/procomexpachuca.com\/?page_id=1387","title":{"rendered":"BLOG \u00bfQU\u00c9 ES VINIMEX TOTAL ANTIBACTERIAL?"},"content":{"rendered":"\t\t<div data-elementor-type=\"wp-page\" data-elementor-id=\"1387\" class=\"elementor elementor-1387\" data-elementor-post-type=\"page\">\n\t\t\t\t<div class=\"elementor-element elementor-element-d9911d7 e-flex e-con-boxed e-con e-parent\" data-id=\"d9911d7\" data-element_type=\"container\" data-e-type=\"container\" data-settings=\"{&quot;background_background&quot;:&quot;classic&quot;}\">\n\t\t\t\t\t<div class=\"e-con-inner\">\n\t\t\t\t<div class=\"elementor-element elementor-element-138c672 elementor-widget elementor-widget-text-editor\" data-id=\"138c672\" data-element_type=\"widget\" data-e-type=\"widget\" data-widget_type=\"text-editor.default\">\n\t\t\t\t<div class=\"elementor-widget-container\">\n\t\t\t\t\t\t\t\t\t<p>Vinimex Total Antiviral<\/p>\t\t\t\t\t\t\t\t<\/div>\n\t\t\t\t<\/div>\n\t\t\t\t\t<\/div>\n\t\t\t\t<\/div>\n\t\t<div class=\"elementor-element elementor-element-922f807 e-flex e-con-boxed e-con e-parent\" data-id=\"922f807\" data-element_type=\"container\" data-e-type=\"container\">\n\t\t\t\t\t<div class=\"e-con-inner\">\n\t\t\t\t<div class=\"elementor-element elementor-element-6e02703 elementor-widget elementor-widget-image\" data-id=\"6e02703\" data-element_type=\"widget\" data-e-type=\"widget\" data-widget_type=\"image.default\">\n\t\t\t\t<div class=\"elementor-widget-container\">\n\t\t\t\t\t\t\t\t\t\t\t\t\t\t\t<img fetchpriority=\"high\" decoding=\"async\" width=\"1024\" height=\"734\" src=\"https:\/\/procomexpachuca.com\/wp-content\/uploads\/2024\/12\/456-e1631558059716-1024x734.webp\" class=\"attachment-large size-large wp-image-1017\" alt=\"\" srcset=\"https:\/\/procomexpachuca.com\/wp-content\/uploads\/2024\/12\/456-e1631558059716-1024x734.webp 1024w, https:\/\/procomexpachuca.com\/wp-content\/uploads\/2024\/12\/456-e1631558059716-300x215.webp 300w, https:\/\/procomexpachuca.com\/wp-content\/uploads\/2024\/12\/456-e1631558059716-768x550.webp 768w, https:\/\/procomexpachuca.com\/wp-content\/uploads\/2024\/12\/456-e1631558059716-105x75.webp 105w, https:\/\/procomexpachuca.com\/wp-content\/uploads\/2024\/12\/456-e1631558059716-480x344.webp 480w, https:\/\/procomexpachuca.com\/wp-content\/uploads\/2024\/12\/456-e1631558059716.webp 1080w\" sizes=\"(max-width:767px) 480px, (max-width:1024px) 100vw, 1024px\" \/>\t\t\t\t\t\t\t\t\t\t\t\t\t\t\t<\/div>\n\t\t\t\t<\/div>\n\t\t\t\t\t<\/div>\n\t\t\t\t<\/div>\n\t\t<div class=\"elementor-element elementor-element-d895590 e-flex e-con-boxed e-con e-parent\" data-id=\"d895590\" data-element_type=\"container\" data-e-type=\"container\">\n\t\t\t\t\t<div class=\"e-con-inner\">\n\t\t\t\t<div class=\"elementor-element elementor-element-9b6339a elementor-widget elementor-widget-text-editor\" data-id=\"9b6339a\" data-element_type=\"widget\" data-e-type=\"widget\" data-widget_type=\"text-editor.default\">\n\t\t\t\t<div class=\"elementor-widget-container\">\n\t\t\t\t\t\t\t\t\t<p>\u00bfSab\u00edas que COMEX no s\u00f3lo protege y hace ver bien a tu entorno sino que tambi\u00e9n cuida de ti?<\/p><p>As\u00ed es, COMEX tiene una amplia gama de productos que est\u00e1n pensados para cuidar la salud de quienes habitan esos entornos o quienes pasan mucho tiempo en ellos ya que cuenta con productos como pintura que tienen la cualidad de ser antibacterianos.<\/p>\t\t\t\t\t\t\t\t<\/div>\n\t\t\t\t<\/div>\n\t\t\t\t\t<\/div>\n\t\t\t\t<\/div>\n\t\t<div class=\"elementor-element elementor-element-251314c e-flex e-con-boxed e-con e-parent\" data-id=\"251314c\" data-element_type=\"container\" data-e-type=\"container\">\n\t\t\t\t\t<div class=\"e-con-inner\">\n\t\t\t\t<div class=\"elementor-element elementor-element-2f4821b elementor-widget elementor-widget-image\" data-id=\"2f4821b\" data-element_type=\"widget\" data-e-type=\"widget\" data-widget_type=\"image.default\">\n\t\t\t\t<div class=\"elementor-widget-container\">\n\t\t\t\t\t\t\t\t\t\t\t\t\t\t\t<img decoding=\"async\" width=\"769\" height=\"461\" src=\"https:\/\/procomexpachuca.com\/wp-content\/uploads\/2025\/01\/a1.gif\" class=\"attachment-large size-large wp-image-1585\" alt=\"\" \/>\t\t\t\t\t\t\t\t\t\t\t\t\t\t\t<\/div>\n\t\t\t\t<\/div>\n\t\t\t\t\t<\/div>\n\t\t\t\t<\/div>\n\t\t<div class=\"elementor-element elementor-element-14fb690 e-flex e-con-boxed e-con e-parent\" data-id=\"14fb690\" data-element_type=\"container\" data-e-type=\"container\">\n\t\t\t\t\t<div class=\"e-con-inner\">\n\t\t\t\t<div class=\"elementor-element elementor-element-5253a2b elementor-widget elementor-widget-text-editor\" data-id=\"5253a2b\" data-element_type=\"widget\" data-e-type=\"widget\" data-widget_type=\"text-editor.default\">\n\t\t\t\t<div class=\"elementor-widget-container\">\n\t\t\t\t\t\t\t\t\t<p>Sin embargo, sabemos que las bacterias no son los \u00fanicos causantes de enfermedades ya que tambi\u00e9n existen diversos virus que pueden da\u00f1ar la salud de nuestros seres queridos. Por \u00e9sto, COMEX ha introducido al mercado una nueva gama de pintura que es ANTIVIRAL.<\/p><p>Utiliza VINIMEX TOTAL ANTIVIRAL para proteger a quienes m\u00e1s quieres ya que se ha demostrado que reduce la presencia de bacterias y virus en superficies hasta un 99.9%.<\/p>\t\t\t\t\t\t\t\t<\/div>\n\t\t\t\t<\/div>\n\t\t\t\t\t<\/div>\n\t\t\t\t<\/div>\n\t\t<div class=\"elementor-element elementor-element-0ac1acd e-flex e-con-boxed e-con e-parent\" data-id=\"0ac1acd\" data-element_type=\"container\" data-e-type=\"container\">\n\t\t\t\t\t<div class=\"e-con-inner\">\n\t\t\t\t<div class=\"elementor-element elementor-element-7d0814d elementor-widget elementor-widget-video\" data-id=\"7d0814d\" data-element_type=\"widget\" data-e-type=\"widget\" data-settings=\"{&quot;youtube_url&quot;:&quot;https:\\\/\\\/www.youtube.com\\\/watch?v=iNyrZHrkZ7w&quot;,&quot;video_type&quot;:&quot;youtube&quot;,&quot;controls&quot;:&quot;yes&quot;}\" data-widget_type=\"video.default\">\n\t\t\t\t<div class=\"elementor-widget-container\">\n\t\t\t\t\t\t\t<div class=\"elementor-wrapper elementor-open-inline\">\n\t\t\t<div class=\"elementor-video\"><\/div>\t\t<\/div>\n\t\t\t\t\t\t<\/div>\n\t\t\t\t<\/div>\n\t\t\t\t\t<\/div>\n\t\t\t\t<\/div>\n\t\t<div class=\"elementor-element elementor-element-64da993 e-flex e-con-boxed e-con e-parent\" data-id=\"64da993\" data-element_type=\"container\" data-e-type=\"container\">\n\t\t\t\t\t<div class=\"e-con-inner\">\n\t\t\t\t<div class=\"elementor-element elementor-element-ffe0563 elementor-widget elementor-widget-text-editor\" data-id=\"ffe0563\" data-element_type=\"widget\" data-e-type=\"widget\" data-widget_type=\"text-editor.default\">\n\t\t\t\t<div class=\"elementor-widget-container\">\n\t\t\t\t\t\t\t\t\t<p>\u00bfSab\u00edas que COMEX no s\u00f3lo protege y hace ver bien a tu entorno sino que tambi\u00e9n cuida de ti?<\/p><p>As\u00ed es, COMEX tiene una amplia gama de productos que est\u00e1n pensados para cuidar la salud de quienes habitan esos entornos o quienes pasan mucho tiempo en ellos ya que cuenta con productos como pintura que tienen la cualidad de ser antibacterianos.<\/p><p>Sin embargo, sabemos que las bacterias no son los \u00fanicos causantes de enfermedades ya que tambi\u00e9n existen diversos virus que pueden da\u00f1ar la salud de nuestros seres queridos. Por \u00e9sto, COMEX ha introducido al mercado una nueva gama de pintura que es ANTIVIRAL.<\/p><p>Utiliza VINIMEX TOTAL ANTIVIRAL para proteger a quienes m\u00e1s quieres ya que se ha demostrado que reduce la presencia de bacterias y virus en superficies hasta un 99.9%.<\/p><p>Esta nueva pintura se encuentra avalada por un laboratorio mexicano de alto reconocimiento en el \u00e1rea de control microbiol\u00f3gico que cuenta con la autorizaci\u00f3n de COFEPRIS para el manejo y detecci\u00f3n de SARS-CoV-2.<\/p><p>Vinimex Total Antiviral y Antibacterial es una pintura 100% acr\u00edlica premium de m\u00e1xima resistencia que conserva los colores a la intemperie por m\u00e1s tiempo, m\u00e1ximo poder cubriente, con bajo salpique, nivelaci\u00f3n y excelente rendimiento. Cuenta con m\u00e1s de 3,500 colores en acabado satinado y mate!<\/p><p>\u00a1Lo m\u00e1s incre\u00edble es que tan solo despu\u00e9s de dos horas de su aplicaci\u00f3n sobre cualquier superficie, su poder Antiviral y Antibacterial se activa, liberando su efectividad!<\/p>\t\t\t\t\t\t\t\t<\/div>\n\t\t\t\t<\/div>\n\t\t\t\t\t<\/div>\n\t\t\t\t<\/div>\n\t\t<div class=\"elementor-element elementor-element-58d3af8 e-flex e-con-boxed e-con e-parent\" data-id=\"58d3af8\" data-element_type=\"container\" data-e-type=\"container\" data-settings=\"{&quot;background_background&quot;:&quot;classic&quot;}\">\n\t\t\t\t\t<div class=\"e-con-inner\">\n\t\t\t\t\t<\/div>\n\t\t\t\t<\/div>\n\t\t\t\t<\/div>\n\t\t","protected":false},"excerpt":{"rendered":"<p>Vinimex Total Antiviral \u00bfSab\u00edas que COMEX no s\u00f3lo protege y hace ver bien a tu entorno sino que tambi\u00e9n cuida de ti? As\u00ed es, COMEX tiene<span class=\"excerpt-hellip\"> [\u2026]<\/span><\/p>\n","protected":false},"author":1,"featured_media":0,"parent":0,"menu_order":0,"comment_status":"closed","ping_status":"closed","template":"","meta":{"_monsterinsights_skip_tracking":false,"_monsterinsights_sitenote_active":false,"_monsterinsights_sitenote_note":"","_monsterinsights_sitenote_category":0,"footnotes":""},"class_list":["post-1387","page","type-page","status-publish","hentry"],"_links":{"self":[{"href":"https:\/\/procomexpachuca.com\/index.php?rest_route=\/wp\/v2\/pages\/1387","targetHints":{"allow":["GET"]}}],"collection":[{"href":"https:\/\/procomexpachuca.com\/index.php?rest_route=\/wp\/v2\/pages"}],"about":[{"href":"https:\/\/procomexpachuca.com\/index.php?rest_route=\/wp\/v2\/types\/page"}],"author":[{"embeddable":true,"href":"https:\/\/procomexpachuca.com\/index.php?rest_route=\/wp\/v2\/users\/1"}],"replies":[{"embeddable":true,"href":"https:\/\/procomexpachuca.com\/index.php?rest_route=%2Fwp%2Fv2%2Fcomments&post=1387"}],"version-history":[{"count":10,"href":"https:\/\/procomexpachuca.com\/index.php?rest_route=\/wp\/v2\/pages\/1387\/revisions"}],"predecessor-version":[{"id":1989,"href":"https:\/\/procomexpachuca.com\/index.php?rest_route=\/wp\/v2\/pages\/1387\/revisions\/1989"}],"wp:attachment":[{"href":"https:\/\/procomexpachuca.com\/index.php?rest_route=%2Fwp%2Fv2%2Fmedia&parent=1387"}],"curies":[{"name":"wp","href":"https:\/\/api.w.org\/{rel}","templated":true}]}}