{"id":1369,"date":"2025-01-06T20:50:32","date_gmt":"2025-01-06T20:50:32","guid":{"rendered":"https:\/\/procomexpachuca.com\/?page_id=1369"},"modified":"2025-05-07T18:01:17","modified_gmt":"2025-05-07T18:01:17","slug":"blog-que-color-elegir-para-tener-un-home-office-mas-placentero","status":"publish","type":"page","link":"https:\/\/procomexpachuca.com\/?page_id=1369","title":{"rendered":"BLOG QUE COLOR ELEGIR PARA TENER UN HOME OFFICE M\u00c1S PLACENTERO."},"content":{"rendered":"\t\t<div data-elementor-type=\"wp-page\" data-elementor-id=\"1369\" class=\"elementor elementor-1369\" data-elementor-post-type=\"page\">\n\t\t\t\t<div class=\"elementor-element elementor-element-cd3b082 e-flex e-con-boxed e-con e-parent\" data-id=\"cd3b082\" data-element_type=\"container\" data-e-type=\"container\" data-settings=\"{&quot;background_background&quot;:&quot;classic&quot;}\">\n\t\t\t\t\t<div class=\"e-con-inner\">\n\t\t\t\t<div class=\"elementor-element elementor-element-9deaa15 elementor-widget elementor-widget-text-editor\" data-id=\"9deaa15\" data-element_type=\"widget\" data-e-type=\"widget\" data-widget_type=\"text-editor.default\">\n\t\t\t\t<div class=\"elementor-widget-container\">\n\t\t\t\t\t\t\t\t\t<h1 class=\"entry-title\">Que color elegir para tener un Home Office m\u00e1s placentero<\/h1>\t\t\t\t\t\t\t\t<\/div>\n\t\t\t\t<\/div>\n\t\t\t\t\t<\/div>\n\t\t\t\t<\/div>\n\t\t<div class=\"elementor-element elementor-element-9281efd e-flex e-con-boxed e-con e-parent\" data-id=\"9281efd\" data-element_type=\"container\" data-e-type=\"container\">\n\t\t\t\t\t<div class=\"e-con-inner\">\n\t\t\t\t<div class=\"elementor-element elementor-element-458506e elementor-widget elementor-widget-image\" data-id=\"458506e\" data-element_type=\"widget\" data-e-type=\"widget\" data-widget_type=\"image.default\">\n\t\t\t\t<div class=\"elementor-widget-container\">\n\t\t\t\t\t\t\t\t\t\t\t\t\t\t\t<img fetchpriority=\"high\" decoding=\"async\" width=\"750\" height=\"400\" src=\"https:\/\/procomexpachuca.com\/wp-content\/uploads\/2024\/12\/ac0005f59_2ce0e_tablet_blog.jpg\" class=\"attachment-large size-large wp-image-1057\" alt=\"\" srcset=\"https:\/\/procomexpachuca.com\/wp-content\/uploads\/2024\/12\/ac0005f59_2ce0e_tablet_blog.jpg 750w, https:\/\/procomexpachuca.com\/wp-content\/uploads\/2024\/12\/ac0005f59_2ce0e_tablet_blog-300x160.jpg 300w, https:\/\/procomexpachuca.com\/wp-content\/uploads\/2024\/12\/ac0005f59_2ce0e_tablet_blog-141x75.jpg 141w, https:\/\/procomexpachuca.com\/wp-content\/uploads\/2024\/12\/ac0005f59_2ce0e_tablet_blog-480x256.jpg 480w\" sizes=\"(max-width:767px) 480px, 750px\" \/>\t\t\t\t\t\t\t\t\t\t\t\t\t\t\t<\/div>\n\t\t\t\t<\/div>\n\t\t\t\t\t<\/div>\n\t\t\t\t<\/div>\n\t\t<div class=\"elementor-element elementor-element-8b4d50d e-flex e-con-boxed e-con e-parent\" data-id=\"8b4d50d\" data-element_type=\"container\" data-e-type=\"container\">\n\t\t\t\t\t<div class=\"e-con-inner\">\n\t\t\t\t<div class=\"elementor-element elementor-element-3c3a701 elementor-widget elementor-widget-text-editor\" data-id=\"3c3a701\" data-element_type=\"widget\" data-e-type=\"widget\" data-widget_type=\"text-editor.default\">\n\t\t\t\t<div class=\"elementor-widget-container\">\n\t\t\t\t\t\t\t\t\t<p style=\"text-align: center;\"><strong>Los beneficios que ofrece \u201chome office\u201d es que nos permiten que los ambientes privados puedan ser renovados para crear un ambiente m\u00e1s placentero y llenarnos de la energ\u00eda.<\/strong><\/p><p>Bas\u00e1ndonos en la Psicolog\u00eda del color te compartimos algunos coloridos tips para complementar tu Home Office perfecto, \u00a1que nada interrumpa tu \u00e1nimo de trabajar!<\/p><p>Si queremos potenciar la creatividad pero deseamos mantenernos tranquilos dentro nuestra casa la elecci\u00f3n por naturaleza ser\u00edan los tonos neutros Podemos realizar algunos toques de otros colores en los accesorios para fomentar la hiperactividad laboral y blanco que nos permitir\u00e1 equilibrar la energ\u00eda para la toma de decisiones.<\/p><p><strong>Blanco<\/strong><\/p><p>Una oficina en casa de color blanco ser\u00e1 un refugio que nos invita a relajarnos y descansar pero mantenernos alertas al trabajo. Este color est\u00e1 asociado a la serenidad y limpieza, por lo que pintar las paredes de blanco de nuestro ambiente para home office nos otorgar\u00e1 la paz que merecemos al iniciar o finalizar el d\u00eda.<\/p><p><strong>Negro<\/strong><br \/>Pintar nuestro espacio de home office con negro no solo lo har\u00e1 un lugar m\u00e1s elegante, as\u00ed mismo con otras tonalidades oscuras de otros colores, como el gris, sino que mostrar\u00e1 una sofisticaci\u00f3n sin tapujos ni falsas luces, que har\u00e1 que nos sintamos c\u00f3modos en \u00e9l. Una decoraci\u00f3n fuerte, llena de personalidad.<\/p><p><strong>Azul<\/strong><\/p><p>Son maravillosos cuando necesitamos pensar con claridad y desarrollar proyectos que requieren mayor concentraci\u00f3n. Usa un tono m\u00e1s oscuro para desarrollar tareas de mayor concentraci\u00f3n y colores m\u00e1s claros para ayudar a la creatividad y creaci\u00f3n de nuevas ideas.<\/p><p><strong>Verdes<\/strong><br \/>Nos hacen sentir m\u00e1s c\u00f3modos y relajados. Si tus acciones de trabajo son repetitivas, manejas datos o desempe\u00f1as tareas administrativas, las tonalidades verdes son las m\u00e1s apropiadas para ti y te ayudar\u00e1n a concentrar por periodos m\u00e1s largos.<\/p><p><strong>Rojo<\/strong><\/p><p>Es un color que nos activa, ayud\u00e1ndonos a estar alerta con nuestro entorno y aumentando la frecuencia card\u00edaca, por eso es muy recomendable para motivarnos mientras realizamos una actividad f\u00edsica.<\/p>\t\t\t\t\t\t\t\t<\/div>\n\t\t\t\t<\/div>\n\t\t\t\t\t<\/div>\n\t\t\t\t<\/div>\n\t\t<div class=\"elementor-element elementor-element-4c1d42b e-flex e-con-boxed e-con e-parent\" data-id=\"4c1d42b\" data-element_type=\"container\" data-e-type=\"container\">\n\t\t\t\t\t<div class=\"e-con-inner\">\n\t\t\t\t<div class=\"elementor-element elementor-element-eb64b15 elementor-widget elementor-widget-image\" data-id=\"eb64b15\" data-element_type=\"widget\" data-e-type=\"widget\" data-widget_type=\"image.default\">\n\t\t\t\t<div class=\"elementor-widget-container\">\n\t\t\t\t\t\t\t\t\t\t\t\t\t\t\t<img decoding=\"async\" width=\"1000\" height=\"667\" src=\"https:\/\/procomexpachuca.com\/wp-content\/uploads\/2024\/12\/shutterstock_575137411.webp\" class=\"attachment-large size-large wp-image-1015\" alt=\"\" srcset=\"https:\/\/procomexpachuca.com\/wp-content\/uploads\/2024\/12\/shutterstock_575137411.webp 1000w, https:\/\/procomexpachuca.com\/wp-content\/uploads\/2024\/12\/shutterstock_575137411-300x200.webp 300w, https:\/\/procomexpachuca.com\/wp-content\/uploads\/2024\/12\/shutterstock_575137411-768x512.webp 768w, https:\/\/procomexpachuca.com\/wp-content\/uploads\/2024\/12\/shutterstock_575137411-112x75.webp 112w, https:\/\/procomexpachuca.com\/wp-content\/uploads\/2024\/12\/shutterstock_575137411-480x320.webp 480w\" sizes=\"(max-width:767px) 480px, (max-width:1000px) 100vw, 1000px\" \/>\t\t\t\t\t\t\t\t\t\t\t\t\t\t\t<\/div>\n\t\t\t\t<\/div>\n\t\t\t\t\t<\/div>\n\t\t\t\t<\/div>\n\t\t<div class=\"elementor-element elementor-element-bf338cb e-flex e-con-boxed e-con e-parent\" data-id=\"bf338cb\" data-element_type=\"container\" data-e-type=\"container\" data-settings=\"{&quot;background_background&quot;:&quot;classic&quot;}\">\n\t\t\t\t\t<div class=\"e-con-inner\">\n\t\t\t\t\t<\/div>\n\t\t\t\t<\/div>\n\t\t\t\t<\/div>\n\t\t","protected":false},"excerpt":{"rendered":"<p>Que color elegir para tener un Home Office m\u00e1s placentero Los beneficios que ofrece \u201chome office\u201d es que nos permiten que los ambientes privados puedan ser<span class=\"excerpt-hellip\"> [\u2026]<\/span><\/p>\n","protected":false},"author":1,"featured_media":0,"parent":0,"menu_order":0,"comment_status":"closed","ping_status":"closed","template":"","meta":{"_monsterinsights_skip_tracking":false,"_monsterinsights_sitenote_active":false,"_monsterinsights_sitenote_note":"","_monsterinsights_sitenote_category":0,"footnotes":""},"class_list":["post-1369","page","type-page","status-publish","hentry"],"_links":{"self":[{"href":"https:\/\/procomexpachuca.com\/index.php?rest_route=\/wp\/v2\/pages\/1369","targetHints":{"allow":["GET"]}}],"collection":[{"href":"https:\/\/procomexpachuca.com\/index.php?rest_route=\/wp\/v2\/pages"}],"about":[{"href":"https:\/\/procomexpachuca.com\/index.php?rest_route=\/wp\/v2\/types\/page"}],"author":[{"embeddable":true,"href":"https:\/\/procomexpachuca.com\/index.php?rest_route=\/wp\/v2\/users\/1"}],"replies":[{"embeddable":true,"href":"https:\/\/procomexpachuca.com\/index.php?rest_route=%2Fwp%2Fv2%2Fcomments&post=1369"}],"version-history":[{"count":10,"href":"https:\/\/procomexpachuca.com\/index.php?rest_route=\/wp\/v2\/pages\/1369\/revisions"}],"predecessor-version":[{"id":2020,"href":"https:\/\/procomexpachuca.com\/index.php?rest_route=\/wp\/v2\/pages\/1369\/revisions\/2020"}],"wp:attachment":[{"href":"https:\/\/procomexpachuca.com\/index.php?rest_route=%2Fwp%2Fv2%2Fmedia&parent=1369"}],"curies":[{"name":"wp","href":"https:\/\/api.w.org\/{rel}","templated":true}]}}