{"id":1223,"date":"2024-12-30T04:56:16","date_gmt":"2024-12-30T04:56:16","guid":{"rendered":"https:\/\/procomexpachuca.com\/?page_id=1223"},"modified":"2025-04-30T22:46:45","modified_gmt":"2025-04-30T22:46:45","slug":"blog-de-que-manera-influyen-los-colores","status":"publish","type":"page","link":"https:\/\/procomexpachuca.com\/?page_id=1223","title":{"rendered":"BLOG DE QUE MANERA INFLUYEN LOS COLORES"},"content":{"rendered":"\t\t<div data-elementor-type=\"wp-page\" data-elementor-id=\"1223\" class=\"elementor elementor-1223\" data-elementor-post-type=\"page\">\n\t\t\t\t<div class=\"elementor-element elementor-element-622fd07 e-flex e-con-boxed e-con e-parent\" data-id=\"622fd07\" data-element_type=\"container\" data-e-type=\"container\" data-settings=\"{&quot;background_background&quot;:&quot;classic&quot;}\">\n\t\t\t\t\t<div class=\"e-con-inner\">\n\t\t\t\t<div class=\"elementor-element elementor-element-b01c99b elementor-widget elementor-widget-text-editor\" data-id=\"b01c99b\" data-element_type=\"widget\" data-e-type=\"widget\" data-widget_type=\"text-editor.default\">\n\t\t\t\t<div class=\"elementor-widget-container\">\n\t\t\t\t\t\t\t\t\t<p>\u00bfDe qu\u00e9 manera influyen los colores en nuestras emociones?<\/p>\t\t\t\t\t\t\t\t<\/div>\n\t\t\t\t<\/div>\n\t\t\t\t\t<\/div>\n\t\t\t\t<\/div>\n\t\t<div class=\"elementor-element elementor-element-f269976 e-flex e-con-boxed e-con e-parent\" data-id=\"f269976\" data-element_type=\"container\" data-e-type=\"container\">\n\t\t\t\t\t<div class=\"e-con-inner\">\n\t\t\t\t<div class=\"elementor-element elementor-element-43cee89 elementor-widget elementor-widget-image\" data-id=\"43cee89\" data-element_type=\"widget\" data-e-type=\"widget\" data-widget_type=\"image.default\">\n\t\t\t\t<div class=\"elementor-widget-container\">\n\t\t\t\t\t\t\t\t\t\t\t\t\t\t\t<img fetchpriority=\"high\" decoding=\"async\" width=\"768\" height=\"480\" src=\"https:\/\/procomexpachuca.com\/wp-content\/uploads\/2024\/12\/portada-colores-768x480.webp\" class=\"attachment-medium_large size-medium_large wp-image-1035\" alt=\"\" srcset=\"https:\/\/procomexpachuca.com\/wp-content\/uploads\/2024\/12\/portada-colores-768x480.webp 768w, https:\/\/procomexpachuca.com\/wp-content\/uploads\/2024\/12\/portada-colores-300x188.webp 300w, https:\/\/procomexpachuca.com\/wp-content\/uploads\/2024\/12\/portada-colores-1024x640.webp 1024w, https:\/\/procomexpachuca.com\/wp-content\/uploads\/2024\/12\/portada-colores-1536x960.webp 1536w, https:\/\/procomexpachuca.com\/wp-content\/uploads\/2024\/12\/portada-colores-2048x1280.webp 2048w, https:\/\/procomexpachuca.com\/wp-content\/uploads\/2024\/12\/portada-colores-120x75.webp 120w, https:\/\/procomexpachuca.com\/wp-content\/uploads\/2024\/12\/portada-colores-480x300.webp 480w\" sizes=\"(max-width:767px) 480px, (max-width:768px) 100vw, 768px\" \/>\t\t\t\t\t\t\t\t\t\t\t\t\t\t\t<\/div>\n\t\t\t\t<\/div>\n\t\t\t\t\t<\/div>\n\t\t\t\t<\/div>\n\t\t<div class=\"elementor-element elementor-element-6ce8ff3 e-flex e-con-boxed e-con e-parent\" data-id=\"6ce8ff3\" data-element_type=\"container\" data-e-type=\"container\">\n\t\t\t\t\t<div class=\"e-con-inner\">\n\t\t\t\t<div class=\"elementor-element elementor-element-48f0f90 elementor-widget elementor-widget-text-editor\" data-id=\"48f0f90\" data-element_type=\"widget\" data-e-type=\"widget\" data-widget_type=\"text-editor.default\">\n\t\t\t\t<div class=\"elementor-widget-container\">\n\t\t\t\t\t\t\t\t\t<p>A lo largo de nuestra vida experimentamos una infinidad de emociones y los colores tambi\u00e9n nos las generan.<\/p>\t\t\t\t\t\t\t\t<\/div>\n\t\t\t\t<\/div>\n\t\t\t\t\t<\/div>\n\t\t\t\t<\/div>\n\t\t<div class=\"elementor-element elementor-element-c15070c e-flex e-con-boxed e-con e-parent\" data-id=\"c15070c\" data-element_type=\"container\" data-e-type=\"container\">\n\t\t\t\t\t<div class=\"e-con-inner\">\n\t\t<div class=\"elementor-element elementor-element-d358013 e-con-full e-flex e-con e-child\" data-id=\"d358013\" data-element_type=\"container\" data-e-type=\"container\">\n\t\t\t\t<div class=\"elementor-element elementor-element-8daeeae elementor-widget elementor-widget-text-editor\" data-id=\"8daeeae\" data-element_type=\"widget\" data-e-type=\"widget\" data-widget_type=\"text-editor.default\">\n\t\t\t\t<div class=\"elementor-widget-container\">\n\t\t\t\t\t\t\t\t\t<p>Alegr\u00eda: El color amarillo pertenece a la familia de colores c\u00e1lidos, provoca sentimientos de alegr\u00eda, \u00e1nimo y entusiasmo, pero tambi\u00e9n de alerta y enga\u00f1o. S\u00ed deseas utilizar este color para decorar tu casa es muy buena idea, pues aportar\u00e1 luminosidad a tu espacio.<\/p><p>Adem\u00e1s alienta a la comunicaci\u00f3n y representa juventud. Es el color representativo de estar alertas. En sus diferentes tonalidades de amarillos suaves, claros, oscuros, dorados e iluminados se pueden crear combinaciones que faciliten el razonamiento y la creaci\u00f3n de nuevas ideas.<\/p>\t\t\t\t\t\t\t\t<\/div>\n\t\t\t\t<\/div>\n\t\t\t\t<\/div>\n\t\t<div class=\"elementor-element elementor-element-3891385 e-con-full e-flex e-con e-child\" data-id=\"3891385\" data-element_type=\"container\" data-e-type=\"container\">\n\t\t\t\t<div class=\"elementor-element elementor-element-618ea3f elementor-widget elementor-widget-image\" data-id=\"618ea3f\" data-element_type=\"widget\" data-e-type=\"widget\" data-widget_type=\"image.default\">\n\t\t\t\t<div class=\"elementor-widget-container\">\n\t\t\t\t\t\t\t\t\t\t\t\t\t\t\t<img decoding=\"async\" width=\"769\" height=\"461\" src=\"https:\/\/procomexpachuca.com\/wp-content\/uploads\/2024\/12\/alegria.jpg\" class=\"attachment-large size-large wp-image-1061\" alt=\"\" srcset=\"https:\/\/procomexpachuca.com\/wp-content\/uploads\/2024\/12\/alegria.jpg 769w, https:\/\/procomexpachuca.com\/wp-content\/uploads\/2024\/12\/alegria-300x180.jpg 300w, https:\/\/procomexpachuca.com\/wp-content\/uploads\/2024\/12\/alegria-125x75.jpg 125w, https:\/\/procomexpachuca.com\/wp-content\/uploads\/2024\/12\/alegria-480x288.jpg 480w\" sizes=\"(max-width:767px) 480px, (max-width:769px) 100vw, 769px\" \/>\t\t\t\t\t\t\t\t\t\t\t\t\t\t\t<\/div>\n\t\t\t\t<\/div>\n\t\t\t\t<\/div>\n\t\t\t\t\t<\/div>\n\t\t\t\t<\/div>\n\t\t<div class=\"elementor-element elementor-element-2e0ba0d e-flex e-con-boxed e-con e-parent\" data-id=\"2e0ba0d\" data-element_type=\"container\" data-e-type=\"container\">\n\t\t\t\t\t<div class=\"e-con-inner\">\n\t\t<div class=\"elementor-element elementor-element-eb3697c e-con-full e-flex e-con e-child\" data-id=\"eb3697c\" data-element_type=\"container\" data-e-type=\"container\">\n\t\t\t\t<div class=\"elementor-element elementor-element-be8fd08 elementor-widget elementor-widget-image\" data-id=\"be8fd08\" data-element_type=\"widget\" data-e-type=\"widget\" data-widget_type=\"image.default\">\n\t\t\t\t<div class=\"elementor-widget-container\">\n\t\t\t\t\t\t\t\t\t\t\t\t\t\t\t<img decoding=\"async\" width=\"1024\" height=\"576\" src=\"https:\/\/procomexpachuca.com\/wp-content\/uploads\/2024\/12\/CFelicidad_FGal1-1-2-1024x576.webp\" class=\"attachment-large size-large wp-image-1024\" alt=\"\" srcset=\"https:\/\/procomexpachuca.com\/wp-content\/uploads\/2024\/12\/CFelicidad_FGal1-1-2-1024x576.webp 1024w, https:\/\/procomexpachuca.com\/wp-content\/uploads\/2024\/12\/CFelicidad_FGal1-1-2-300x169.webp 300w, https:\/\/procomexpachuca.com\/wp-content\/uploads\/2024\/12\/CFelicidad_FGal1-1-2-768x432.webp 768w, https:\/\/procomexpachuca.com\/wp-content\/uploads\/2024\/12\/CFelicidad_FGal1-1-2-133x75.webp 133w, https:\/\/procomexpachuca.com\/wp-content\/uploads\/2024\/12\/CFelicidad_FGal1-1-2-480x270.webp 480w, https:\/\/procomexpachuca.com\/wp-content\/uploads\/2024\/12\/CFelicidad_FGal1-1-2.webp 1200w\" sizes=\"(max-width:767px) 480px, (max-width:1024px) 100vw, 1024px\" \/>\t\t\t\t\t\t\t\t\t\t\t\t\t\t\t<\/div>\n\t\t\t\t<\/div>\n\t\t\t\t<\/div>\n\t\t<div class=\"elementor-element elementor-element-583d413 e-con-full e-flex e-con e-child\" data-id=\"583d413\" data-element_type=\"container\" data-e-type=\"container\">\n\t\t\t\t<div class=\"elementor-element elementor-element-b5263db elementor-widget elementor-widget-text-editor\" data-id=\"b5263db\" data-element_type=\"widget\" data-e-type=\"widget\" data-widget_type=\"text-editor.default\">\n\t\t\t\t<div class=\"elementor-widget-container\">\n\t\t\t\t\t\t\t\t\t<p>Felicidad: El naranja o tambi\u00e9n llamado anaranjado nos hace recordar una bella puesta de sol brillante y a ese sabor refrescante de los c\u00edtricos como la naranja y la mandarina.<\/p><p>Por su tonalidad tan aut\u00e9ntica la podemos encontrar en el oto\u00f1o o bien en esa \u00e9poca del a\u00f1o donde nos encanta disfrazarnos y decorar nuestras casas con calabazas. Es un color que representa la energ\u00eda positiva que necesitamos todos los d\u00edas para cargarnos de energ\u00eda y seguir con nuestras actividades.<\/p>\t\t\t\t\t\t\t\t<\/div>\n\t\t\t\t<\/div>\n\t\t\t\t<\/div>\n\t\t\t\t\t<\/div>\n\t\t\t\t<\/div>\n\t\t<div class=\"elementor-element elementor-element-7714416 e-flex e-con-boxed e-con e-parent\" data-id=\"7714416\" data-element_type=\"container\" data-e-type=\"container\">\n\t\t\t\t\t<div class=\"e-con-inner\">\n\t\t\t\t<div class=\"elementor-element elementor-element-7278893 elementor-widget elementor-widget-text-editor\" data-id=\"7278893\" data-element_type=\"widget\" data-e-type=\"widget\" data-widget_type=\"text-editor.default\">\n\t\t\t\t<div class=\"elementor-widget-container\">\n\t\t\t\t\t\t\t\t\t<p>Estimula la mente, reactiva la armon\u00eda, favorece los cambios. Por ser un color espont\u00e1neo y activo, se utiliza para llamar la atenci\u00f3n. Se trata de un matiz amigable que provoca una respuesta entusiasta y de sentimientos energ\u00e9ticos. Si este color es uno de tus favoritos, entonces eres una persona que le encanta sociabilizar, eres un amante de la vida en general y te gusta ser notado.<\/p>\t\t\t\t\t\t\t\t<\/div>\n\t\t\t\t<\/div>\n\t\t\t\t\t<\/div>\n\t\t\t\t<\/div>\n\t\t<div class=\"elementor-element elementor-element-75df2fd e-flex e-con-boxed e-con e-parent\" data-id=\"75df2fd\" data-element_type=\"container\" data-e-type=\"container\">\n\t\t\t\t\t<div class=\"e-con-inner\">\n\t\t<div class=\"elementor-element elementor-element-8c33271 e-con-full e-flex e-con e-child\" data-id=\"8c33271\" data-element_type=\"container\" data-e-type=\"container\">\n\t\t\t\t<div class=\"elementor-element elementor-element-eeaf202 elementor-widget__width-initial elementor-widget elementor-widget-text-editor\" data-id=\"eeaf202\" data-element_type=\"widget\" data-e-type=\"widget\" data-widget_type=\"text-editor.default\">\n\t\t\t\t<div class=\"elementor-widget-container\">\n\t\t\t\t\t\t\t\t\t<p>Fuerza: El rojo est\u00e1 asociado a la estimulaci\u00f3n, la pasi\u00f3n, el dinamismo y al drama. Significa confianza, y al mismo tiempo es un color que llama a la acci\u00f3n; esta tonalidad estimula el cerebro de distintas formas y es capaz de mantenernos despiertos.<\/p><p>Ayuda a excitar las emociones y motivar a las personas a actuar, adem\u00e1s significa un esp\u00edritu pionero y con cualidades de liderazgo, promoviendo la ambici\u00f3n y la determinaci\u00f3n. Utilizar este color nos lleva a comportarnos de un modo ligeramente m\u00e1s asertivo y extrovertido.<\/p>\t\t\t\t\t\t\t\t<\/div>\n\t\t\t\t<\/div>\n\t\t\t\t<\/div>\n\t\t<div class=\"elementor-element elementor-element-a07f675 e-con-full e-flex e-con e-child\" data-id=\"a07f675\" data-element_type=\"container\" data-e-type=\"container\">\n\t\t\t\t<div class=\"elementor-element elementor-element-440cca2 elementor-widget elementor-widget-image\" data-id=\"440cca2\" data-element_type=\"widget\" data-e-type=\"widget\" data-widget_type=\"image.default\">\n\t\t\t\t<div class=\"elementor-widget-container\">\n\t\t\t\t\t\t\t\t\t\t\t\t\t\t\t<img loading=\"lazy\" decoding=\"async\" width=\"1200\" height=\"675\" src=\"https:\/\/procomexpachuca.com\/wp-content\/uploads\/2024\/12\/CFuerza_FGal1.webp\" class=\"attachment-full size-full wp-image-1025\" alt=\"\" srcset=\"https:\/\/procomexpachuca.com\/wp-content\/uploads\/2024\/12\/CFuerza_FGal1.webp 1200w, https:\/\/procomexpachuca.com\/wp-content\/uploads\/2024\/12\/CFuerza_FGal1-300x169.webp 300w, https:\/\/procomexpachuca.com\/wp-content\/uploads\/2024\/12\/CFuerza_FGal1-1024x576.webp 1024w, https:\/\/procomexpachuca.com\/wp-content\/uploads\/2024\/12\/CFuerza_FGal1-768x432.webp 768w, https:\/\/procomexpachuca.com\/wp-content\/uploads\/2024\/12\/CFuerza_FGal1-133x75.webp 133w, https:\/\/procomexpachuca.com\/wp-content\/uploads\/2024\/12\/CFuerza_FGal1-480x270.webp 480w\" sizes=\"(max-width:767px) 480px, (max-width:1200px) 100vw, 1200px\" \/>\t\t\t\t\t\t\t\t\t\t\t\t\t\t\t<\/div>\n\t\t\t\t<\/div>\n\t\t\t\t<\/div>\n\t\t\t\t\t<\/div>\n\t\t\t\t<\/div>\n\t\t<div class=\"elementor-element elementor-element-28374da e-flex e-con-boxed e-con e-parent\" data-id=\"28374da\" data-element_type=\"container\" data-e-type=\"container\">\n\t\t\t\t\t<div class=\"e-con-inner\">\n\t\t<div class=\"elementor-element elementor-element-95a6406 e-con-full e-flex e-con e-child\" data-id=\"95a6406\" data-element_type=\"container\" data-e-type=\"container\">\n\t\t\t\t<div class=\"elementor-element elementor-element-bbaac71 elementor-widget__width-initial elementor-widget elementor-widget-image\" data-id=\"bbaac71\" data-element_type=\"widget\" data-e-type=\"widget\" data-widget_type=\"image.default\">\n\t\t\t\t<div class=\"elementor-widget-container\">\n\t\t\t\t\t\t\t\t\t\t\t\t\t\t\t<img loading=\"lazy\" decoding=\"async\" width=\"1024\" height=\"576\" src=\"https:\/\/procomexpachuca.com\/wp-content\/uploads\/2024\/12\/CCreativ_FGal1-1024x576.webp\" class=\"attachment-large size-large wp-image-1030\" alt=\"\" srcset=\"https:\/\/procomexpachuca.com\/wp-content\/uploads\/2024\/12\/CCreativ_FGal1-1024x576.webp 1024w, https:\/\/procomexpachuca.com\/wp-content\/uploads\/2024\/12\/CCreativ_FGal1-300x169.webp 300w, https:\/\/procomexpachuca.com\/wp-content\/uploads\/2024\/12\/CCreativ_FGal1-768x432.webp 768w, https:\/\/procomexpachuca.com\/wp-content\/uploads\/2024\/12\/CCreativ_FGal1-133x75.webp 133w, https:\/\/procomexpachuca.com\/wp-content\/uploads\/2024\/12\/CCreativ_FGal1-480x270.webp 480w, https:\/\/procomexpachuca.com\/wp-content\/uploads\/2024\/12\/CCreativ_FGal1.webp 1200w\" sizes=\"(max-width:767px) 480px, (max-width:1024px) 100vw, 1024px\" \/>\t\t\t\t\t\t\t\t\t\t\t\t\t\t\t<\/div>\n\t\t\t\t<\/div>\n\t\t\t\t<\/div>\n\t\t<div class=\"elementor-element elementor-element-a4f7c99 e-con-full e-flex e-con e-child\" data-id=\"a4f7c99\" data-element_type=\"container\" data-e-type=\"container\">\n\t\t\t\t<div class=\"elementor-element elementor-element-fc1b784 elementor-widget__width-initial elementor-widget elementor-widget-text-editor\" data-id=\"fc1b784\" data-element_type=\"widget\" data-e-type=\"widget\" data-widget_type=\"text-editor.default\">\n\t\t\t\t<div class=\"elementor-widget-container\">\n\t\t\t\t\t\t\t\t\t<p>Creatividad: Femenino, espiritual, expresivo, meditaci\u00f3n. El color de la creatividad nace de la intensidad del rojo y la quietud del azul, este color permite generar un equilibrio perfecto entre la energ\u00eda y la serenidad.<\/p><p>El color p\u00farpura est\u00e1 relacionado con la fantas\u00eda y los sue\u00f1os, es un color que pertenece a la gama de los c\u00e1lidos. La capacidad de transformaci\u00f3n y espiritualidad del morado limpia trastornos emocionales y de la mente, permite combatir miedos y obsesiones.<\/p>\t\t\t\t\t\t\t\t<\/div>\n\t\t\t\t<\/div>\n\t\t\t\t<\/div>\n\t\t\t\t\t<\/div>\n\t\t\t\t<\/div>\n\t\t<div class=\"elementor-element elementor-element-c70a1f0 e-flex e-con-boxed e-con e-parent\" data-id=\"c70a1f0\" data-element_type=\"container\" data-e-type=\"container\">\n\t\t\t\t\t<div class=\"e-con-inner\">\n\t\t<div class=\"elementor-element elementor-element-f69b53f e-con-full e-flex e-con e-child\" data-id=\"f69b53f\" data-element_type=\"container\" data-e-type=\"container\">\n\t\t<div class=\"elementor-element elementor-element-b49b4b1 e-con-full e-flex e-con e-child\" data-id=\"b49b4b1\" data-element_type=\"container\" data-e-type=\"container\">\n\t\t\t\t<div class=\"elementor-element elementor-element-3c466ef elementor-widget__width-initial elementor-widget elementor-widget-text-editor\" data-id=\"3c466ef\" data-element_type=\"widget\" data-e-type=\"widget\" data-widget_type=\"text-editor.default\">\n\t\t\t\t<div class=\"elementor-widget-container\">\n\t\t\t\t\t\t\t\t\t<p>Paz: Considerado como uno de los colores favoritos, el azul puede tener muchas interpretaciones de acuerdo con su infinidad de tonalidades como el azul claro, que aporta beneficios para la salud; azul turquesa, ideal para combatir el estr\u00e9s; azul oscuro, ayuda a conectarte con tu parte intuitiva, y azul marino que ayuda a la concentraci\u00f3n.<\/p><p>Es un tono que se asocia con la tranquilidad, por lo que si lo aplicas en tu habitaci\u00f3n, crear\u00e1s un ambiente de calma y protecci\u00f3n, incluso expertos indican que ayuda a combatir el insomnio. Aunque es un color perteneciente a la gama de los fr\u00edos, es uno de los colores m\u00e1s sentimentales que existe, pues expresa confianza y armon\u00eda.<\/p>\t\t\t\t\t\t\t\t<\/div>\n\t\t\t\t<\/div>\n\t\t\t\t<\/div>\n\t\t<div class=\"elementor-element elementor-element-cbc49a8 e-con-full e-flex e-con e-child\" data-id=\"cbc49a8\" data-element_type=\"container\" data-e-type=\"container\">\n\t\t\t\t<div class=\"elementor-element elementor-element-a2ca52a elementor-widget elementor-widget-image\" data-id=\"a2ca52a\" data-element_type=\"widget\" data-e-type=\"widget\" data-widget_type=\"image.default\">\n\t\t\t\t<div class=\"elementor-widget-container\">\n\t\t\t\t\t\t\t\t\t\t\t\t\t\t\t<img loading=\"lazy\" decoding=\"async\" width=\"1200\" height=\"675\" src=\"https:\/\/procomexpachuca.com\/wp-content\/uploads\/2024\/12\/CPaz_FGal1-1.webp\" class=\"attachment-full size-full wp-image-1043\" alt=\"\" srcset=\"https:\/\/procomexpachuca.com\/wp-content\/uploads\/2024\/12\/CPaz_FGal1-1.webp 1200w, https:\/\/procomexpachuca.com\/wp-content\/uploads\/2024\/12\/CPaz_FGal1-1-300x169.webp 300w, https:\/\/procomexpachuca.com\/wp-content\/uploads\/2024\/12\/CPaz_FGal1-1-1024x576.webp 1024w, https:\/\/procomexpachuca.com\/wp-content\/uploads\/2024\/12\/CPaz_FGal1-1-768x432.webp 768w, https:\/\/procomexpachuca.com\/wp-content\/uploads\/2024\/12\/CPaz_FGal1-1-133x75.webp 133w, https:\/\/procomexpachuca.com\/wp-content\/uploads\/2024\/12\/CPaz_FGal1-1-480x270.webp 480w\" sizes=\"(max-width:767px) 480px, (max-width:1200px) 100vw, 1200px\" \/>\t\t\t\t\t\t\t\t\t\t\t\t\t\t\t<\/div>\n\t\t\t\t<\/div>\n\t\t\t\t<\/div>\n\t\t\t\t<\/div>\n\t\t\t\t\t<\/div>\n\t\t\t\t<\/div>\n\t\t<div class=\"elementor-element elementor-element-bd878a8 e-flex e-con-boxed e-con e-parent\" data-id=\"bd878a8\" data-element_type=\"container\" data-e-type=\"container\">\n\t\t\t\t\t<div class=\"e-con-inner\">\n\t\t<div class=\"elementor-element elementor-element-63c2003 e-con-full e-flex e-con e-child\" data-id=\"63c2003\" data-element_type=\"container\" data-e-type=\"container\">\n\t\t\t\t<div class=\"elementor-element elementor-element-726a535 elementor-widget__width-initial elementor-widget elementor-widget-image\" data-id=\"726a535\" data-element_type=\"widget\" data-e-type=\"widget\" data-widget_type=\"image.default\">\n\t\t\t\t<div class=\"elementor-widget-container\">\n\t\t\t\t\t\t\t\t\t\t\t\t\t\t\t<img loading=\"lazy\" decoding=\"async\" width=\"1024\" height=\"576\" src=\"https:\/\/procomexpachuca.com\/wp-content\/uploads\/2024\/12\/habitacion-pareja-colores-off-whites-1-1024x576.webp\" class=\"attachment-large size-large wp-image-1014\" alt=\"\" srcset=\"https:\/\/procomexpachuca.com\/wp-content\/uploads\/2024\/12\/habitacion-pareja-colores-off-whites-1-1024x576.webp 1024w, https:\/\/procomexpachuca.com\/wp-content\/uploads\/2024\/12\/habitacion-pareja-colores-off-whites-1-300x169.webp 300w, https:\/\/procomexpachuca.com\/wp-content\/uploads\/2024\/12\/habitacion-pareja-colores-off-whites-1-768x432.webp 768w, https:\/\/procomexpachuca.com\/wp-content\/uploads\/2024\/12\/habitacion-pareja-colores-off-whites-1-133x75.webp 133w, https:\/\/procomexpachuca.com\/wp-content\/uploads\/2024\/12\/habitacion-pareja-colores-off-whites-1-480x270.webp 480w, https:\/\/procomexpachuca.com\/wp-content\/uploads\/2024\/12\/habitacion-pareja-colores-off-whites-1.webp 1200w\" sizes=\"(max-width:767px) 480px, (max-width:1024px) 100vw, 1024px\" \/>\t\t\t\t\t\t\t\t\t\t\t\t\t\t\t<\/div>\n\t\t\t\t<\/div>\n\t\t\t\t<\/div>\n\t\t<div class=\"elementor-element elementor-element-1286380 e-con-full e-flex e-con e-child\" data-id=\"1286380\" data-element_type=\"container\" data-e-type=\"container\">\n\t\t\t\t<div class=\"elementor-element elementor-element-5d58827 elementor-widget__width-initial elementor-widget elementor-widget-text-editor\" data-id=\"5d58827\" data-element_type=\"widget\" data-e-type=\"widget\" data-widget_type=\"text-editor.default\">\n\t\t\t\t<div class=\"elementor-widget-container\">\n\t\t\t\t\t\t\t\t\t<p>Calma: Tonalidades con variaciones de blanco, grises y beiges generan una sensaci\u00f3n de calma. Los colores neutros buscan inspirar emociones como sobriedad, integraci\u00f3n, quietud y neutralidad. Los colores naturales crean una sensaci\u00f3n de calidez y abrigo.<\/p><p>Estos tonos que incluyen desde caf\u00e9s hasta negros en matices muy bajos, pueden ser la base de cualquier decoraci\u00f3n; combinan con todo o pueden usarse solos, al ser tonalidades muy claras permiten crear sensaciones de amplitud y liberaci\u00f3n mental. De sus variaciones, el negro proporciona elegancia.<\/p>\t\t\t\t\t\t\t\t<\/div>\n\t\t\t\t<\/div>\n\t\t\t\t<\/div>\n\t\t\t\t\t<\/div>\n\t\t\t\t<\/div>\n\t\t<div class=\"elementor-element elementor-element-e4f55e3 e-flex e-con-boxed e-con e-parent\" data-id=\"e4f55e3\" data-element_type=\"container\" data-e-type=\"container\">\n\t\t\t\t\t<div class=\"e-con-inner\">\n\t\t<div class=\"elementor-element elementor-element-c85be3e e-con-full e-flex e-con e-child\" data-id=\"c85be3e\" data-element_type=\"container\" data-e-type=\"container\">\n\t\t<div class=\"elementor-element elementor-element-8c354b4 e-con-full e-flex e-con e-child\" data-id=\"8c354b4\" data-element_type=\"container\" data-e-type=\"container\">\n\t\t\t\t<div class=\"elementor-element elementor-element-5409682 elementor-widget__width-initial elementor-widget elementor-widget-text-editor\" data-id=\"5409682\" data-element_type=\"widget\" data-e-type=\"widget\" data-widget_type=\"text-editor.default\">\n\t\t\t\t<div class=\"elementor-widget-container\">\n\t\t\t\t\t\t\t\t\t<p>Atrevido: Los verdes nos inspiran al crecimiento y atraen la buena suerte. Nos incitan a la esperanza y hacen recordar la belleza de las piedras preciosas. Cuando hablamos del color verde pensamos en cambios, frescura y a la vez nos inspira.<\/p><p>Es considerado un color mediador, puede inclinarse hacia la calidez dependiendo de la cantidad de amarillo que tenga o bien pude inclinarse hacia un tono fr\u00edo si su saturaci\u00f3n tiende m\u00e1s al azul. En la decoraci\u00f3n es un color que activa la luz.<\/p>\t\t\t\t\t\t\t\t<\/div>\n\t\t\t\t<\/div>\n\t\t\t\t<\/div>\n\t\t<div class=\"elementor-element elementor-element-856a7ab e-con-full e-flex e-con e-child\" data-id=\"856a7ab\" data-element_type=\"container\" data-e-type=\"container\">\n\t\t\t\t<div class=\"elementor-element elementor-element-89b1a0b elementor-widget elementor-widget-image\" data-id=\"89b1a0b\" data-element_type=\"widget\" data-e-type=\"widget\" data-widget_type=\"image.default\">\n\t\t\t\t<div class=\"elementor-widget-container\">\n\t\t\t\t\t\t\t\t\t\t\t\t\t\t\t<img loading=\"lazy\" decoding=\"async\" width=\"1200\" height=\"675\" src=\"https:\/\/procomexpachuca.com\/wp-content\/uploads\/2024\/12\/CAtrevido_FGal2-1.webp\" class=\"attachment-full size-full wp-image-1023\" alt=\"\" srcset=\"https:\/\/procomexpachuca.com\/wp-content\/uploads\/2024\/12\/CAtrevido_FGal2-1.webp 1200w, https:\/\/procomexpachuca.com\/wp-content\/uploads\/2024\/12\/CAtrevido_FGal2-1-300x169.webp 300w, https:\/\/procomexpachuca.com\/wp-content\/uploads\/2024\/12\/CAtrevido_FGal2-1-1024x576.webp 1024w, https:\/\/procomexpachuca.com\/wp-content\/uploads\/2024\/12\/CAtrevido_FGal2-1-768x432.webp 768w, https:\/\/procomexpachuca.com\/wp-content\/uploads\/2024\/12\/CAtrevido_FGal2-1-133x75.webp 133w, https:\/\/procomexpachuca.com\/wp-content\/uploads\/2024\/12\/CAtrevido_FGal2-1-480x270.webp 480w\" sizes=\"(max-width:767px) 480px, (max-width:1200px) 100vw, 1200px\" \/>\t\t\t\t\t\t\t\t\t\t\t\t\t\t\t<\/div>\n\t\t\t\t<\/div>\n\t\t\t\t<\/div>\n\t\t\t\t<\/div>\n\t\t\t\t\t<\/div>\n\t\t\t\t<\/div>\n\t\t<div class=\"elementor-element elementor-element-9b25d53 e-flex e-con-boxed e-con e-parent\" data-id=\"9b25d53\" data-element_type=\"container\" data-e-type=\"container\" data-settings=\"{&quot;background_background&quot;:&quot;classic&quot;}\">\n\t\t\t\t\t<div class=\"e-con-inner\">\n\t\t\t\t\t<\/div>\n\t\t\t\t<\/div>\n\t\t\t\t<\/div>\n\t\t","protected":false},"excerpt":{"rendered":"<p>\u00bfDe qu\u00e9 manera influyen los colores en nuestras emociones? A lo largo de nuestra vida experimentamos una infinidad de emociones y los colores tambi\u00e9n nos las<span class=\"excerpt-hellip\"> [\u2026]<\/span><\/p>\n","protected":false},"author":1,"featured_media":0,"parent":0,"menu_order":0,"comment_status":"closed","ping_status":"closed","template":"","meta":{"_monsterinsights_skip_tracking":false,"_monsterinsights_sitenote_active":false,"_monsterinsights_sitenote_note":"","_monsterinsights_sitenote_category":0,"footnotes":""},"class_list":["post-1223","page","type-page","status-publish","hentry"],"_links":{"self":[{"href":"https:\/\/procomexpachuca.com\/index.php?rest_route=\/wp\/v2\/pages\/1223","targetHints":{"allow":["GET"]}}],"collection":[{"href":"https:\/\/procomexpachuca.com\/index.php?rest_route=\/wp\/v2\/pages"}],"about":[{"href":"https:\/\/procomexpachuca.com\/index.php?rest_route=\/wp\/v2\/types\/page"}],"author":[{"embeddable":true,"href":"https:\/\/procomexpachuca.com\/index.php?rest_route=\/wp\/v2\/users\/1"}],"replies":[{"embeddable":true,"href":"https:\/\/procomexpachuca.com\/index.php?rest_route=%2Fwp%2Fv2%2Fcomments&post=1223"}],"version-history":[{"count":10,"href":"https:\/\/procomexpachuca.com\/index.php?rest_route=\/wp\/v2\/pages\/1223\/revisions"}],"predecessor-version":[{"id":1950,"href":"https:\/\/procomexpachuca.com\/index.php?rest_route=\/wp\/v2\/pages\/1223\/revisions\/1950"}],"wp:attachment":[{"href":"https:\/\/procomexpachuca.com\/index.php?rest_route=%2Fwp%2Fv2%2Fmedia&parent=1223"}],"curies":[{"name":"wp","href":"https:\/\/api.w.org\/{rel}","templated":true}]}}