{"id":1218,"date":"2024-12-30T04:55:02","date_gmt":"2024-12-30T04:55:02","guid":{"rendered":"https:\/\/procomexpachuca.com\/?page_id=1218"},"modified":"2025-04-30T22:10:07","modified_gmt":"2025-04-30T22:10:07","slug":"blog-crea-una-combinacion","status":"publish","type":"page","link":"https:\/\/procomexpachuca.com\/?page_id=1218","title":{"rendered":"BLOG CREA UNA COMBINACION"},"content":{"rendered":"\t\t<div data-elementor-type=\"wp-page\" data-elementor-id=\"1218\" class=\"elementor elementor-1218\" data-elementor-post-type=\"page\">\n\t\t\t\t<div class=\"elementor-element elementor-element-dfd2b8c e-flex e-con-boxed e-con e-parent\" data-id=\"dfd2b8c\" data-element_type=\"container\" data-e-type=\"container\" data-settings=\"{&quot;background_background&quot;:&quot;classic&quot;}\">\n\t\t\t\t\t<div class=\"e-con-inner\">\n\t\t\t\t<div class=\"elementor-element elementor-element-b14c1f0 elementor-widget elementor-widget-text-editor\" data-id=\"b14c1f0\" data-element_type=\"widget\" data-e-type=\"widget\" data-widget_type=\"text-editor.default\">\n\t\t\t\t<div class=\"elementor-widget-container\">\n\t\t\t\t\t\t\t\t\t<h1 class=\"entry-title\">Crea una combinaci\u00f3n equilibrada<\/h1>\t\t\t\t\t\t\t\t<\/div>\n\t\t\t\t<\/div>\n\t\t\t\t\t<\/div>\n\t\t\t\t<\/div>\n\t\t<div class=\"elementor-element elementor-element-2eba7ba e-flex e-con-boxed e-con e-parent\" data-id=\"2eba7ba\" data-element_type=\"container\" data-e-type=\"container\">\n\t\t\t\t\t<div class=\"e-con-inner\">\n\t\t\t\t<div class=\"elementor-element elementor-element-4c5f175 elementor-widget elementor-widget-image\" data-id=\"4c5f175\" data-element_type=\"widget\" data-e-type=\"widget\" data-widget_type=\"image.default\">\n\t\t\t\t<div class=\"elementor-widget-container\">\n\t\t\t\t\t\t\t\t\t\t\t\t\t\t\t<img fetchpriority=\"high\" decoding=\"async\" width=\"1024\" height=\"477\" src=\"https:\/\/procomexpachuca.com\/wp-content\/uploads\/2024\/12\/ESP-PEQ-1-1024x477.webp\" class=\"attachment-large size-large wp-image-1045\" alt=\"\" srcset=\"https:\/\/procomexpachuca.com\/wp-content\/uploads\/2024\/12\/ESP-PEQ-1-1024x477.webp 1024w, https:\/\/procomexpachuca.com\/wp-content\/uploads\/2024\/12\/ESP-PEQ-1-300x140.webp 300w, https:\/\/procomexpachuca.com\/wp-content\/uploads\/2024\/12\/ESP-PEQ-1-768x358.webp 768w, https:\/\/procomexpachuca.com\/wp-content\/uploads\/2024\/12\/ESP-PEQ-1-150x70.webp 150w, https:\/\/procomexpachuca.com\/wp-content\/uploads\/2024\/12\/ESP-PEQ-1-480x224.webp 480w, https:\/\/procomexpachuca.com\/wp-content\/uploads\/2024\/12\/ESP-PEQ-1.webp 1164w\" sizes=\"(max-width:767px) 480px, (max-width:1024px) 100vw, 1024px\" \/>\t\t\t\t\t\t\t\t\t\t\t\t\t\t\t<\/div>\n\t\t\t\t<\/div>\n\t\t\t\t\t<\/div>\n\t\t\t\t<\/div>\n\t\t<div class=\"elementor-element elementor-element-309f389 e-flex e-con-boxed e-con e-parent\" data-id=\"309f389\" data-element_type=\"container\" data-e-type=\"container\">\n\t\t\t\t\t<div class=\"e-con-inner\">\n\t\t\t\t<div class=\"elementor-element elementor-element-7ce4723 elementor-widget elementor-widget-text-editor\" data-id=\"7ce4723\" data-element_type=\"widget\" data-e-type=\"widget\" data-widget_type=\"text-editor.default\">\n\t\t\t\t<div class=\"elementor-widget-container\">\n\t\t\t\t\t\t\t\t\t<p>La manera m\u00e1s f\u00e1cil de equilibrar los colores y encontrar un balance en la decoraci\u00f3n, es equilibrando correctamente cada color.<\/p><p>Esto quiere decir que debes aplicar 3 colores diferentes en distintas proporciones: 60% de un color predominante, 30% de un color intermedio y 10% de un color acento.<\/p><p>El color predominante tienes que aplicarlo en los muros m\u00e1s grandes y largos.<\/p><p>El color intermedio lo aplicas en las paredes m\u00e1s cortas, son las que tienen ventanas y puertas, lo puedes aplicar en franjas o bloques de color.<\/p><p>El color acento puede ir en marcos de puertas y ventanas.<\/p>\t\t\t\t\t\t\t\t<\/div>\n\t\t\t\t<\/div>\n\t\t\t\t\t<\/div>\n\t\t\t\t<\/div>\n\t\t<div class=\"elementor-element elementor-element-0f18e58 e-flex e-con-boxed e-con e-parent\" data-id=\"0f18e58\" data-element_type=\"container\" data-e-type=\"container\" data-settings=\"{&quot;background_background&quot;:&quot;classic&quot;}\">\n\t\t\t\t\t<div class=\"e-con-inner\">\n\t\t\t\t\t<\/div>\n\t\t\t\t<\/div>\n\t\t\t\t<\/div>\n\t\t","protected":false},"excerpt":{"rendered":"<p>Crea una combinaci\u00f3n equilibrada La manera m\u00e1s f\u00e1cil de equilibrar los colores y encontrar un balance en la decoraci\u00f3n, es equilibrando correctamente cada color. Esto quiere<span class=\"excerpt-hellip\"> [\u2026]<\/span><\/p>\n","protected":false},"author":1,"featured_media":0,"parent":0,"menu_order":0,"comment_status":"closed","ping_status":"closed","template":"","meta":{"_monsterinsights_skip_tracking":false,"_monsterinsights_sitenote_active":false,"_monsterinsights_sitenote_note":"","_monsterinsights_sitenote_category":0,"footnotes":""},"class_list":["post-1218","page","type-page","status-publish","hentry"],"_links":{"self":[{"href":"https:\/\/procomexpachuca.com\/index.php?rest_route=\/wp\/v2\/pages\/1218","targetHints":{"allow":["GET"]}}],"collection":[{"href":"https:\/\/procomexpachuca.com\/index.php?rest_route=\/wp\/v2\/pages"}],"about":[{"href":"https:\/\/procomexpachuca.com\/index.php?rest_route=\/wp\/v2\/types\/page"}],"author":[{"embeddable":true,"href":"https:\/\/procomexpachuca.com\/index.php?rest_route=\/wp\/v2\/users\/1"}],"replies":[{"embeddable":true,"href":"https:\/\/procomexpachuca.com\/index.php?rest_route=%2Fwp%2Fv2%2Fcomments&post=1218"}],"version-history":[{"count":13,"href":"https:\/\/procomexpachuca.com\/index.php?rest_route=\/wp\/v2\/pages\/1218\/revisions"}],"predecessor-version":[{"id":1942,"href":"https:\/\/procomexpachuca.com\/index.php?rest_route=\/wp\/v2\/pages\/1218\/revisions\/1942"}],"wp:attachment":[{"href":"https:\/\/procomexpachuca.com\/index.php?rest_route=%2Fwp%2Fv2%2Fmedia&parent=1218"}],"curies":[{"name":"wp","href":"https:\/\/api.w.org\/{rel}","templated":true}]}}