{"id":1198,"date":"2024-12-30T04:44:03","date_gmt":"2024-12-30T04:44:03","guid":{"rendered":"https:\/\/procomexpachuca.com\/?page_id=1198"},"modified":"2025-01-08T00:52:27","modified_gmt":"2025-01-08T00:52:27","slug":"blog-app-decorador","status":"publish","type":"page","link":"https:\/\/procomexpachuca.com\/?page_id=1198","title":{"rendered":"BLOG APP DECORADOR"},"content":{"rendered":"\t\t<div data-elementor-type=\"wp-page\" data-elementor-id=\"1198\" class=\"elementor elementor-1198\" data-elementor-post-type=\"page\">\n\t\t\t\t<div class=\"elementor-element elementor-element-2bde0d6 e-flex e-con-boxed e-con e-parent\" data-id=\"2bde0d6\" data-element_type=\"container\" data-e-type=\"container\" data-settings=\"{&quot;background_background&quot;:&quot;classic&quot;}\">\n\t\t\t\t\t<div class=\"e-con-inner\">\n\t\t\t\t<div class=\"elementor-element elementor-element-73bad22 elementor-widget elementor-widget-text-editor\" data-id=\"73bad22\" data-element_type=\"widget\" data-e-type=\"widget\" data-widget_type=\"text-editor.default\">\n\t\t\t\t<div class=\"elementor-widget-container\">\n\t\t\t\t\t\t\t\t\t<p>App Decorador Virtual de Comex<\/p>\t\t\t\t\t\t\t\t<\/div>\n\t\t\t\t<\/div>\n\t\t\t\t\t<\/div>\n\t\t\t\t<\/div>\n\t\t<div class=\"elementor-element elementor-element-2730eab e-flex e-con-boxed e-con e-parent\" data-id=\"2730eab\" data-element_type=\"container\" data-e-type=\"container\">\n\t\t\t\t\t<div class=\"e-con-inner\">\n\t\t\t\t<div class=\"elementor-element elementor-element-e0deb37 elementor-widget elementor-widget-image\" data-id=\"e0deb37\" data-element_type=\"widget\" data-e-type=\"widget\" data-widget_type=\"image.default\">\n\t\t\t\t<div class=\"elementor-widget-container\">\n\t\t\t\t\t\t\t\t\t\t\t\t\t\t\t<img fetchpriority=\"high\" decoding=\"async\" width=\"1024\" height=\"576\" src=\"https:\/\/procomexpachuca.com\/wp-content\/uploads\/2024\/12\/decorador-1024x576.webp\" class=\"attachment-large size-large wp-image-1013\" alt=\"\" srcset=\"https:\/\/procomexpachuca.com\/wp-content\/uploads\/2024\/12\/decorador-1024x576.webp 1024w, https:\/\/procomexpachuca.com\/wp-content\/uploads\/2024\/12\/decorador-300x169.webp 300w, https:\/\/procomexpachuca.com\/wp-content\/uploads\/2024\/12\/decorador-768x432.webp 768w, https:\/\/procomexpachuca.com\/wp-content\/uploads\/2024\/12\/decorador-133x75.webp 133w, https:\/\/procomexpachuca.com\/wp-content\/uploads\/2024\/12\/decorador-480x270.webp 480w, https:\/\/procomexpachuca.com\/wp-content\/uploads\/2024\/12\/decorador.webp 1280w\" sizes=\"(max-width:767px) 480px, (max-width:1024px) 100vw, 1024px\" \/>\t\t\t\t\t\t\t\t\t\t\t\t\t\t\t<\/div>\n\t\t\t\t<\/div>\n\t\t\t\t\t<\/div>\n\t\t\t\t<\/div>\n\t\t<div class=\"elementor-element elementor-element-ed91b60 e-flex e-con-boxed e-con e-parent\" data-id=\"ed91b60\" data-element_type=\"container\" data-e-type=\"container\">\n\t\t\t\t\t<div class=\"e-con-inner\">\n\t\t\t\t<div class=\"elementor-element elementor-element-e458fd5 elementor-widget elementor-widget-text-editor\" data-id=\"e458fd5\" data-element_type=\"widget\" data-e-type=\"widget\" data-widget_type=\"text-editor.default\">\n\t\t\t\t<div class=\"elementor-widget-container\">\n\t\t\t\t\t\t\t\t\t<p style=\"box-sizing: inherit; font-style: normal; font-variant-ligatures: normal; font-variant-caps: normal; font-weight: 400; font-size: 14px; font-family: Montserrat, -apple-system, BlinkMacSystemFont, 'Segoe UI', Roboto, Oxygen-Sans, Ubuntu, Cantarell, 'Helvetica Neue', sans-serif; color: #828282;\">Si aun no sabes que color elegir, no te preocupes. Descarga nuestra App Decorador Virtual, y prueba distintas combinaciones.\u00a0 Es muy f\u00e1cil, solo sigue los siguientes pasos.<\/p><div class=\"wp-block-spacer\" style=\"box-sizing: inherit; font-style: normal; font-variant-ligatures: normal; font-variant-caps: normal; font-weight: 400; font-size: 14px; font-family: Montserrat, -apple-system, BlinkMacSystemFont, 'Segoe UI', Roboto, Oxygen-Sans, Ubuntu, Cantarell, 'Helvetica Neue', sans-serif; clear: both; color: #828282; height: 20px;\" aria-hidden=\"true\">\u00a0<\/div><ol class=\"wp-block-list\" style=\"font-style: normal; font-variant-ligatures: normal; font-variant-caps: normal; font-weight: 400; font-size: 14px; font-family: Montserrat, -apple-system, BlinkMacSystemFont, 'Segoe UI', Roboto, Oxygen-Sans, Ubuntu, Cantarell, 'Helvetica Neue', sans-serif; color: #737e86;\" type=\"1\"><li style=\"box-sizing: inherit;\">Descargar la App Decorador Virtual de Comex.<\/li><li style=\"box-sizing: inherit;\">Toma una de tu espacio a renovar o toma una de tu biblioteca.<\/li><li style=\"box-sizing: inherit;\">Elige entre una amplia variedad de colores y realiza tus combinaciones.<\/li><li style=\"box-sizing: inherit;\">Para que no te falte material puedes utilizar la calculadora Virtual para obtener las cantidades que necesitaras solo ingresa las medidas de tu superficie y en segundos tendr\u00e1s el c\u00e1lculo.<\/li><li style=\"box-sizing: inherit;\">Selecciona la opci\u00f3n Tiendas Comex y encuentra la m\u00e1s cercanas a tu ubicaci\u00f3n.<\/li><\/ol><div class=\"wp-block-spacer\" style=\"box-sizing: inherit; font-style: normal; font-variant-ligatures: normal; font-variant-caps: normal; font-weight: 400; font-size: 14px; font-family: Montserrat, -apple-system, BlinkMacSystemFont, 'Segoe UI', Roboto, Oxygen-Sans, Ubuntu, Cantarell, 'Helvetica Neue', sans-serif; clear: both; color: #828282; height: 20px;\" aria-hidden=\"true\">\u00a0<\/div><p style=\"box-sizing: inherit; font-style: normal; font-variant-ligatures: normal; font-variant-caps: normal; font-weight: 400; font-size: 14px; font-family: Montserrat, -apple-system, BlinkMacSystemFont, 'Segoe UI', Roboto, Oxygen-Sans, Ubuntu, Cantarell, 'Helvetica Neue', sans-serif; color: #828282;\"><strong>\u00a1Listo! Haz realidad tus sue\u00f1os.<\/strong><\/p>\t\t\t\t\t\t\t\t<\/div>\n\t\t\t\t<\/div>\n\t\t\t\t\t<\/div>\n\t\t\t\t<\/div>\n\t\t<div class=\"elementor-element elementor-element-5b9e07f e-flex e-con-boxed e-con e-parent\" data-id=\"5b9e07f\" data-element_type=\"container\" data-e-type=\"container\">\n\t\t\t\t\t<div class=\"e-con-inner\">\n\t\t\t\t<div class=\"elementor-element elementor-element-84ca262 elementor-widget elementor-widget-video\" data-id=\"84ca262\" data-element_type=\"widget\" data-e-type=\"widget\" data-settings=\"{&quot;youtube_url&quot;:&quot;https:\\\/\\\/youtu.be\\\/EclfPL7FWhc&quot;,&quot;video_type&quot;:&quot;youtube&quot;,&quot;controls&quot;:&quot;yes&quot;}\" data-widget_type=\"video.default\">\n\t\t\t\t<div class=\"elementor-widget-container\">\n\t\t\t\t\t\t\t<div class=\"elementor-wrapper elementor-open-inline\">\n\t\t\t<div class=\"elementor-video\"><\/div>\t\t<\/div>\n\t\t\t\t\t\t<\/div>\n\t\t\t\t<\/div>\n\t\t\t\t\t<\/div>\n\t\t\t\t<\/div>\n\t\t<div class=\"elementor-element elementor-element-1261769 e-flex e-con-boxed e-con e-parent\" data-id=\"1261769\" data-element_type=\"container\" data-e-type=\"container\" data-settings=\"{&quot;background_background&quot;:&quot;classic&quot;}\">\n\t\t\t\t\t<div class=\"e-con-inner\">\n\t\t\t\t\t<\/div>\n\t\t\t\t<\/div>\n\t\t\t\t<\/div>\n\t\t","protected":false},"excerpt":{"rendered":"<p>App Decorador Virtual de Comex Si aun no sabes que color elegir, no te preocupes. Descarga nuestra App Decorador Virtual, y prueba distintas combinaciones.\u00a0 Es muy<span class=\"excerpt-hellip\"> [\u2026]<\/span><\/p>\n","protected":false},"author":1,"featured_media":0,"parent":0,"menu_order":0,"comment_status":"closed","ping_status":"closed","template":"","meta":{"_monsterinsights_skip_tracking":false,"_monsterinsights_sitenote_active":false,"_monsterinsights_sitenote_note":"","_monsterinsights_sitenote_category":0,"footnotes":""},"class_list":["post-1198","page","type-page","status-publish","hentry"],"_links":{"self":[{"href":"https:\/\/procomexpachuca.com\/index.php?rest_route=\/wp\/v2\/pages\/1198","targetHints":{"allow":["GET"]}}],"collection":[{"href":"https:\/\/procomexpachuca.com\/index.php?rest_route=\/wp\/v2\/pages"}],"about":[{"href":"https:\/\/procomexpachuca.com\/index.php?rest_route=\/wp\/v2\/types\/page"}],"author":[{"embeddable":true,"href":"https:\/\/procomexpachuca.com\/index.php?rest_route=\/wp\/v2\/users\/1"}],"replies":[{"embeddable":true,"href":"https:\/\/procomexpachuca.com\/index.php?rest_route=%2Fwp%2Fv2%2Fcomments&post=1198"}],"version-history":[{"count":4,"href":"https:\/\/procomexpachuca.com\/index.php?rest_route=\/wp\/v2\/pages\/1198\/revisions"}],"predecessor-version":[{"id":1549,"href":"https:\/\/procomexpachuca.com\/index.php?rest_route=\/wp\/v2\/pages\/1198\/revisions\/1549"}],"wp:attachment":[{"href":"https:\/\/procomexpachuca.com\/index.php?rest_route=%2Fwp%2Fv2%2Fmedia&parent=1198"}],"curies":[{"name":"wp","href":"https:\/\/api.w.org\/{rel}","templated":true}]}}