{"id":1190,"date":"2024-12-30T04:42:03","date_gmt":"2024-12-30T04:42:03","guid":{"rendered":"https:\/\/procomexpachuca.com\/?page_id=1190"},"modified":"2025-05-08T23:22:41","modified_gmt":"2025-05-08T23:22:41","slug":"blog-remodelar-tu-casa","status":"publish","type":"page","link":"https:\/\/procomexpachuca.com\/?page_id=1190","title":{"rendered":"BLOG REMODELAR TU CASA"},"content":{"rendered":"\t\t<div data-elementor-type=\"wp-page\" data-elementor-id=\"1190\" class=\"elementor elementor-1190\" data-elementor-post-type=\"page\">\n\t\t\t\t<div class=\"elementor-element elementor-element-5acc183 e-flex e-con-boxed e-con e-parent\" data-id=\"5acc183\" data-element_type=\"container\" data-e-type=\"container\" data-settings=\"{&quot;background_background&quot;:&quot;classic&quot;}\">\n\t\t\t\t\t<div class=\"e-con-inner\">\n\t\t\t\t<div class=\"elementor-element elementor-element-dc63581 elementor-widget elementor-widget-text-editor\" data-id=\"dc63581\" data-element_type=\"widget\" data-e-type=\"widget\" data-widget_type=\"text-editor.default\">\n\t\t\t\t<div class=\"elementor-widget-container\">\n\t\t\t\t\t\t\t\t\t<h1 class=\"entry-title\">\u00bfEs tiempo de remodelar tu casa?<\/h1>\t\t\t\t\t\t\t\t<\/div>\n\t\t\t\t<\/div>\n\t\t\t\t\t<\/div>\n\t\t\t\t<\/div>\n\t\t<div class=\"elementor-element elementor-element-1452be0 e-flex e-con-boxed e-con e-parent\" data-id=\"1452be0\" data-element_type=\"container\" data-e-type=\"container\">\n\t\t\t\t\t<div class=\"e-con-inner\">\n\t\t\t\t<div class=\"elementor-element elementor-element-e1420ec elementor-widget elementor-widget-image\" data-id=\"e1420ec\" data-element_type=\"widget\" data-e-type=\"widget\" data-widget_type=\"image.default\">\n\t\t\t\t<div class=\"elementor-widget-container\">\n\t\t\t\t\t\t\t\t\t\t\t\t\t\t\t<img fetchpriority=\"high\" decoding=\"async\" width=\"1000\" height=\"664\" src=\"https:\/\/procomexpachuca.com\/wp-content\/uploads\/2024\/12\/ilustracion-diseno-vinilo-decorativo.webp\" class=\"attachment-large size-large wp-image-1027\" alt=\"\" srcset=\"https:\/\/procomexpachuca.com\/wp-content\/uploads\/2024\/12\/ilustracion-diseno-vinilo-decorativo.webp 1000w, https:\/\/procomexpachuca.com\/wp-content\/uploads\/2024\/12\/ilustracion-diseno-vinilo-decorativo-300x199.webp 300w, https:\/\/procomexpachuca.com\/wp-content\/uploads\/2024\/12\/ilustracion-diseno-vinilo-decorativo-768x510.webp 768w, https:\/\/procomexpachuca.com\/wp-content\/uploads\/2024\/12\/ilustracion-diseno-vinilo-decorativo-113x75.webp 113w, https:\/\/procomexpachuca.com\/wp-content\/uploads\/2024\/12\/ilustracion-diseno-vinilo-decorativo-480x319.webp 480w\" sizes=\"(max-width:767px) 480px, (max-width:1000px) 100vw, 1000px\" \/>\t\t\t\t\t\t\t\t\t\t\t\t\t\t\t<\/div>\n\t\t\t\t<\/div>\n\t\t\t\t\t<\/div>\n\t\t\t\t<\/div>\n\t\t<div class=\"elementor-element elementor-element-d692bbd e-flex e-con-boxed e-con e-parent\" data-id=\"d692bbd\" data-element_type=\"container\" data-e-type=\"container\">\n\t\t\t\t\t<div class=\"e-con-inner\">\n\t\t\t\t<div class=\"elementor-element elementor-element-39a1cd1 elementor-widget elementor-widget-text-editor\" data-id=\"39a1cd1\" data-element_type=\"widget\" data-e-type=\"widget\" data-widget_type=\"text-editor.default\">\n\t\t\t\t<div class=\"elementor-widget-container\">\n\t\t\t\t\t\t\t\t\t<p style=\"box-sizing: inherit; font-style: normal; font-variant-ligatures: normal; font-variant-caps: normal; font-weight: 400; font-size: 14px; font-family: Montserrat, -apple-system, BlinkMacSystemFont, 'Segoe UI', Roboto, Oxygen-Sans, Ubuntu, Cantarell, 'Helvetica Neue', sans-serif; color: #828282;\">Hay tantos cambios que quisieras hacerle a tu casa para convertirla en un lugar de ensue\u00f1os, pero estas ideas normalmente se quedan en nuestra cabeza por una simple raz\u00f3n: falta de tiempo.<\/p><p style=\"box-sizing: inherit; font-style: normal; font-variant-ligatures: normal; font-variant-caps: normal; font-weight: 400; font-size: 14px; font-family: Montserrat, -apple-system, BlinkMacSystemFont, 'Segoe UI', Roboto, Oxygen-Sans, Ubuntu, Cantarell, 'Helvetica Neue', sans-serif; color: #828282;\">\u00a0 Es momento de quedarnos en casa y pasar tiempo con la familia embelleciendo aquellos espacios.<\/p><p style=\"box-sizing: inherit; font-style: normal; font-variant-ligatures: normal; font-variant-caps: normal; font-weight: 400; font-size: 14px; font-family: Montserrat, -apple-system, BlinkMacSystemFont, 'Segoe UI', Roboto, Oxygen-Sans, Ubuntu, Cantarell, 'Helvetica Neue', sans-serif; color: #828282;\">\u00a0Es por eso que te compartimos 2 ideas para hacer con tu familia y juntos convertirla en ese lugar de ensue\u00f1o.<\/p><p style=\"box-sizing: inherit; font-style: normal; font-variant-ligatures: normal; font-variant-caps: normal; font-weight: 400; font-size: 14px; font-family: Montserrat, -apple-system, BlinkMacSystemFont, 'Segoe UI', Roboto, Oxygen-Sans, Ubuntu, Cantarell, 'Helvetica Neue', sans-serif; color: #828282;\"><span style=\"box-sizing: inherit; font-weight: bold;\">Pintura de Pizarr\u00f3n<\/span><\/p><p style=\"box-sizing: inherit; font-style: normal; font-variant-ligatures: normal; font-variant-caps: normal; font-weight: 400; font-size: 14px; font-family: Montserrat, -apple-system, BlinkMacSystemFont, 'Segoe UI', Roboto, Oxygen-Sans, Ubuntu, Cantarell, 'Helvetica Neue', sans-serif; color: #828282;\">La pintura de pizarr\u00f3n no emite olores y es agradable con el medio ambiente.<\/p><p style=\"box-sizing: inherit; font-style: normal; font-variant-ligatures: normal; font-variant-caps: normal; font-weight: 400; font-size: 14px; font-family: Montserrat, -apple-system, BlinkMacSystemFont, 'Segoe UI', Roboto, Oxygen-Sans, Ubuntu, Cantarell, 'Helvetica Neue', sans-serif; color: #828282;\"><span style=\"box-sizing: inherit; font-weight: bold;\">Materiales a utilizar<\/span><\/p><div class=\"wp-block-image\" style=\"box-sizing: inherit; font-style: normal; font-variant-ligatures: normal; font-variant-caps: normal; font-weight: 400; font-size: 14px; font-family: Montserrat, -apple-system, BlinkMacSystemFont, 'Segoe UI', Roboto, Oxygen-Sans, Ubuntu, Cantarell, 'Helvetica Neue', sans-serif; color: #828282;\"><figure class=\"alignright is-resized\" style=\"margin-top: 0.5em; margin-bottom: 0.5em; margin-left: 1em; box-sizing: inherit; display: table;\"><img decoding=\"async\" class=\"wp-image-1274\" style=\"border-width: 0px; border-style: initial; vertical-align: bottom;\" src=\"https:\/\/pingol.com.mx\/wp-content\/uploads\/2020\/04\/pizzarr%C3%B3n-1024x683.jpg\" alt=\"\" width=\"284\" height=\"189\" \/><\/figure><\/div><ul class=\"wp-block-list\" style=\"font-style: normal; font-variant-ligatures: normal; font-variant-caps: normal; font-weight: 400; font-size: 14px; font-family: Montserrat, -apple-system, BlinkMacSystemFont, 'Segoe UI', Roboto, Oxygen-Sans, Ubuntu, Cantarell, 'Helvetica Neue', sans-serif; color: #737e86;\"><li style=\"box-sizing: inherit;\">Pintura Pizarr\u00f3n<\/li><li style=\"box-sizing: inherit;\">Pintura de Pizarr\u00f3n Aero Comex<\/li><li style=\"box-sizing: inherit;\">Sellador 5\u00d71<\/li><li style=\"box-sizing: inherit;\">Pinta Pad<\/li><li style=\"box-sizing: inherit;\">Cinta azul de baja adherencia.<\/li><li style=\"box-sizing: inherit;\">Plasti \u2013 protector uso rudo<\/li><li style=\"box-sizing: inherit;\">Charola<\/li><\/ul><p style=\"box-sizing: inherit; font-style: normal; font-variant-ligatures: normal; font-variant-caps: normal; font-weight: 400; font-size: 14px; font-family: Montserrat, -apple-system, BlinkMacSystemFont, 'Segoe UI', Roboto, Oxygen-Sans, Ubuntu, Cantarell, 'Helvetica Neue', sans-serif; color: #828282;\"><span style=\"box-sizing: inherit; font-weight: bold;\">Aplicaci\u00f3n<\/span><\/p><ul class=\"wp-block-list\" style=\"font-style: normal; font-variant-ligatures: normal; font-variant-caps: normal; font-weight: 400; font-size: 14px; font-family: Montserrat, -apple-system, BlinkMacSystemFont, 'Segoe UI', Roboto, Oxygen-Sans, Ubuntu, Cantarell, 'Helvetica Neue', sans-serif; color: #737e86;\"><li style=\"box-sizing: inherit;\">Antes de aplicar la pintura prepara y sella la superficie dejando secar 60 minutos.<\/li><li style=\"box-sizing: inherit;\">Utiliza el plastiprotector para cubrir el suelo y las superficies.<\/li><li style=\"box-sizing: inherit;\">Pon un poco de pintura en la charola y con ayuda de la Pinta Pad apl\u00edcala sobre la superficie a pintar.<\/li><li style=\"box-sizing: inherit;\">Tienes que dejar secar la pared por 3 d\u00edas antes de utilizar como pizarr\u00f3n.<\/li><li style=\"box-sizing: inherit;\">Si quieres u utilizar la pintura de pizarr\u00f3n para objetos de menor tama\u00f1o utiliza Aero Comex Pizarr\u00f3n.<\/li><\/ul><p style=\"box-sizing: inherit; font-style: normal; font-variant-ligatures: normal; font-variant-caps: normal; font-weight: 400; font-size: 14px; font-family: Montserrat, -apple-system, BlinkMacSystemFont, 'Segoe UI', Roboto, Oxygen-Sans, Ubuntu, Cantarell, 'Helvetica Neue', sans-serif; color: #828282;\"><span style=\"box-sizing: inherit; font-weight: bold;\">Combinaci\u00f3n 3c<\/span><\/p><div class=\"wp-block-image\" style=\"box-sizing: inherit; font-style: normal; font-variant-ligatures: normal; font-variant-caps: normal; font-weight: 400; font-size: 14px; font-family: Montserrat, -apple-system, BlinkMacSystemFont, 'Segoe UI', Roboto, Oxygen-Sans, Ubuntu, Cantarell, 'Helvetica Neue', sans-serif; color: #828282;\"><figure class=\"alignright\" style=\"margin-top: 0.5em; margin-bottom: 0.5em; margin-left: 1em; box-sizing: inherit; display: table;\"><img decoding=\"async\" class=\"wp-image-1277\" style=\"border-width: 0px; border-style: initial; vertical-align: bottom;\" src=\"https:\/\/pingol.com.mx\/wp-content\/uploads\/2020\/04\/82ff071c0b81a0f7af6122b5d6190620.jpg\" alt=\"\" \/><\/figure><\/div><p style=\"box-sizing: inherit; font-style: normal; font-variant-ligatures: normal; font-variant-caps: normal; font-weight: 400; font-size: 14px; font-family: Montserrat, -apple-system, BlinkMacSystemFont, 'Segoe UI', Roboto, Oxygen-Sans, Ubuntu, Cantarell, 'Helvetica Neue', sans-serif; color: #828282;\"><span style=\"box-sizing: inherit; font-weight: bold;\">Materiales a utilizar<\/span><\/p><ul class=\"wp-block-list\" style=\"font-style: normal; font-variant-ligatures: normal; font-variant-caps: normal; font-weight: 400; font-size: 14px; font-family: Montserrat, -apple-system, BlinkMacSystemFont, 'Segoe UI', Roboto, Oxygen-Sans, Ubuntu, Cantarell, 'Helvetica Neue', sans-serif; color: #737e86;\"><li style=\"box-sizing: inherit;\">Nuestra pintura Vinimex<\/li><li style=\"box-sizing: inherit;\">1 trapo de algod\u00f3n (para limpiar nuestra superficie).<\/li><li style=\"box-sizing: inherit;\">Plastiprotector (para proteger el suelo o muebles).<\/li><li style=\"box-sizing: inherit;\">1 brocha sint\u00e9tica.<\/li><li style=\"box-sizing: inherit;\">1 rodillo de felpa liso.<\/li><li style=\"box-sizing: inherit;\">Sellador 5\u00d71.<\/li><li style=\"box-sizing: inherit;\">Cinta azul de baja adherencia.<\/li><li style=\"box-sizing: inherit;\">Charola.<\/li><\/ul><p style=\"box-sizing: inherit; font-style: normal; font-variant-ligatures: normal; font-variant-caps: normal; font-weight: 400; font-size: 14px; font-family: Montserrat, -apple-system, BlinkMacSystemFont, 'Segoe UI', Roboto, Oxygen-Sans, Ubuntu, Cantarell, 'Helvetica Neue', sans-serif; color: #828282;\"><span style=\"box-sizing: inherit; font-weight: bold;\">Paso 1<\/span><\/p><p style=\"box-sizing: inherit; font-style: normal; font-variant-ligatures: normal; font-variant-caps: normal; font-weight: 400; font-size: 14px; font-family: Montserrat, -apple-system, BlinkMacSystemFont, 'Segoe UI', Roboto, Oxygen-Sans, Ubuntu, Cantarell, 'Helvetica Neue', sans-serif; color: #828282;\">Primero limpiaremos nuestra superficie para quitar las ser\u00e1s y polvo de nuestras paredes.<\/p><p style=\"box-sizing: inherit; font-style: normal; font-variant-ligatures: normal; font-variant-caps: normal; font-weight: 400; font-size: 14px; font-family: Montserrat, -apple-system, BlinkMacSystemFont, 'Segoe UI', Roboto, Oxygen-Sans, Ubuntu, Cantarell, 'Helvetica Neue', sans-serif; color: #828282;\">Si tenemos una superficie de yeso utilizaremos nuestro sellador 5\u00d71.<\/p><p style=\"box-sizing: inherit; font-style: normal; font-variant-ligatures: normal; font-variant-caps: normal; font-weight: 400; font-size: 14px; font-family: Montserrat, -apple-system, BlinkMacSystemFont, 'Segoe UI', Roboto, Oxygen-Sans, Ubuntu, Cantarell, 'Helvetica Neue', sans-serif; color: #828282;\">\u00a0Preparaci\u00f3n: diluiremos nuestro sellador en 3 partes de agua.<\/p><p style=\"box-sizing: inherit; font-style: normal; font-variant-ligatures: normal; font-variant-caps: normal; font-weight: 400; font-size: 14px; font-family: Montserrat, -apple-system, BlinkMacSystemFont, 'Segoe UI', Roboto, Oxygen-Sans, Ubuntu, Cantarell, 'Helvetica Neue', sans-serif; color: #828282;\"><span style=\"box-sizing: inherit; font-weight: bold;\">Paso 2<\/span><\/p><p style=\"box-sizing: inherit; font-style: normal; font-variant-ligatures: normal; font-variant-caps: normal; font-weight: 400; font-size: 14px; font-family: Montserrat, -apple-system, BlinkMacSystemFont, 'Segoe UI', Roboto, Oxygen-Sans, Ubuntu, Cantarell, 'Helvetica Neue', sans-serif; color: #828282;\">Usaremos nuestra cinta de baja adherencia para marcar el dise\u00f1o que hemos elegido para nuestra combinaci\u00f3n 3c.<\/p><p style=\"box-sizing: inherit; font-style: normal; font-variant-ligatures: normal; font-variant-caps: normal; font-weight: 400; font-size: 14px; font-family: Montserrat, -apple-system, BlinkMacSystemFont, 'Segoe UI', Roboto, Oxygen-Sans, Ubuntu, Cantarell, 'Helvetica Neue', sans-serif; color: #828282;\"><span style=\"box-sizing: inherit; font-weight: bold;\">Paso 3<\/span><\/p><p style=\"box-sizing: inherit; font-style: normal; font-variant-ligatures: normal; font-variant-caps: normal; font-weight: 400; font-size: 14px; font-family: Montserrat, -apple-system, BlinkMacSystemFont, 'Segoe UI', Roboto, Oxygen-Sans, Ubuntu, Cantarell, 'Helvetica Neue', sans-serif; color: #828282;\">Prepararemos nuestra pintura Vinimex, diluyendo de 10 a 15% en agua y la mezclaremos hasta tener una consistencia uniforme.<\/p><p style=\"box-sizing: inherit; font-style: normal; font-variant-ligatures: normal; font-variant-caps: normal; font-weight: 400; font-size: 14px; font-family: Montserrat, -apple-system, BlinkMacSystemFont, 'Segoe UI', Roboto, Oxygen-Sans, Ubuntu, Cantarell, 'Helvetica Neue', sans-serif; color: #828282;\"><span style=\"box-sizing: inherit; font-weight: bold;\">Paso 4<\/span><\/p><p style=\"box-sizing: inherit; font-style: normal; font-variant-ligatures: normal; font-variant-caps: normal; font-weight: 400; font-size: 14px; font-family: Montserrat, -apple-system, BlinkMacSystemFont, 'Segoe UI', Roboto, Oxygen-Sans, Ubuntu, Cantarell, 'Helvetica Neue', sans-serif; color: #828282;\">Aplicaremos nuestra pintura con el rodillo y utilizaremos la brocha para los acabados. El tiempo de secado de nuestra superficie es de 30 minutos al tacto y si deseamos darle una segunda mano ser\u00e1 de 1 hora.<\/p><p style=\"box-sizing: inherit; font-style: normal; font-variant-ligatures: normal; font-variant-caps: normal; font-weight: 400; font-size: 14px; font-family: Montserrat, -apple-system, BlinkMacSystemFont, 'Segoe UI', Roboto, Oxygen-Sans, Ubuntu, Cantarell, 'Helvetica Neue', sans-serif; color: #828282;\">Listo!!!!<\/p>\t\t\t\t\t\t\t\t<\/div>\n\t\t\t\t<\/div>\n\t\t\t\t\t<\/div>\n\t\t\t\t<\/div>\n\t\t<div class=\"elementor-element elementor-element-5c178a9 e-flex e-con-boxed e-con e-parent\" data-id=\"5c178a9\" data-element_type=\"container\" data-e-type=\"container\">\n\t\t\t\t\t<div class=\"e-con-inner\">\n\t\t<div class=\"elementor-element elementor-element-7a04a21 e-con-full e-flex e-con e-child\" data-id=\"7a04a21\" data-element_type=\"container\" data-e-type=\"container\">\n\t\t\t\t<div class=\"elementor-element elementor-element-de4bdd8 elementor-widget elementor-widget-image\" data-id=\"de4bdd8\" data-element_type=\"widget\" data-e-type=\"widget\" data-widget_type=\"image.default\">\n\t\t\t\t<div class=\"elementor-widget-container\">\n\t\t\t\t\t\t\t\t\t\t\t\t\t\t\t<img decoding=\"async\" width=\"1024\" height=\"576\" src=\"https:\/\/procomexpachuca.com\/wp-content\/uploads\/2024\/12\/galeria-3c_11-1024x576-1.webp\" class=\"attachment-large size-large wp-image-1033\" alt=\"\" srcset=\"https:\/\/procomexpachuca.com\/wp-content\/uploads\/2024\/12\/galeria-3c_11-1024x576-1.webp 1024w, https:\/\/procomexpachuca.com\/wp-content\/uploads\/2024\/12\/galeria-3c_11-1024x576-1-300x169.webp 300w, https:\/\/procomexpachuca.com\/wp-content\/uploads\/2024\/12\/galeria-3c_11-1024x576-1-768x432.webp 768w, https:\/\/procomexpachuca.com\/wp-content\/uploads\/2024\/12\/galeria-3c_11-1024x576-1-133x75.webp 133w, https:\/\/procomexpachuca.com\/wp-content\/uploads\/2024\/12\/galeria-3c_11-1024x576-1-480x270.webp 480w\" sizes=\"(max-width:767px) 480px, (max-width:1024px) 100vw, 1024px\" \/>\t\t\t\t\t\t\t\t\t\t\t\t\t\t\t<\/div>\n\t\t\t\t<\/div>\n\t\t\t\t<\/div>\n\t\t<div class=\"elementor-element elementor-element-210b160 e-con-full e-flex e-con e-child\" data-id=\"210b160\" data-element_type=\"container\" data-e-type=\"container\">\n\t\t\t\t<div class=\"elementor-element elementor-element-ccc1a84 elementor-widget elementor-widget-image\" data-id=\"ccc1a84\" data-element_type=\"widget\" data-e-type=\"widget\" data-widget_type=\"image.default\">\n\t\t\t\t<div class=\"elementor-widget-container\">\n\t\t\t\t\t\t\t\t\t\t\t\t\t\t\t<img loading=\"lazy\" decoding=\"async\" width=\"1000\" height=\"664\" src=\"https:\/\/procomexpachuca.com\/wp-content\/uploads\/2024\/12\/ilustracion-diseno-vinilo-decorativo.jpg\" class=\"attachment-large size-large wp-image-1050\" alt=\"\" srcset=\"https:\/\/procomexpachuca.com\/wp-content\/uploads\/2024\/12\/ilustracion-diseno-vinilo-decorativo.jpg 1000w, https:\/\/procomexpachuca.com\/wp-content\/uploads\/2024\/12\/ilustracion-diseno-vinilo-decorativo-300x199.jpg 300w, https:\/\/procomexpachuca.com\/wp-content\/uploads\/2024\/12\/ilustracion-diseno-vinilo-decorativo-768x510.jpg 768w, https:\/\/procomexpachuca.com\/wp-content\/uploads\/2024\/12\/ilustracion-diseno-vinilo-decorativo-113x75.jpg 113w, https:\/\/procomexpachuca.com\/wp-content\/uploads\/2024\/12\/ilustracion-diseno-vinilo-decorativo-480x319.jpg 480w\" sizes=\"(max-width:767px) 480px, (max-width:1000px) 100vw, 1000px\" \/>\t\t\t\t\t\t\t\t\t\t\t\t\t\t\t<\/div>\n\t\t\t\t<\/div>\n\t\t\t\t<\/div>\n\t\t\t\t\t<\/div>\n\t\t\t\t<\/div>\n\t\t<div class=\"elementor-element elementor-element-8791d8c e-flex e-con-boxed e-con e-parent\" data-id=\"8791d8c\" data-element_type=\"container\" data-e-type=\"container\" data-settings=\"{&quot;background_background&quot;:&quot;classic&quot;}\">\n\t\t\t\t\t<div class=\"e-con-inner\">\n\t\t\t\t\t<\/div>\n\t\t\t\t<\/div>\n\t\t\t\t<\/div>\n\t\t","protected":false},"excerpt":{"rendered":"<p>\u00bfEs tiempo de remodelar tu casa? Hay tantos cambios que quisieras hacerle a tu casa para convertirla en un lugar de ensue\u00f1os, pero estas ideas normalmente<span class=\"excerpt-hellip\"> [\u2026]<\/span><\/p>\n","protected":false},"author":1,"featured_media":0,"parent":0,"menu_order":0,"comment_status":"closed","ping_status":"closed","template":"","meta":{"_monsterinsights_skip_tracking":false,"_monsterinsights_sitenote_active":false,"_monsterinsights_sitenote_note":"","_monsterinsights_sitenote_category":0,"footnotes":""},"class_list":["post-1190","page","type-page","status-publish","hentry"],"_links":{"self":[{"href":"https:\/\/procomexpachuca.com\/index.php?rest_route=\/wp\/v2\/pages\/1190","targetHints":{"allow":["GET"]}}],"collection":[{"href":"https:\/\/procomexpachuca.com\/index.php?rest_route=\/wp\/v2\/pages"}],"about":[{"href":"https:\/\/procomexpachuca.com\/index.php?rest_route=\/wp\/v2\/types\/page"}],"author":[{"embeddable":true,"href":"https:\/\/procomexpachuca.com\/index.php?rest_route=\/wp\/v2\/users\/1"}],"replies":[{"embeddable":true,"href":"https:\/\/procomexpachuca.com\/index.php?rest_route=%2Fwp%2Fv2%2Fcomments&post=1190"}],"version-history":[{"count":10,"href":"https:\/\/procomexpachuca.com\/index.php?rest_route=\/wp\/v2\/pages\/1190\/revisions"}],"predecessor-version":[{"id":2028,"href":"https:\/\/procomexpachuca.com\/index.php?rest_route=\/wp\/v2\/pages\/1190\/revisions\/2028"}],"wp:attachment":[{"href":"https:\/\/procomexpachuca.com\/index.php?rest_route=%2Fwp%2Fv2%2Fmedia&parent=1190"}],"curies":[{"name":"wp","href":"https:\/\/api.w.org\/{rel}","templated":true}]}}