{"id":1188,"date":"2024-12-30T04:41:00","date_gmt":"2024-12-30T04:41:00","guid":{"rendered":"https:\/\/procomexpachuca.com\/?page_id=1188"},"modified":"2025-01-08T00:34:46","modified_gmt":"2025-01-08T00:34:46","slug":"blog-10-de-mayo","status":"publish","type":"page","link":"https:\/\/procomexpachuca.com\/?page_id=1188","title":{"rendered":"BLOG 10 DE MAYO"},"content":{"rendered":"\t\t<div data-elementor-type=\"wp-page\" data-elementor-id=\"1188\" class=\"elementor elementor-1188\" data-elementor-post-type=\"page\">\n\t\t\t\t<div class=\"elementor-element elementor-element-65a61e8 e-flex e-con-boxed e-con e-parent\" data-id=\"65a61e8\" data-element_type=\"container\" data-e-type=\"container\" data-settings=\"{&quot;background_background&quot;:&quot;classic&quot;}\">\n\t\t\t\t\t<div class=\"e-con-inner\">\n\t\t\t\t<div class=\"elementor-element elementor-element-16a6c7f elementor-widget elementor-widget-text-editor\" data-id=\"16a6c7f\" data-element_type=\"widget\" data-e-type=\"widget\" data-widget_type=\"text-editor.default\">\n\t\t\t\t<div class=\"elementor-widget-container\">\n\t\t\t\t\t\t\t\t\t<p style=\"text-align: center;\">Festeja el D\u00eda 10 de mayo con Comex<\/p>\t\t\t\t\t\t\t\t<\/div>\n\t\t\t\t<\/div>\n\t\t\t\t\t<\/div>\n\t\t\t\t<\/div>\n\t\t<div class=\"elementor-element elementor-element-434a260 e-flex e-con-boxed e-con e-parent\" data-id=\"434a260\" data-element_type=\"container\" data-e-type=\"container\">\n\t\t\t\t\t<div class=\"e-con-inner\">\n\t\t\t\t<div class=\"elementor-element elementor-element-2eed95b elementor-widget elementor-widget-image\" data-id=\"2eed95b\" data-element_type=\"widget\" data-e-type=\"widget\" data-widget_type=\"image.default\">\n\t\t\t\t<div class=\"elementor-widget-container\">\n\t\t\t\t\t\t\t\t\t\t\t\t\t\t\t<img fetchpriority=\"high\" decoding=\"async\" width=\"1024\" height=\"576\" src=\"https:\/\/procomexpachuca.com\/wp-content\/uploads\/2024\/12\/recamara-color-calido-audaz-muebels-madera-1024x576-1.webp\" class=\"attachment-large size-large wp-image-1036\" alt=\"\" srcset=\"https:\/\/procomexpachuca.com\/wp-content\/uploads\/2024\/12\/recamara-color-calido-audaz-muebels-madera-1024x576-1.webp 1024w, https:\/\/procomexpachuca.com\/wp-content\/uploads\/2024\/12\/recamara-color-calido-audaz-muebels-madera-1024x576-1-300x169.webp 300w, https:\/\/procomexpachuca.com\/wp-content\/uploads\/2024\/12\/recamara-color-calido-audaz-muebels-madera-1024x576-1-768x432.webp 768w, https:\/\/procomexpachuca.com\/wp-content\/uploads\/2024\/12\/recamara-color-calido-audaz-muebels-madera-1024x576-1-133x75.webp 133w, https:\/\/procomexpachuca.com\/wp-content\/uploads\/2024\/12\/recamara-color-calido-audaz-muebels-madera-1024x576-1-480x270.webp 480w\" sizes=\"(max-width:767px) 480px, (max-width:1024px) 100vw, 1024px\" \/>\t\t\t\t\t\t\t\t\t\t\t\t\t\t\t<\/div>\n\t\t\t\t<\/div>\n\t\t\t\t\t<\/div>\n\t\t\t\t<\/div>\n\t\t<div class=\"elementor-element elementor-element-7235c77 e-flex e-con-boxed e-con e-parent\" data-id=\"7235c77\" data-element_type=\"container\" data-e-type=\"container\">\n\t\t\t\t\t<div class=\"e-con-inner\">\n\t\t\t\t<div class=\"elementor-element elementor-element-2dd94d8 elementor-widget elementor-widget-text-editor\" data-id=\"2dd94d8\" data-element_type=\"widget\" data-e-type=\"widget\" data-widget_type=\"text-editor.default\">\n\t\t\t\t<div class=\"elementor-widget-container\">\n\t\t\t\t\t\t\t\t\t<p>Este mes de las madres Comex te da algunas ideas para festejar a uno de los pilares m\u00e1s importantes de la familia \u201cLA MADRE\u201d. Es el mejor momento para regalarle una remodelaci\u00f3n de su hogar.<\/p><p>\u00a0Aqu\u00ed te compartimos algunas ideas.<\/p><p>Con nuestra l\u00ednea\u00a0<strong>PolyForm<\/strong>, podr\u00e1s pintar aquellos muebles desgastados y hacerlos lucir como nuevos.<\/p><p><strong>Con PolyForm Tinte base agua *CC<\/strong><\/p><p>Podr\u00e1s cambiar la tonalidad de la madera realzando su veta, evitando dejar olores desagradables.<\/p><p>Caracter\u00edsticas de PolyForm Tinta base agua<\/p><p>Cambia el color de la madera sin perder la veta.<\/p><p>Facilidad de aplicaci\u00f3n (puedes aplicarlo con una brocha).<\/p><p>Puedes elegir entre m\u00e1s de 230 colores para renovar tus muebles.<\/p><p>Tiempo de secado es de 30 minutos al tacto y para sellar 2 horas.<\/p><p>Ahora bien, si quieres lucirte puedes re modelar su habitaci\u00f3n, para que sea el lugar m\u00e1s indicado para propiciar el descanso y la calma.<\/p><p>Utiliza la F\u00f3rmula 3C de Comex que consiste en encontrar la proporci\u00f3n ideal en tres tonos diferentes de color. Lograrlo es muy sencillo, divide la habitaci\u00f3n en tres partes y asigna un color.<\/p><p><strong>Vinimex Total,<\/strong>\u00a0es producto ideal ya que por su tecnolog\u00eda la hace la m\u00e1s indicada.<\/p><p>Caracter\u00edsticas de la Vinimex Total<\/p><p>M\u00e1xima Resistencia a la humedad<\/p><p>M\u00e1xima lavabilidad<\/p><p>Puedes elegir entre m\u00e1s de 3,500 colores<\/p><p>Te da acabados Satinados y mate<\/p><p>Tiempo de Secado es de 30 minutos al tacto<\/p><p>Esperamos que estas ideas te puedan servir este 10 de mayo.<\/p>\t\t\t\t\t\t\t\t<\/div>\n\t\t\t\t<\/div>\n\t\t\t\t\t<\/div>\n\t\t\t\t<\/div>\n\t\t<div class=\"elementor-element elementor-element-ad1c5a3 e-flex e-con-boxed e-con e-parent\" data-id=\"ad1c5a3\" data-element_type=\"container\" data-e-type=\"container\">\n\t\t\t\t\t<div class=\"e-con-inner\">\n\t\t\t\t<div class=\"elementor-element elementor-element-39fd7fe elementor-widget elementor-widget-image\" data-id=\"39fd7fe\" data-element_type=\"widget\" data-e-type=\"widget\" data-widget_type=\"image.default\">\n\t\t\t\t<div class=\"elementor-widget-container\">\n\t\t\t\t\t\t\t\t\t\t\t\t\t\t\t<img decoding=\"async\" width=\"1024\" height=\"576\" src=\"https:\/\/procomexpachuca.com\/wp-content\/uploads\/2024\/12\/DTXQGgcU0AAbSdj-1024x576-1.jpg\" class=\"attachment-large size-large wp-image-1048\" alt=\"\" srcset=\"https:\/\/procomexpachuca.com\/wp-content\/uploads\/2024\/12\/DTXQGgcU0AAbSdj-1024x576-1.jpg 1024w, https:\/\/procomexpachuca.com\/wp-content\/uploads\/2024\/12\/DTXQGgcU0AAbSdj-1024x576-1-300x169.jpg 300w, https:\/\/procomexpachuca.com\/wp-content\/uploads\/2024\/12\/DTXQGgcU0AAbSdj-1024x576-1-768x432.jpg 768w, https:\/\/procomexpachuca.com\/wp-content\/uploads\/2024\/12\/DTXQGgcU0AAbSdj-1024x576-1-133x75.jpg 133w, https:\/\/procomexpachuca.com\/wp-content\/uploads\/2024\/12\/DTXQGgcU0AAbSdj-1024x576-1-480x270.jpg 480w\" sizes=\"(max-width:767px) 480px, (max-width:1024px) 100vw, 1024px\" \/>\t\t\t\t\t\t\t\t\t\t\t\t\t\t\t<\/div>\n\t\t\t\t<\/div>\n\t\t\t\t\t<\/div>\n\t\t\t\t<\/div>\n\t\t<div class=\"elementor-element elementor-element-8d213df e-flex e-con-boxed e-con e-parent\" data-id=\"8d213df\" data-element_type=\"container\" data-e-type=\"container\" data-settings=\"{&quot;background_background&quot;:&quot;classic&quot;}\">\n\t\t\t\t\t<div class=\"e-con-inner\">\n\t\t\t\t\t<\/div>\n\t\t\t\t<\/div>\n\t\t\t\t<\/div>\n\t\t","protected":false},"excerpt":{"rendered":"<p>Festeja el D\u00eda 10 de mayo con Comex Este mes de las madres Comex te da algunas ideas para festejar a uno de los pilares m\u00e1s<span class=\"excerpt-hellip\"> [\u2026]<\/span><\/p>\n","protected":false},"author":1,"featured_media":0,"parent":0,"menu_order":0,"comment_status":"closed","ping_status":"closed","template":"","meta":{"_monsterinsights_skip_tracking":false,"_monsterinsights_sitenote_active":false,"_monsterinsights_sitenote_note":"","_monsterinsights_sitenote_category":0,"footnotes":""},"class_list":["post-1188","page","type-page","status-publish","hentry"],"_links":{"self":[{"href":"https:\/\/procomexpachuca.com\/index.php?rest_route=\/wp\/v2\/pages\/1188","targetHints":{"allow":["GET"]}}],"collection":[{"href":"https:\/\/procomexpachuca.com\/index.php?rest_route=\/wp\/v2\/pages"}],"about":[{"href":"https:\/\/procomexpachuca.com\/index.php?rest_route=\/wp\/v2\/types\/page"}],"author":[{"embeddable":true,"href":"https:\/\/procomexpachuca.com\/index.php?rest_route=\/wp\/v2\/users\/1"}],"replies":[{"embeddable":true,"href":"https:\/\/procomexpachuca.com\/index.php?rest_route=%2Fwp%2Fv2%2Fcomments&post=1188"}],"version-history":[{"count":5,"href":"https:\/\/procomexpachuca.com\/index.php?rest_route=\/wp\/v2\/pages\/1188\/revisions"}],"predecessor-version":[{"id":1920,"href":"https:\/\/procomexpachuca.com\/index.php?rest_route=\/wp\/v2\/pages\/1188\/revisions\/1920"}],"wp:attachment":[{"href":"https:\/\/procomexpachuca.com\/index.php?rest_route=%2Fwp%2Fv2%2Fmedia&parent=1188"}],"curies":[{"name":"wp","href":"https:\/\/api.w.org\/{rel}","templated":true}]}}