{"id":1186,"date":"2024-12-30T04:40:12","date_gmt":"2024-12-30T04:40:12","guid":{"rendered":"https:\/\/procomexpachuca.com\/?page_id=1186"},"modified":"2025-04-30T23:10:41","modified_gmt":"2025-04-30T23:10:41","slug":"blog-el-dia-mas-colorido","status":"publish","type":"page","link":"https:\/\/procomexpachuca.com\/?page_id=1186","title":{"rendered":"BLOG EL DIA MAS COLORIDO"},"content":{"rendered":"\t\t<div data-elementor-type=\"wp-page\" data-elementor-id=\"1186\" class=\"elementor elementor-1186\" data-elementor-post-type=\"page\">\n\t\t\t\t<div class=\"elementor-element elementor-element-a48bdca e-flex e-con-boxed e-con e-parent\" data-id=\"a48bdca\" data-element_type=\"container\" data-e-type=\"container\" data-settings=\"{&quot;background_background&quot;:&quot;classic&quot;}\">\n\t\t\t\t\t<div class=\"e-con-inner\">\n\t\t\t\t<div class=\"elementor-element elementor-element-002041b elementor-widget elementor-widget-text-editor\" data-id=\"002041b\" data-element_type=\"widget\" data-e-type=\"widget\" data-widget_type=\"text-editor.default\">\n\t\t\t\t<div class=\"elementor-widget-container\">\n\t\t\t\t\t\t\t\t\t<p>El d\u00eda m\u00e1s colorido del a\u00f1o, D\u00eda internacional del Color<\/p>\t\t\t\t\t\t\t\t<\/div>\n\t\t\t\t<\/div>\n\t\t\t\t\t<\/div>\n\t\t\t\t<\/div>\n\t\t<div class=\"elementor-element elementor-element-7f6e90f e-flex e-con-boxed e-con e-parent\" data-id=\"7f6e90f\" data-element_type=\"container\" data-e-type=\"container\">\n\t\t\t\t\t<div class=\"e-con-inner\">\n\t\t\t\t<div class=\"elementor-element elementor-element-dbc13ce elementor-widget elementor-widget-image\" data-id=\"dbc13ce\" data-element_type=\"widget\" data-e-type=\"widget\" data-widget_type=\"image.default\">\n\t\t\t\t<div class=\"elementor-widget-container\">\n\t\t\t\t\t\t\t\t\t\t\t\t\t\t\t<img fetchpriority=\"high\" decoding=\"async\" width=\"1024\" height=\"576\" src=\"https:\/\/procomexpachuca.com\/wp-content\/uploads\/2024\/12\/Dia-del-color-Galeria-2-1-1024x576.webp\" class=\"attachment-large size-large wp-image-999\" alt=\"\" srcset=\"https:\/\/procomexpachuca.com\/wp-content\/uploads\/2024\/12\/Dia-del-color-Galeria-2-1-1024x576.webp 1024w, https:\/\/procomexpachuca.com\/wp-content\/uploads\/2024\/12\/Dia-del-color-Galeria-2-1-300x169.webp 300w, https:\/\/procomexpachuca.com\/wp-content\/uploads\/2024\/12\/Dia-del-color-Galeria-2-1-768x432.webp 768w, https:\/\/procomexpachuca.com\/wp-content\/uploads\/2024\/12\/Dia-del-color-Galeria-2-1-133x75.webp 133w, https:\/\/procomexpachuca.com\/wp-content\/uploads\/2024\/12\/Dia-del-color-Galeria-2-1-480x270.webp 480w, https:\/\/procomexpachuca.com\/wp-content\/uploads\/2024\/12\/Dia-del-color-Galeria-2-1.webp 1200w\" sizes=\"(max-width:767px) 480px, (max-width:1024px) 100vw, 1024px\" \/>\t\t\t\t\t\t\t\t\t\t\t\t\t\t\t<\/div>\n\t\t\t\t<\/div>\n\t\t\t\t\t<\/div>\n\t\t\t\t<\/div>\n\t\t<div class=\"elementor-element elementor-element-51ee639 e-flex e-con-boxed e-con e-parent\" data-id=\"51ee639\" data-element_type=\"container\" data-e-type=\"container\">\n\t\t\t\t\t<div class=\"e-con-inner\">\n\t\t\t\t<div class=\"elementor-element elementor-element-22e65ba elementor-widget elementor-widget-text-editor\" data-id=\"22e65ba\" data-element_type=\"widget\" data-e-type=\"widget\" data-widget_type=\"text-editor.default\">\n\t\t\t\t<div class=\"elementor-widget-container\">\n\t\t\t\t\t\t\t\t\t<p>Los colores tienen mucha influencia en nuestra vida diaria tanto en lo emocional como en lo f\u00edsico pues contribuyen directamente a c\u00f3mo percibimos el mundo exterior. Por eso, desde 2009, cada 21 de marzo se celebra el D\u00eda Internacional del Color.<\/p><div class=\"wp-block-spacer\" aria-hidden=\"true\">\u00a0<\/div><p>D\u00e1ndole la importancia que merece que nuestra vida est\u00e9 llena de colores,\u00a0<strong>pues estos se relacionan directamente con las emociones, la Asociaci\u00f3n Internacional del Color impuls\u00f3 esta celebraci\u00f3n.<\/strong><\/p><div class=\"wp-block-spacer\" aria-hidden=\"true\">\u00a0<\/div><p>Y c\u00f3mo no asignarle un d\u00eda para festejarlo, ya que el color siempre est\u00e1 presente en nuestras vidas y es el principal factor de la percepci\u00f3n visual y de la realidad que nos rodea. El color es uno de los fen\u00f3menos que m\u00e1s nos influyen al generarnos sensaciones y emociones.<\/p><div class=\"wp-block-spacer\" aria-hidden=\"true\">\u00a0<\/div><p>Este d\u00eda se eligi\u00f3 porque justamente se producen\u00a0<strong>un equinoccio<\/strong>, un momento en el a\u00f1o en que tanto el d\u00eda como la noche tienen m\u00e1s o menos la misma duraci\u00f3n. De esta manera la luz y la sombra influyen en la misma medida en los colores que percibimos.<\/p><div class=\"wp-block-spacer\" aria-hidden=\"true\">\u00a0<\/div><p>En Comex, el color es nuestra esencia, nuestro motor y raz\u00f3n de ser\u00a0<strong>y para celebrarlo te compartimos una breve mirada sobre el significado de los colores y cu\u00e1les son los m\u00e1s recomendables para tus espacios de acuerdo a la psicolog\u00eda del color:<\/strong><\/p><div class=\"wp-block-spacer\" aria-hidden=\"true\">\u00a0<\/div><p><strong>Rojo:<\/strong>\u00a0Evoca emociones fuertes, pues capta demasiado r\u00e1pido la atenci\u00f3n, est\u00e1 comprobado que incrementa el apetito y se asocia con la pasi\u00f3n, la intensidad y el amor.<\/p><div class=\"wp-block-spacer\" aria-hidden=\"true\">\u00a0<\/div><p><strong>Azul:\u00a0<\/strong>Propicia la calma, la productividad y la serenidad, por lo que es el m\u00e1s usado en las oficinas. Tambi\u00e9n es sin\u00f3nimo de confianza y seguridad.<\/p><div class=\"wp-block-spacer\" aria-hidden=\"true\">\u00a0<\/div><p><strong>Verde:\u00a0<\/strong>Est\u00e1 comprobado que las personas que laboran en un ambiente de tonalidad verde sufren menos dolores de est\u00f3mago. Sin embargo, el efecto del verde depende mucho de su tono; los m\u00e1s profundos evocan abundancia mientras que los m\u00e1s claros, calman.<\/p><div class=\"wp-block-spacer\" aria-hidden=\"true\">\u00a0<\/div><p><strong>Rosa:<\/strong>\u00a0Es un color que tranquiliza y evoca al amor. Los tonos oscuros se usan para expresar diversi\u00f3n, emoci\u00f3n, energ\u00eda y juventud; los rosas claros se asocian al romance. \u00a0<\/p><div class=\"wp-block-spacer\" aria-hidden=\"true\">\u00a0<\/div><p><strong>Naranja:<\/strong>\u00a0Este tono es sin\u00f3nimo de entusiasmo, emoci\u00f3n, calidez y precauci\u00f3n. Por eso es usado para atraer la atenci\u00f3n y provocar alegr\u00eda.<\/p><div class=\"wp-block-spacer\" aria-hidden=\"true\">\u00a0<\/div><p><strong>Blanco:<\/strong>\u00a0Se relaciona a la pureza, a la inocencia y al vac\u00edo. Es ideal para usar en espacios peque\u00f1os ya que da una sensaci\u00f3n de amplitud.<\/p><div class=\"wp-block-spacer\" aria-hidden=\"true\">\u00a0<\/div><p><strong>Amarillo:<\/strong>\u00a0Es considerado como un tono alegre y c\u00e1lido, aunque los tonos intensos pueden producir cansancio en la vista, lo mejor es utilizar tonos m\u00e1s claros o pasteles, o combinarlos a un 10%.<\/p><div class=\"wp-block-spacer\" aria-hidden=\"true\">\u00a0<\/div><p>Puedes conocer<strong><a href=\"https:\/\/pinturas57.com.mx\/de-que-manera-influyen-los-colores-en-nuestras-emociones\/\" data-type=\"URL\" data-id=\"https:\/\/pinturas57.com.mx\/de-que-manera-influyen-los-colores-en-nuestras-emociones\/\">\u00a0m\u00e1s\u00a0aqu\u00ed<\/a><\/strong>\u00a0sobre el significado de los colores y su relaci\u00f3n con las emociones a trav\u00e9s de la\u00a0<strong>\u201cRueda de la Emociones\u201d<\/strong>, la cual fue creada por el psic\u00f3logo Robert Plutchik, y est\u00e1 representada a trav\u00e9s de los p\u00e9talos de una flor con los colores del C\u00edrculo Crom\u00e1tico. Esta rueda te ayudar\u00e1 a reconocer y comprender mejor c\u00f3mo es que el color influye en tus emociones.<\/p><div class=\"wp-block-spacer\" aria-hidden=\"true\">\u00a0<\/div><p>Ya que sabes un poco m\u00e1s de las emociones que transmiten los colores ahora<strong>\u00a0te podemos ayudar a elegir los tonos ideales para tus espacios,<\/strong>\u00a0pensando en los colores como emociones podamos tener m\u00e1s claro lo que buscamos o entender mas lo que queremos alcanzar al momento de elegir un color para cualquier habitaci\u00f3n de nuestro hogar, recuerda enfocarte en el color de acuerdo al ambiente que desees generar en tu espacio.<\/p><div class=\"wp-block-spacer\" aria-hidden=\"true\">\u00a0<\/div><p><strong>Oficina:\u00a0<\/strong>Se recomienda pintar el espacio laboral de azul, ya que est\u00e1 asociado a la productividad, concentraci\u00f3n y relajaci\u00f3n.<\/p><div class=\"wp-block-spacer\" aria-hidden=\"true\">\u00a0<\/div><p><strong>Habitaci\u00f3n:<\/strong>\u00a0El mejor color para decorar el cuarto de una casa es el verde, debido a que favorece la tranquilidad y da un sentimiento de salud; aspectos esenciales para conciliar el sue\u00f1o.<\/p><div class=\"wp-block-spacer\" aria-hidden=\"true\">\u00a0<\/div><p><strong>Cocina:<\/strong>\u00a0El amarillo para este espacio es perfecto. Incrementa el metabolismo, le agrega brillo y luz al lugar, y tambi\u00e9n brinda energ\u00eda.<\/p><div class=\"wp-block-spacer\" aria-hidden=\"true\">\u00a0<\/div><p><strong>Sala:<\/strong>\u00a0Los tonos morado claro (como el lavanda) sirven para calmar los nervios, lo que facilita la relajaci\u00f3n.<\/p><div class=\"wp-block-spacer\" aria-hidden=\"true\">\u00a0<\/div><p><strong>Comedor:<\/strong>\u00a0El rojo es el color ideal para este espacio, ya que de acuerdo a la psicolog\u00eda del color es el primer color que percibimos y ayuda a incrementar el apetito.<\/p><div class=\"wp-block-spacer\" aria-hidden=\"true\">\u00a0<\/div><p>\u00bfEst\u00e1s listo para combinar y experimentar con colores? Conoce m\u00e1s sobre las incre\u00edbles opciones y combinaciones de color que puedes lograr, contamos con m\u00e1s de 3 mil 500 opciones para ti, tus estados de \u00e1nimo y los de tu familia.<\/p>\t\t\t\t\t\t\t\t<\/div>\n\t\t\t\t<\/div>\n\t\t\t\t\t<\/div>\n\t\t\t\t<\/div>\n\t\t<div class=\"elementor-element elementor-element-eda585e e-grid e-con-boxed e-con e-parent\" data-id=\"eda585e\" data-element_type=\"container\" data-e-type=\"container\">\n\t\t\t\t\t<div class=\"e-con-inner\">\n\t\t\t\t<div class=\"elementor-element elementor-element-54e5b95 elementor-widget elementor-widget-image\" data-id=\"54e5b95\" data-element_type=\"widget\" data-e-type=\"widget\" data-widget_type=\"image.default\">\n\t\t\t\t<div class=\"elementor-widget-container\">\n\t\t\t\t\t\t\t\t\t\t\t\t\t\t\t<img fetchpriority=\"high\" decoding=\"async\" width=\"1024\" height=\"576\" src=\"https:\/\/procomexpachuca.com\/wp-content\/uploads\/2024\/12\/Dia-del-color-Galeria-2-1-1024x576.webp\" class=\"attachment-large size-large wp-image-999\" alt=\"\" srcset=\"https:\/\/procomexpachuca.com\/wp-content\/uploads\/2024\/12\/Dia-del-color-Galeria-2-1-1024x576.webp 1024w, https:\/\/procomexpachuca.com\/wp-content\/uploads\/2024\/12\/Dia-del-color-Galeria-2-1-300x169.webp 300w, https:\/\/procomexpachuca.com\/wp-content\/uploads\/2024\/12\/Dia-del-color-Galeria-2-1-768x432.webp 768w, https:\/\/procomexpachuca.com\/wp-content\/uploads\/2024\/12\/Dia-del-color-Galeria-2-1-133x75.webp 133w, https:\/\/procomexpachuca.com\/wp-content\/uploads\/2024\/12\/Dia-del-color-Galeria-2-1-480x270.webp 480w, https:\/\/procomexpachuca.com\/wp-content\/uploads\/2024\/12\/Dia-del-color-Galeria-2-1.webp 1200w\" sizes=\"(max-width:767px) 480px, (max-width:1024px) 100vw, 1024px\" \/>\t\t\t\t\t\t\t\t\t\t\t\t\t\t\t<\/div>\n\t\t\t\t<\/div>\n\t\t\t\t<div class=\"elementor-element elementor-element-35cfdfd elementor-widget elementor-widget-image\" data-id=\"35cfdfd\" data-element_type=\"widget\" data-e-type=\"widget\" data-widget_type=\"image.default\">\n\t\t\t\t<div class=\"elementor-widget-container\">\n\t\t\t\t\t\t\t\t\t\t\t\t\t\t\t<img decoding=\"async\" width=\"769\" height=\"461\" src=\"https:\/\/procomexpachuca.com\/wp-content\/uploads\/2024\/12\/dia-del-color-intermedia-1_6.webp\" class=\"attachment-large size-large wp-image-1000\" alt=\"\" srcset=\"https:\/\/procomexpachuca.com\/wp-content\/uploads\/2024\/12\/dia-del-color-intermedia-1_6.webp 769w, https:\/\/procomexpachuca.com\/wp-content\/uploads\/2024\/12\/dia-del-color-intermedia-1_6-300x180.webp 300w, https:\/\/procomexpachuca.com\/wp-content\/uploads\/2024\/12\/dia-del-color-intermedia-1_6-125x75.webp 125w, https:\/\/procomexpachuca.com\/wp-content\/uploads\/2024\/12\/dia-del-color-intermedia-1_6-480x288.webp 480w\" sizes=\"(max-width:767px) 480px, (max-width:769px) 100vw, 769px\" \/>\t\t\t\t\t\t\t\t\t\t\t\t\t\t\t<\/div>\n\t\t\t\t<\/div>\n\t\t\t\t<div class=\"elementor-element elementor-element-d6f8965 elementor-widget elementor-widget-image\" data-id=\"d6f8965\" data-element_type=\"widget\" data-e-type=\"widget\" data-widget_type=\"image.default\">\n\t\t\t\t<div class=\"elementor-widget-container\">\n\t\t\t\t\t\t\t\t\t\t\t\t\t\t\t<img decoding=\"async\" width=\"769\" height=\"461\" src=\"https:\/\/procomexpachuca.com\/wp-content\/uploads\/2024\/12\/dia-del-color-intermedia-2.webp\" class=\"attachment-large size-large wp-image-1001\" alt=\"\" srcset=\"https:\/\/procomexpachuca.com\/wp-content\/uploads\/2024\/12\/dia-del-color-intermedia-2.webp 769w, https:\/\/procomexpachuca.com\/wp-content\/uploads\/2024\/12\/dia-del-color-intermedia-2-300x180.webp 300w, https:\/\/procomexpachuca.com\/wp-content\/uploads\/2024\/12\/dia-del-color-intermedia-2-125x75.webp 125w, https:\/\/procomexpachuca.com\/wp-content\/uploads\/2024\/12\/dia-del-color-intermedia-2-480x288.webp 480w\" sizes=\"(max-width:767px) 480px, (max-width:769px) 100vw, 769px\" \/>\t\t\t\t\t\t\t\t\t\t\t\t\t\t\t<\/div>\n\t\t\t\t<\/div>\n\t\t\t\t\t<\/div>\n\t\t\t\t<\/div>\n\t\t<div class=\"elementor-element elementor-element-c129389 e-flex e-con-boxed e-con e-parent\" data-id=\"c129389\" data-element_type=\"container\" data-e-type=\"container\">\n\t\t\t\t\t<div class=\"e-con-inner\">\n\t\t\t\t<div class=\"elementor-element elementor-element-2502e0b elementor-widget elementor-widget-video\" data-id=\"2502e0b\" data-element_type=\"widget\" data-e-type=\"widget\" data-settings=\"{&quot;youtube_url&quot;:&quot;https:\\\/\\\/youtu.be\\\/7xDK7XBXPMQ&quot;,&quot;video_type&quot;:&quot;youtube&quot;,&quot;controls&quot;:&quot;yes&quot;}\" data-widget_type=\"video.default\">\n\t\t\t\t<div class=\"elementor-widget-container\">\n\t\t\t\t\t\t\t<div class=\"elementor-wrapper elementor-open-inline\">\n\t\t\t<div class=\"elementor-video\"><\/div>\t\t<\/div>\n\t\t\t\t\t\t<\/div>\n\t\t\t\t<\/div>\n\t\t\t\t\t<\/div>\n\t\t\t\t<\/div>\n\t\t<div class=\"elementor-element elementor-element-cf7866a e-flex e-con-boxed e-con e-parent\" data-id=\"cf7866a\" data-element_type=\"container\" data-e-type=\"container\" data-settings=\"{&quot;background_background&quot;:&quot;classic&quot;}\">\n\t\t\t\t\t<div class=\"e-con-inner\">\n\t\t\t\t\t<\/div>\n\t\t\t\t<\/div>\n\t\t\t\t<\/div>\n\t\t","protected":false},"excerpt":{"rendered":"<p>El d\u00eda m\u00e1s colorido del a\u00f1o, D\u00eda internacional del Color Los colores tienen mucha influencia en nuestra vida diaria tanto en lo emocional como en lo<span class=\"excerpt-hellip\"> [\u2026]<\/span><\/p>\n","protected":false},"author":1,"featured_media":0,"parent":0,"menu_order":0,"comment_status":"closed","ping_status":"closed","template":"","meta":{"_monsterinsights_skip_tracking":false,"_monsterinsights_sitenote_active":false,"_monsterinsights_sitenote_note":"","_monsterinsights_sitenote_category":0,"footnotes":""},"class_list":["post-1186","page","type-page","status-publish","hentry"],"_links":{"self":[{"href":"https:\/\/procomexpachuca.com\/index.php?rest_route=\/wp\/v2\/pages\/1186","targetHints":{"allow":["GET"]}}],"collection":[{"href":"https:\/\/procomexpachuca.com\/index.php?rest_route=\/wp\/v2\/pages"}],"about":[{"href":"https:\/\/procomexpachuca.com\/index.php?rest_route=\/wp\/v2\/types\/page"}],"author":[{"embeddable":true,"href":"https:\/\/procomexpachuca.com\/index.php?rest_route=\/wp\/v2\/users\/1"}],"replies":[{"embeddable":true,"href":"https:\/\/procomexpachuca.com\/index.php?rest_route=%2Fwp%2Fv2%2Fcomments&post=1186"}],"version-history":[{"count":10,"href":"https:\/\/procomexpachuca.com\/index.php?rest_route=\/wp\/v2\/pages\/1186\/revisions"}],"predecessor-version":[{"id":1962,"href":"https:\/\/procomexpachuca.com\/index.php?rest_route=\/wp\/v2\/pages\/1186\/revisions\/1962"}],"wp:attachment":[{"href":"https:\/\/procomexpachuca.com\/index.php?rest_route=%2Fwp%2Fv2%2Fmedia&parent=1186"}],"curies":[{"name":"wp","href":"https:\/\/api.w.org\/{rel}","templated":true}]}}