{"id":1184,"date":"2024-12-30T04:39:23","date_gmt":"2024-12-30T04:39:23","guid":{"rendered":"https:\/\/procomexpachuca.com\/?page_id=1184"},"modified":"2025-04-30T22:55:55","modified_gmt":"2025-04-30T22:55:55","slug":"blog-dia-del-padre","status":"publish","type":"page","link":"https:\/\/procomexpachuca.com\/?page_id=1184","title":{"rendered":"BLOG DIA DEL PADRE"},"content":{"rendered":"\t\t<div data-elementor-type=\"wp-page\" data-elementor-id=\"1184\" class=\"elementor elementor-1184\" data-elementor-post-type=\"page\">\n\t\t\t\t<div class=\"elementor-element elementor-element-87bb717 e-flex e-con-boxed e-con e-parent\" data-id=\"87bb717\" data-element_type=\"container\" data-e-type=\"container\" data-settings=\"{&quot;background_background&quot;:&quot;classic&quot;}\">\n\t\t\t\t\t<div class=\"e-con-inner\">\n\t\t\t\t<div class=\"elementor-element elementor-element-0565bc7 elementor-widget elementor-widget-text-editor\" data-id=\"0565bc7\" data-element_type=\"widget\" data-e-type=\"widget\" data-widget_type=\"text-editor.default\">\n\t\t\t\t<div class=\"elementor-widget-container\">\n\t\t\t\t\t\t\t\t\t<p>Aprovecha este d\u00eda del padre y remodela tu espacio<\/p>\t\t\t\t\t\t\t\t<\/div>\n\t\t\t\t<\/div>\n\t\t\t\t\t<\/div>\n\t\t\t\t<\/div>\n\t\t<div class=\"elementor-element elementor-element-7fdd02d e-flex e-con-boxed e-con e-parent\" data-id=\"7fdd02d\" data-element_type=\"container\" data-e-type=\"container\">\n\t\t\t\t\t<div class=\"e-con-inner\">\n\t\t\t\t<div class=\"elementor-element elementor-element-29efecf elementor-widget elementor-widget-image\" data-id=\"29efecf\" data-element_type=\"widget\" data-e-type=\"widget\" data-widget_type=\"image.default\">\n\t\t\t\t<div class=\"elementor-widget-container\">\n\t\t\t\t\t\t\t\t\t\t\t\t\t\t\t<img fetchpriority=\"high\" decoding=\"async\" width=\"760\" height=\"461\" src=\"https:\/\/procomexpachuca.com\/wp-content\/uploads\/2024\/12\/aero-comex-intermedia-01.webp\" class=\"attachment-large size-large wp-image-998\" alt=\"\" srcset=\"https:\/\/procomexpachuca.com\/wp-content\/uploads\/2024\/12\/aero-comex-intermedia-01.webp 760w, https:\/\/procomexpachuca.com\/wp-content\/uploads\/2024\/12\/aero-comex-intermedia-01-300x182.webp 300w, https:\/\/procomexpachuca.com\/wp-content\/uploads\/2024\/12\/aero-comex-intermedia-01-124x75.webp 124w, https:\/\/procomexpachuca.com\/wp-content\/uploads\/2024\/12\/aero-comex-intermedia-01-480x291.webp 480w\" sizes=\"(max-width:767px) 480px, 760px\" \/>\t\t\t\t\t\t\t\t\t\t\t\t\t\t\t<\/div>\n\t\t\t\t<\/div>\n\t\t\t\t\t<\/div>\n\t\t\t\t<\/div>\n\t\t<div class=\"elementor-element elementor-element-16cc704 e-flex e-con-boxed e-con e-parent\" data-id=\"16cc704\" data-element_type=\"container\" data-e-type=\"container\">\n\t\t\t\t\t<div class=\"e-con-inner\">\n\t\t\t\t<div class=\"elementor-element elementor-element-bd68d69 elementor-widget elementor-widget-text-editor\" data-id=\"bd68d69\" data-element_type=\"widget\" data-e-type=\"widget\" data-widget_type=\"text-editor.default\">\n\t\t\t\t<div class=\"elementor-widget-container\">\n\t\t\t\t\t\t\t\t\t<p>Ya cumplimos m\u00e1s de un a\u00f1o de cuarentena y casi todo lo que hacemos lo hacemos en casa, si no es que en un mismo espacio.\u00a0<\/p><p>Es por eso que a veces es tiempo de un cambio y aprovechando el d\u00eda del padre, es una buena oportunidad para renovar tu hogar.<\/p><p>Tomando en cuenta que pasamos la mayor parte del d\u00eda encerrados en un mismo espacio, es importante hacerlo placentero y c\u00f3modo. Para esto debemos crear un ambiente seguro y eso depende del color que le quieras poner.<\/p><p>Si eres una persona que te gustan colores sobrios y neutros, puedes utilizar la paleta de colores grises, negras, blancas, caf\u00e9s, blancas, etc\u2026 estas le dar\u00e1n armon\u00eda a tu espacio y un poco de seriedad; pueden ser buena opci\u00f3n para oficinas o cocinas.\u00a0<\/p><p>En cambio, si te gusta experimentar con colores nuevos y atrevidos, puedes basarte en las paletas de color de tendencias del 2021, estas son 4 diferentes y transmiten diferentes cosas:\u00a0<\/p><ul class=\"wp-block-list\"><li>La primera se llama Sombra y son colores oscuros, elegantes e inmersivos, funcionan bien para lugares serios o profundos.\u00a0<\/li><\/ul><ul class=\"wp-block-list\"><li>La segunda se llama Milpa y su paleta de color es mas alegre, haciendo alusion a los colores de la tierra.<\/li><\/ul><ul class=\"wp-block-list\"><li>La tercera es flora; tiene una tonalidad muy armoniosa y dulce, usa colores claros y amigables.<\/li><\/ul><ul class=\"wp-block-list\"><li>Y por \u00faltimo est\u00e1 alegra, que mezcla tonalidades azules con amarillas y rosas, creando un ambiente \u00fanico y divertido.<\/li><\/ul><p>Cualquiera de estos colores pueden darle una nueva vida a tu hogar, pero tambi\u00e9n existen tonalidades cl\u00e1sicas y tradicionales. \u00a1T\u00fa decides tu propio estilo!<\/p>\t\t\t\t\t\t\t\t<\/div>\n\t\t\t\t<\/div>\n\t\t\t\t\t<\/div>\n\t\t\t\t<\/div>\n\t\t<div class=\"elementor-element elementor-element-9bfbc64 e-flex e-con-boxed e-con e-parent\" data-id=\"9bfbc64\" data-element_type=\"container\" data-e-type=\"container\" data-settings=\"{&quot;background_background&quot;:&quot;classic&quot;}\">\n\t\t\t\t\t<div class=\"e-con-inner\">\n\t\t\t\t\t<\/div>\n\t\t\t\t<\/div>\n\t\t\t\t<\/div>\n\t\t","protected":false},"excerpt":{"rendered":"<p>Aprovecha este d\u00eda del padre y remodela tu espacio Ya cumplimos m\u00e1s de un a\u00f1o de cuarentena y casi todo lo que hacemos lo hacemos en<span class=\"excerpt-hellip\"> [\u2026]<\/span><\/p>\n","protected":false},"author":1,"featured_media":0,"parent":0,"menu_order":0,"comment_status":"closed","ping_status":"closed","template":"","meta":{"_monsterinsights_skip_tracking":false,"_monsterinsights_sitenote_active":false,"_monsterinsights_sitenote_note":"","_monsterinsights_sitenote_category":0,"footnotes":""},"class_list":["post-1184","page","type-page","status-publish","hentry"],"_links":{"self":[{"href":"https:\/\/procomexpachuca.com\/index.php?rest_route=\/wp\/v2\/pages\/1184","targetHints":{"allow":["GET"]}}],"collection":[{"href":"https:\/\/procomexpachuca.com\/index.php?rest_route=\/wp\/v2\/pages"}],"about":[{"href":"https:\/\/procomexpachuca.com\/index.php?rest_route=\/wp\/v2\/types\/page"}],"author":[{"embeddable":true,"href":"https:\/\/procomexpachuca.com\/index.php?rest_route=\/wp\/v2\/users\/1"}],"replies":[{"embeddable":true,"href":"https:\/\/procomexpachuca.com\/index.php?rest_route=%2Fwp%2Fv2%2Fcomments&post=1184"}],"version-history":[{"count":7,"href":"https:\/\/procomexpachuca.com\/index.php?rest_route=\/wp\/v2\/pages\/1184\/revisions"}],"predecessor-version":[{"id":1954,"href":"https:\/\/procomexpachuca.com\/index.php?rest_route=\/wp\/v2\/pages\/1184\/revisions\/1954"}],"wp:attachment":[{"href":"https:\/\/procomexpachuca.com\/index.php?rest_route=%2Fwp%2Fv2%2Fmedia&parent=1184"}],"curies":[{"name":"wp","href":"https:\/\/api.w.org\/{rel}","templated":true}]}}