{"id":1182,"date":"2024-12-30T04:38:35","date_gmt":"2024-12-30T04:38:35","guid":{"rendered":"https:\/\/procomexpachuca.com\/?page_id=1182"},"modified":"2025-04-30T19:42:33","modified_gmt":"2025-04-30T19:42:33","slug":"albermex","status":"publish","type":"page","link":"https:\/\/procomexpachuca.com\/?page_id=1182","title":{"rendered":"BLOG ALBERMEX"},"content":{"rendered":"\t\t<div data-elementor-type=\"wp-page\" data-elementor-id=\"1182\" class=\"elementor elementor-1182\" data-elementor-post-type=\"page\">\n\t\t\t\t<div class=\"elementor-element elementor-element-45a59ee e-flex e-con-boxed e-con e-parent\" data-id=\"45a59ee\" data-element_type=\"container\" data-e-type=\"container\" data-settings=\"{&quot;background_background&quot;:&quot;classic&quot;}\">\n\t\t\t\t\t<div class=\"e-con-inner\">\n\t\t\t\t<div class=\"elementor-element elementor-element-da2aead elementor-widget elementor-widget-text-editor\" data-id=\"da2aead\" data-element_type=\"widget\" data-e-type=\"widget\" data-widget_type=\"text-editor.default\">\n\t\t\t\t<div class=\"elementor-widget-container\">\n\t\t\t\t\t\t\t\t\t<p>Albermex<\/p>\t\t\t\t\t\t\t\t<\/div>\n\t\t\t\t<\/div>\n\t\t\t\t\t<\/div>\n\t\t\t\t<\/div>\n\t\t<div class=\"elementor-element elementor-element-9c5682b e-flex e-con-boxed e-con e-parent\" data-id=\"9c5682b\" data-element_type=\"container\" data-e-type=\"container\">\n\t\t\t\t\t<div class=\"e-con-inner\">\n\t\t\t\t<div class=\"elementor-element elementor-element-349e8c5 elementor-widget elementor-widget-image\" data-id=\"349e8c5\" data-element_type=\"widget\" data-e-type=\"widget\" data-widget_type=\"image.default\">\n\t\t\t\t<div class=\"elementor-widget-container\">\n\t\t\t\t\t\t\t\t\t\t\t\t\t\t\t<img fetchpriority=\"high\" decoding=\"async\" width=\"515\" height=\"512\" src=\"https:\/\/procomexpachuca.com\/wp-content\/uploads\/2024\/12\/Recubrimiento-para-albercas-AlbermexAAA\u00ae.webp\" class=\"attachment-large size-large wp-image-993\" alt=\"\" srcset=\"https:\/\/procomexpachuca.com\/wp-content\/uploads\/2024\/12\/Recubrimiento-para-albercas-AlbermexAAA\u00ae.webp 515w, https:\/\/procomexpachuca.com\/wp-content\/uploads\/2024\/12\/Recubrimiento-para-albercas-AlbermexAAA\u00ae-300x298.webp 300w, https:\/\/procomexpachuca.com\/wp-content\/uploads\/2024\/12\/Recubrimiento-para-albercas-AlbermexAAA\u00ae-150x150.webp 150w, https:\/\/procomexpachuca.com\/wp-content\/uploads\/2024\/12\/Recubrimiento-para-albercas-AlbermexAAA\u00ae-75x75.webp 75w, https:\/\/procomexpachuca.com\/wp-content\/uploads\/2024\/12\/Recubrimiento-para-albercas-AlbermexAAA\u00ae-480x477.webp 480w\" sizes=\"(max-width:767px) 480px, 515px\" \/>\t\t\t\t\t\t\t\t\t\t\t\t\t\t\t<\/div>\n\t\t\t\t<\/div>\n\t\t\t\t\t<\/div>\n\t\t\t\t<\/div>\n\t\t<div class=\"elementor-element elementor-element-3c86bb6 e-flex e-con-boxed e-con e-parent\" data-id=\"3c86bb6\" data-element_type=\"container\" data-e-type=\"container\">\n\t\t\t\t\t<div class=\"e-con-inner\">\n\t\t\t\t<div class=\"elementor-element elementor-element-593151b elementor-widget elementor-widget-text-editor\" data-id=\"593151b\" data-element_type=\"widget\" data-e-type=\"widget\" data-widget_type=\"text-editor.default\">\n\t\t\t\t<div class=\"elementor-widget-container\">\n\t\t\t\t\t\t\t\t\t<p>\u00a0<\/p><p>Si est\u00e1s pensando en crear, remodelar o mejorar alg\u00fan espacio que est\u00e9 en constante contacto con humedad, la mejor opci\u00f3n que tienes para lograr tu objetivo es Albermex, ya que con su tecnolog\u00eda no s\u00f3lo tendr\u00e1s la protecci\u00f3n que buscas, tambi\u00e9n conocer\u00e1s la facilidad de su uso, aplicaci\u00f3n y duraci\u00f3n que s\u00f3lo Albermex tiene.<\/p><p>Llena esos espacios que son importantes para ti y tu familia con los nueve colores en terminaci\u00f3n mate que Albermex tiene y dale color y protecci\u00f3n a ese lugar tan especial.<\/p><p>Albermex el mejor recubrimiento de pintura acr\u00edlica del mercado adem\u00e1s de tener excelente durabilidad para los espacios que tengan contacto constante con humedad, es resistente a los productos qu\u00edmicos usados en el tratamiento de albercas adem\u00e1s, Albermex evita la formaci\u00f3n de hongos y algas que pueden ser perjudiciales para la salud.<\/p>\t\t\t\t\t\t\t\t<\/div>\n\t\t\t\t<\/div>\n\t\t\t\t\t<\/div>\n\t\t\t\t<\/div>\n\t\t<div class=\"elementor-element elementor-element-466918c e-flex e-con-boxed e-con e-parent\" data-id=\"466918c\" data-element_type=\"container\" data-e-type=\"container\">\n\t\t\t\t\t<div class=\"e-con-inner\">\n\t\t<div class=\"elementor-element elementor-element-44af962 e-con-full e-flex e-con e-child\" data-id=\"44af962\" data-element_type=\"container\" data-e-type=\"container\">\n\t\t\t\t<div class=\"elementor-element elementor-element-05d4e9d elementor-widget elementor-widget-text-editor\" data-id=\"05d4e9d\" data-element_type=\"widget\" data-e-type=\"widget\" data-widget_type=\"text-editor.default\">\n\t\t\t\t<div class=\"elementor-widget-container\">\n\t\t\t\t\t\t\t\t\t<p>Dentro de las cualidades que destaca Albermex es:<\/p><p>Su facilidad de aplicaci\u00f3n.<\/p><p>Cuenta con una buena adherencia al concreto.<\/p><p>Evita que se formen algas y hongos en tu alberca.<\/p><p>Es de excelente durabilidad en exteriores.<\/p><p>Dentro de los usos y \u00e1reas en las que Albermex puede ser aplicado son:<\/p><p>Albercas.<\/p><p>Ba\u00f1os.<\/p><p>Piletas.<\/p><p>Estanques.<\/p><p>Macetones.<\/p><p>Fuentes ornamentales.<\/p>\t\t\t\t\t\t\t\t<\/div>\n\t\t\t\t<\/div>\n\t\t\t\t<\/div>\n\t\t<div class=\"elementor-element elementor-element-f4d83be e-con-full e-flex e-con e-child\" data-id=\"f4d83be\" data-element_type=\"container\" data-e-type=\"container\">\n\t\t\t\t<div class=\"elementor-element elementor-element-600e08f elementor-widget elementor-widget-image\" data-id=\"600e08f\" data-element_type=\"widget\" data-e-type=\"widget\" data-widget_type=\"image.default\">\n\t\t\t\t<div class=\"elementor-widget-container\">\n\t\t\t\t\t\t\t\t\t\t\t\t\t\t\t<img decoding=\"async\" width=\"530\" height=\"530\" src=\"https:\/\/procomexpachuca.com\/wp-content\/uploads\/2024\/12\/cropped_large_Recubrimiento_para_albercas_Albermex__1.webp\" class=\"attachment-large size-large wp-image-992\" alt=\"\" srcset=\"https:\/\/procomexpachuca.com\/wp-content\/uploads\/2024\/12\/cropped_large_Recubrimiento_para_albercas_Albermex__1.webp 530w, https:\/\/procomexpachuca.com\/wp-content\/uploads\/2024\/12\/cropped_large_Recubrimiento_para_albercas_Albermex__1-300x300.webp 300w, https:\/\/procomexpachuca.com\/wp-content\/uploads\/2024\/12\/cropped_large_Recubrimiento_para_albercas_Albermex__1-150x150.webp 150w, https:\/\/procomexpachuca.com\/wp-content\/uploads\/2024\/12\/cropped_large_Recubrimiento_para_albercas_Albermex__1-75x75.webp 75w, https:\/\/procomexpachuca.com\/wp-content\/uploads\/2024\/12\/cropped_large_Recubrimiento_para_albercas_Albermex__1-480x480.webp 480w\" sizes=\"(max-width:767px) 480px, 530px\" \/>\t\t\t\t\t\t\t\t\t\t\t\t\t\t\t<\/div>\n\t\t\t\t<\/div>\n\t\t\t\t<\/div>\n\t\t\t\t\t<\/div>\n\t\t\t\t<\/div>\n\t\t<div class=\"elementor-element elementor-element-6845deb e-flex e-con-boxed e-con e-parent\" data-id=\"6845deb\" data-element_type=\"container\" data-e-type=\"container\">\n\t\t\t\t\t<div class=\"e-con-inner\">\n\t\t\t\t<div class=\"elementor-element elementor-element-5bd5459 elementor-widget elementor-widget-video\" data-id=\"5bd5459\" data-element_type=\"widget\" data-e-type=\"widget\" data-settings=\"{&quot;youtube_url&quot;:&quot;https:\\\/\\\/youtu.be\\\/DHk_FUEZZGg&quot;,&quot;video_type&quot;:&quot;youtube&quot;,&quot;controls&quot;:&quot;yes&quot;}\" data-widget_type=\"video.default\">\n\t\t\t\t<div class=\"elementor-widget-container\">\n\t\t\t\t\t\t\t<div class=\"elementor-wrapper elementor-open-inline\">\n\t\t\t<div class=\"elementor-video\"><\/div>\t\t<\/div>\n\t\t\t\t\t\t<\/div>\n\t\t\t\t<\/div>\n\t\t\t\t\t<\/div>\n\t\t\t\t<\/div>\n\t\t<div class=\"elementor-element elementor-element-c77fa6c e-flex e-con-boxed e-con e-parent\" data-id=\"c77fa6c\" data-element_type=\"container\" data-e-type=\"container\" data-settings=\"{&quot;background_background&quot;:&quot;classic&quot;}\">\n\t\t\t\t\t<div class=\"e-con-inner\">\n\t\t\t\t\t<\/div>\n\t\t\t\t<\/div>\n\t\t\t\t<\/div>\n\t\t","protected":false},"excerpt":{"rendered":"<p>Albermex \u00a0 Si est\u00e1s pensando en crear, remodelar o mejorar alg\u00fan espacio que est\u00e9 en constante contacto con humedad, la mejor opci\u00f3n que tienes para lograr<span class=\"excerpt-hellip\"> [\u2026]<\/span><\/p>\n","protected":false},"author":1,"featured_media":0,"parent":0,"menu_order":0,"comment_status":"closed","ping_status":"closed","template":"","meta":{"_monsterinsights_skip_tracking":false,"_monsterinsights_sitenote_active":false,"_monsterinsights_sitenote_note":"","_monsterinsights_sitenote_category":0,"footnotes":""},"class_list":["post-1182","page","type-page","status-publish","hentry"],"_links":{"self":[{"href":"https:\/\/procomexpachuca.com\/index.php?rest_route=\/wp\/v2\/pages\/1182","targetHints":{"allow":["GET"]}}],"collection":[{"href":"https:\/\/procomexpachuca.com\/index.php?rest_route=\/wp\/v2\/pages"}],"about":[{"href":"https:\/\/procomexpachuca.com\/index.php?rest_route=\/wp\/v2\/types\/page"}],"author":[{"embeddable":true,"href":"https:\/\/procomexpachuca.com\/index.php?rest_route=\/wp\/v2\/users\/1"}],"replies":[{"embeddable":true,"href":"https:\/\/procomexpachuca.com\/index.php?rest_route=%2Fwp%2Fv2%2Fcomments&post=1182"}],"version-history":[{"count":8,"href":"https:\/\/procomexpachuca.com\/index.php?rest_route=\/wp\/v2\/pages\/1182\/revisions"}],"predecessor-version":[{"id":1924,"href":"https:\/\/procomexpachuca.com\/index.php?rest_route=\/wp\/v2\/pages\/1182\/revisions\/1924"}],"wp:attachment":[{"href":"https:\/\/procomexpachuca.com\/index.php?rest_route=%2Fwp%2Fv2%2Fmedia&parent=1182"}],"curies":[{"name":"wp","href":"https:\/\/api.w.org\/{rel}","templated":true}]}}