{"id":1167,"date":"2024-12-30T04:32:54","date_gmt":"2024-12-30T04:32:54","guid":{"rendered":"https:\/\/procomexpachuca.com\/?page_id=1167"},"modified":"2025-04-30T22:30:58","modified_gmt":"2025-04-30T22:30:58","slug":"blog-de-que-color-pintar-mis-paredes","status":"publish","type":"page","link":"https:\/\/procomexpachuca.com\/?page_id=1167","title":{"rendered":"BLOG DE QUE COLOR PINTAR MIS PAREDES"},"content":{"rendered":"\t\t<div data-elementor-type=\"wp-page\" data-elementor-id=\"1167\" class=\"elementor elementor-1167\" data-elementor-post-type=\"page\">\n\t\t\t\t<div class=\"elementor-element elementor-element-ce1f395 e-flex e-con-boxed e-con e-parent\" data-id=\"ce1f395\" data-element_type=\"container\" data-e-type=\"container\" data-settings=\"{&quot;background_background&quot;:&quot;classic&quot;}\">\n\t\t\t\t\t<div class=\"e-con-inner\">\n\t\t\t\t<div class=\"elementor-element elementor-element-1a7bb69 elementor-widget elementor-widget-text-editor\" data-id=\"1a7bb69\" data-element_type=\"widget\" data-e-type=\"widget\" data-widget_type=\"text-editor.default\">\n\t\t\t\t<div class=\"elementor-widget-container\">\n\t\t\t\t\t\t\t\t\t<p>\u00bfDe qu\u00e9 color pintar mis paredes si mis muebles son color chocolate?<\/p>\t\t\t\t\t\t\t\t<\/div>\n\t\t\t\t<\/div>\n\t\t\t\t\t<\/div>\n\t\t\t\t<\/div>\n\t\t<div class=\"elementor-element elementor-element-5266dfc e-flex e-con-boxed e-con e-parent\" data-id=\"5266dfc\" data-element_type=\"container\" data-e-type=\"container\">\n\t\t\t\t\t<div class=\"e-con-inner\">\n\t\t\t\t<div class=\"elementor-element elementor-element-1a85899 elementor-widget elementor-widget-image\" data-id=\"1a85899\" data-element_type=\"widget\" data-e-type=\"widget\" data-widget_type=\"image.default\">\n\t\t\t\t<div class=\"elementor-widget-container\">\n\t\t\t\t\t\t\t\t\t\t\t\t\t\t\t<img fetchpriority=\"high\" decoding=\"async\" width=\"1024\" height=\"576\" src=\"https:\/\/procomexpachuca.com\/wp-content\/uploads\/2024\/12\/Muebles-color-chocolate-Galeria-1-1024x576.webp\" class=\"attachment-large size-large wp-image-990\" alt=\"\" srcset=\"https:\/\/procomexpachuca.com\/wp-content\/uploads\/2024\/12\/Muebles-color-chocolate-Galeria-1-1024x576.webp 1024w, https:\/\/procomexpachuca.com\/wp-content\/uploads\/2024\/12\/Muebles-color-chocolate-Galeria-1-300x169.webp 300w, https:\/\/procomexpachuca.com\/wp-content\/uploads\/2024\/12\/Muebles-color-chocolate-Galeria-1-768x432.webp 768w, https:\/\/procomexpachuca.com\/wp-content\/uploads\/2024\/12\/Muebles-color-chocolate-Galeria-1-133x75.webp 133w, https:\/\/procomexpachuca.com\/wp-content\/uploads\/2024\/12\/Muebles-color-chocolate-Galeria-1-480x270.webp 480w, https:\/\/procomexpachuca.com\/wp-content\/uploads\/2024\/12\/Muebles-color-chocolate-Galeria-1.webp 1200w\" sizes=\"(max-width:767px) 480px, (max-width:1024px) 100vw, 1024px\" \/>\t\t\t\t\t\t\t\t\t\t\t\t\t\t\t<\/div>\n\t\t\t\t<\/div>\n\t\t\t\t\t<\/div>\n\t\t\t\t<\/div>\n\t\t<div class=\"elementor-element elementor-element-61eca66 e-flex e-con-boxed e-con e-parent\" data-id=\"61eca66\" data-element_type=\"container\" data-e-type=\"container\">\n\t\t\t\t\t<div class=\"e-con-inner\">\n\t\t\t\t<div class=\"elementor-element elementor-element-d915b06 elementor-widget elementor-widget-text-editor\" data-id=\"d915b06\" data-element_type=\"widget\" data-e-type=\"widget\" data-widget_type=\"text-editor.default\">\n\t\t\t\t<div class=\"elementor-widget-container\">\n\t\t\t\t\t\t\t\t\t<p>A la hora de decorar nuestro hogar es importante poder combinar los colores de nuestro espacio con los elementos que lo conforman para que el ambiente luzca armonioso. Combinar las tonalidades de nuestros muebles, con los accesorios y los muros de nuestro hogar suponen un paso principal en el proceso de decoraci\u00f3n o remodelaci\u00f3n.<\/p><p>Si tienes muebles chocolate o negro\u2026<\/p><p>Utiliza tonalidades claras, preferentemente neutras, en las paredes para crear contraste con los muebles.\u00a0De esta manera, todos los elementos de la habitaci\u00f3n lograr\u00e1n destacar por la diferencia de colores.<\/p><p>Los colores fr\u00edos como el azul, turquesa, verde, pistache, morado, lilas azulados, menta o grises son ideales para estos muebles.<\/p><p><a href=\"https:\/\/repositoriocentral.blob.core.windows.net\/cartas\/CARTAS-COLOR-Vinimex1.png\" target=\"_blank\" rel=\"noreferrer noopener\">Gama de colores fr\u00edos de Comex<\/a><\/p><p>Procura aplicar las tonalidades m\u00e1s claras de la gama\u00a0para lograr ese contraste. Adem\u00e1s, estos colores ayudar\u00e1n a que la luz del cuarto rebote haciendo que el cuarto se vea m\u00e1s iluminado y m\u00e1s grande.<\/p><p>Comb\u00ednalos con accesorios plateados\u00a0(l\u00e1mparas, perillas, manijas, esculturas, etc.)\u00a0para que resalten y el espacio no se vea saturado.<\/p><p>Procura que los dem\u00e1s elementos del cuarto\u00a0como almohadas, ropa de cama, y cortinas\u00a0sean de tonalidades Off White\u00a0como blanco roto, hueso o marfil para que enmarquen los otros colores del espacio.<\/p><p>Tip:\u00a0Agrega un espejo detr\u00e1s del mueble principal para agrandar el espacio; puede ir detr\u00e1s del sill\u00f3n, encima de la cabecera o a un costado de la mesa del comedor.<\/p><p>Si los colores fr\u00edos no son tus favoritos,\u00a0puedes utilizar c\u00e1lidos, pero solo en su tonalidad pastel.\u00a0Recomendamos utilizar amarillos, rosas o beiges para crear ambientes acogedores.<\/p><p>Evita:<\/p><p>Utilizar tonalidades oscuras en los accesorios, tapetes o dem\u00e1s textiles que vistan tu espacio.\u00a0El tono oscuro ya est\u00e1 en los muebles, ahora dale luz y acentos en lo dem\u00e1s para resaltarlos.<\/p><p>La luz blanca, azulosa o fr\u00eda. Prefiere luz c\u00e1lida si es un espacio de casa.\u00a0Lograr\u00e1s mayor calidez y sensaci\u00f3n de confort. La luz blanca sirve para oficinas o para trabajar, no para vivir y descansar.<\/p><p>Las cortinas con estampados muy saturados de dise\u00f1o, recargados de colores o de figuras.\u00a0Mejor crea espacios que ayuden a descansar la vista de la pesadez de los muebles y ayuden a liberar la mente.<\/p>\t\t\t\t\t\t\t\t<\/div>\n\t\t\t\t<\/div>\n\t\t\t\t\t<\/div>\n\t\t\t\t<\/div>\n\t\t<div class=\"elementor-element elementor-element-0f9adb6 e-flex e-con-boxed e-con e-parent\" data-id=\"0f9adb6\" data-element_type=\"container\" data-e-type=\"container\" data-settings=\"{&quot;background_background&quot;:&quot;classic&quot;}\">\n\t\t\t\t\t<div class=\"e-con-inner\">\n\t\t\t\t\t<\/div>\n\t\t\t\t<\/div>\n\t\t\t\t<\/div>\n\t\t","protected":false},"excerpt":{"rendered":"<p>\u00bfDe qu\u00e9 color pintar mis paredes si mis muebles son color chocolate? A la hora de decorar nuestro hogar es importante poder combinar los colores de<span class=\"excerpt-hellip\"> [\u2026]<\/span><\/p>\n","protected":false},"author":1,"featured_media":0,"parent":0,"menu_order":0,"comment_status":"closed","ping_status":"closed","template":"","meta":{"_monsterinsights_skip_tracking":false,"_monsterinsights_sitenote_active":false,"_monsterinsights_sitenote_note":"","_monsterinsights_sitenote_category":0,"footnotes":""},"class_list":["post-1167","page","type-page","status-publish","hentry"],"_links":{"self":[{"href":"https:\/\/procomexpachuca.com\/index.php?rest_route=\/wp\/v2\/pages\/1167","targetHints":{"allow":["GET"]}}],"collection":[{"href":"https:\/\/procomexpachuca.com\/index.php?rest_route=\/wp\/v2\/pages"}],"about":[{"href":"https:\/\/procomexpachuca.com\/index.php?rest_route=\/wp\/v2\/types\/page"}],"author":[{"embeddable":true,"href":"https:\/\/procomexpachuca.com\/index.php?rest_route=\/wp\/v2\/users\/1"}],"replies":[{"embeddable":true,"href":"https:\/\/procomexpachuca.com\/index.php?rest_route=%2Fwp%2Fv2%2Fcomments&post=1167"}],"version-history":[{"count":10,"href":"https:\/\/procomexpachuca.com\/index.php?rest_route=\/wp\/v2\/pages\/1167\/revisions"}],"predecessor-version":[{"id":1946,"href":"https:\/\/procomexpachuca.com\/index.php?rest_route=\/wp\/v2\/pages\/1167\/revisions\/1946"}],"wp:attachment":[{"href":"https:\/\/procomexpachuca.com\/index.php?rest_route=%2Fwp%2Fv2%2Fmedia&parent=1167"}],"curies":[{"name":"wp","href":"https:\/\/api.w.org\/{rel}","templated":true}]}}