{"id":1162,"date":"2024-12-30T04:29:14","date_gmt":"2024-12-30T04:29:14","guid":{"rendered":"https:\/\/procomexpachuca.com\/?page_id=1162"},"modified":"2025-04-30T23:36:43","modified_gmt":"2025-04-30T23:36:43","slug":"blog-pintar-silla","status":"publish","type":"page","link":"https:\/\/procomexpachuca.com\/?page_id=1162","title":{"rendered":"BLOG PINTAR SILLA"},"content":{"rendered":"\t\t<div data-elementor-type=\"wp-page\" data-elementor-id=\"1162\" class=\"elementor elementor-1162\" data-elementor-post-type=\"page\">\n\t\t\t\t<div class=\"elementor-element elementor-element-0f65e8b e-flex e-con-boxed e-con e-parent\" data-id=\"0f65e8b\" data-element_type=\"container\" data-e-type=\"container\" data-settings=\"{&quot;background_background&quot;:&quot;classic&quot;}\">\n\t\t\t\t\t<div class=\"e-con-inner\">\n\t\t\t\t<div class=\"elementor-element elementor-element-e5985e4 elementor-widget elementor-widget-text-editor\" data-id=\"e5985e4\" data-element_type=\"widget\" data-e-type=\"widget\" data-widget_type=\"text-editor.default\">\n\t\t\t\t<div class=\"elementor-widget-container\">\n\t\t\t\t\t\t\t\t\t<p>Como pintar una sillita de madera para este d\u00eda del ni\u00f1o.<\/p>\t\t\t\t\t\t\t\t<\/div>\n\t\t\t\t<\/div>\n\t\t\t\t\t<\/div>\n\t\t\t\t<\/div>\n\t\t<div class=\"elementor-element elementor-element-7f92665 e-con-full e-flex e-con e-parent\" data-id=\"7f92665\" data-element_type=\"container\" data-e-type=\"container\">\n\t\t\t\t<div class=\"elementor-element elementor-element-90a9f2b elementor-widget elementor-widget-image\" data-id=\"90a9f2b\" data-element_type=\"widget\" data-e-type=\"widget\" data-widget_type=\"image.default\">\n\t\t\t\t<div class=\"elementor-widget-container\">\n\t\t\t\t\t\t\t\t\t\t\t\t\t\t\t<img fetchpriority=\"high\" decoding=\"async\" width=\"612\" height=\"408\" src=\"https:\/\/procomexpachuca.com\/wp-content\/uploads\/2024\/12\/istockphoto-498339805-612x612-1.webp\" class=\"attachment-full size-full wp-image-980\" alt=\"\" srcset=\"https:\/\/procomexpachuca.com\/wp-content\/uploads\/2024\/12\/istockphoto-498339805-612x612-1.webp 612w, https:\/\/procomexpachuca.com\/wp-content\/uploads\/2024\/12\/istockphoto-498339805-612x612-1-300x200.webp 300w, https:\/\/procomexpachuca.com\/wp-content\/uploads\/2024\/12\/istockphoto-498339805-612x612-1-113x75.webp 113w, https:\/\/procomexpachuca.com\/wp-content\/uploads\/2024\/12\/istockphoto-498339805-612x612-1-480x320.webp 480w\" sizes=\"(max-width:767px) 480px, 612px\" \/>\t\t\t\t\t\t\t\t\t\t\t\t\t\t\t<\/div>\n\t\t\t\t<\/div>\n\t\t\t\t<\/div>\n\t\t<div class=\"elementor-element elementor-element-3ea5962 e-flex e-con-boxed e-con e-parent\" data-id=\"3ea5962\" data-element_type=\"container\" data-e-type=\"container\">\n\t\t\t\t\t<div class=\"e-con-inner\">\n\t\t\t\t<div class=\"elementor-element elementor-element-6b6cd86 elementor-widget elementor-widget-text-editor\" data-id=\"6b6cd86\" data-element_type=\"widget\" data-e-type=\"widget\" data-widget_type=\"text-editor.default\">\n\t\t\t\t<div class=\"elementor-widget-container\">\n\t\t\t\t\t\t\t\t\t<p>Una de las cosas que m\u00e1s recuerdos dejan son las actividades en familia. Por esto, para este d\u00eda del ni\u00f1o te sugerimos una actividad en la que tus hijos se van a divertir y aprender\u00e1n a personalizar sus espacios. Una sillita de madera es ideal para que los ni\u00f1os decoren a su gusto. Encuentra una sillita de madera para que impregnes tu personalidad, dale al peque\u00f1o de la casa un nuevo espacio a su medida invirtiendo poco dinero. Llegaste al blog correcto.<\/p><p>H\u00e1ganlo juntos, divi\u00e9rtanse y construyan recuerdos que se van a quedar para siempre.<\/p>\t\t\t\t\t\t\t\t<\/div>\n\t\t\t\t<\/div>\n\t\t\t\t\t<\/div>\n\t\t\t\t<\/div>\n\t\t<div class=\"elementor-element elementor-element-1e8aa36 e-flex e-con-boxed e-con e-parent\" data-id=\"1e8aa36\" data-element_type=\"container\" data-e-type=\"container\">\n\t\t\t\t\t<div class=\"e-con-inner\">\n\t\t<div class=\"elementor-element elementor-element-f34f033 e-con-full e-flex e-con e-child\" data-id=\"f34f033\" data-element_type=\"container\" data-e-type=\"container\">\n\t\t\t\t<div class=\"elementor-element elementor-element-0c10c99 elementor-widget elementor-widget-image\" data-id=\"0c10c99\" data-element_type=\"widget\" data-e-type=\"widget\" data-widget_type=\"image.default\">\n\t\t\t\t<div class=\"elementor-widget-container\">\n\t\t\t\t\t\t\t\t\t\t\t\t\t\t\t<img decoding=\"async\" width=\"612\" height=\"408\" src=\"https:\/\/procomexpachuca.com\/wp-content\/uploads\/2024\/12\/istockphoto-1270066562-612x612-1.webp\" class=\"attachment-large size-large wp-image-982\" alt=\"\" srcset=\"https:\/\/procomexpachuca.com\/wp-content\/uploads\/2024\/12\/istockphoto-1270066562-612x612-1.webp 612w, https:\/\/procomexpachuca.com\/wp-content\/uploads\/2024\/12\/istockphoto-1270066562-612x612-1-300x200.webp 300w, https:\/\/procomexpachuca.com\/wp-content\/uploads\/2024\/12\/istockphoto-1270066562-612x612-1-113x75.webp 113w, https:\/\/procomexpachuca.com\/wp-content\/uploads\/2024\/12\/istockphoto-1270066562-612x612-1-480x320.webp 480w\" sizes=\"(max-width:767px) 480px, 612px\" \/>\t\t\t\t\t\t\t\t\t\t\t\t\t\t\t<\/div>\n\t\t\t\t<\/div>\n\t\t\t\t<\/div>\n\t\t<div class=\"elementor-element elementor-element-fcfb642 e-con-full e-flex e-con e-child\" data-id=\"fcfb642\" data-element_type=\"container\" data-e-type=\"container\">\n\t\t\t\t<\/div>\n\t\t\t\t\t<\/div>\n\t\t\t\t<\/div>\n\t\t<div class=\"elementor-element elementor-element-0e94e88 e-flex e-con-boxed e-con e-parent\" data-id=\"0e94e88\" data-element_type=\"container\" data-e-type=\"container\" data-settings=\"{&quot;background_background&quot;:&quot;classic&quot;}\">\n\t\t\t\t\t<div class=\"e-con-inner\">\n\t\t\t\t<div class=\"elementor-element elementor-element-698de89 elementor-widget elementor-widget-text-editor\" data-id=\"698de89\" data-element_type=\"widget\" data-e-type=\"widget\" data-widget_type=\"text-editor.default\">\n\t\t\t\t<div class=\"elementor-widget-container\">\n\t\t\t\t\t\t\t\t\t<p>\u00bfQu\u00e9 vas a necesitar?<\/p>\t\t\t\t\t\t\t\t<\/div>\n\t\t\t\t<\/div>\n\t\t\t\t\t<\/div>\n\t\t\t\t<\/div>\n\t\t<div class=\"elementor-element elementor-element-f0b4494 e-flex e-con-boxed e-con e-parent\" data-id=\"f0b4494\" data-element_type=\"container\" data-e-type=\"container\">\n\t\t\t\t\t<div class=\"e-con-inner\">\n\t\t<div class=\"elementor-element elementor-element-98655c1 e-con-full e-flex e-con e-child\" data-id=\"98655c1\" data-element_type=\"container\" data-e-type=\"container\">\n\t\t\t\t<div class=\"elementor-element elementor-element-53a93ac elementor-widget elementor-widget-text-editor\" data-id=\"53a93ac\" data-element_type=\"widget\" data-e-type=\"widget\" data-widget_type=\"text-editor.default\">\n\t\t\t\t<div class=\"elementor-widget-container\">\n\t\t\t\t\t\t\t\t\t<p><strong>1.-Barniz Polyform color B\/A (Base agua)<\/strong><\/p><p><strong>2.- Lija para Madera<\/strong><\/p><p><strong>3.- Brocha de pelo de camello de 4\u201d<\/strong><\/p><p><strong>4.- Charola pl\u00e1stica<\/strong><\/p><p><strong>5.- Trapo limpio<\/strong><\/p><p><strong>6.- Plastiprotector uso rudo<\/strong><\/p><p><strong>8.- Silla de madera<\/strong><\/p>\t\t\t\t\t\t\t\t<\/div>\n\t\t\t\t<\/div>\n\t\t\t\t<\/div>\n\t\t<div class=\"elementor-element elementor-element-6827380 e-con-full e-flex e-con e-child\" data-id=\"6827380\" data-element_type=\"container\" data-e-type=\"container\">\n\t\t\t\t<div class=\"elementor-element elementor-element-85e27c9 elementor-widget elementor-widget-image\" data-id=\"85e27c9\" data-element_type=\"widget\" data-e-type=\"widget\" data-widget_type=\"image.default\">\n\t\t\t\t<div class=\"elementor-widget-container\">\n\t\t\t\t\t\t\t\t\t\t\t\t\t\t\t<img decoding=\"async\" width=\"408\" height=\"612\" src=\"https:\/\/procomexpachuca.com\/wp-content\/uploads\/2024\/12\/istockphoto-1270383706-612x612-1.webp\" class=\"attachment-full size-full wp-image-983\" alt=\"\" srcset=\"https:\/\/procomexpachuca.com\/wp-content\/uploads\/2024\/12\/istockphoto-1270383706-612x612-1.webp 408w, https:\/\/procomexpachuca.com\/wp-content\/uploads\/2024\/12\/istockphoto-1270383706-612x612-1-200x300.webp 200w, https:\/\/procomexpachuca.com\/wp-content\/uploads\/2024\/12\/istockphoto-1270383706-612x612-1-50x75.webp 50w\" sizes=\"(max-width:767px) 408px, 408px\" \/>\t\t\t\t\t\t\t\t\t\t\t\t\t\t\t<\/div>\n\t\t\t\t<\/div>\n\t\t\t\t<\/div>\n\t\t\t\t\t<\/div>\n\t\t\t\t<\/div>\n\t\t<div class=\"elementor-element elementor-element-d64f1a3 e-flex e-con-boxed e-con e-parent\" data-id=\"d64f1a3\" data-element_type=\"container\" data-e-type=\"container\" data-settings=\"{&quot;background_background&quot;:&quot;classic&quot;}\">\n\t\t\t\t\t<div class=\"e-con-inner\">\n\t\t\t\t<div class=\"elementor-element elementor-element-ffe98d2 elementor-widget elementor-widget-text-editor\" data-id=\"ffe98d2\" data-element_type=\"widget\" data-e-type=\"widget\" data-widget_type=\"text-editor.default\">\n\t\t\t\t<div class=\"elementor-widget-container\">\n\t\t\t\t\t\t\t\t\t<p>Antes de empezar protege el piso y las superficies que puedan da\u00f1arse, es preferible que hagas esta actividad en un espacio abierto y cubierto con mascarilla por los qu\u00edmicos que vas a utilizar. Una vez que est\u00e1s listo, manos a la obra:<\/p>\t\t\t\t\t\t\t\t<\/div>\n\t\t\t\t<\/div>\n\t\t\t\t\t<\/div>\n\t\t\t\t<\/div>\n\t\t<div class=\"elementor-element elementor-element-3fbbd1f e-flex e-con-boxed e-con e-parent\" data-id=\"3fbbd1f\" data-element_type=\"container\" data-e-type=\"container\">\n\t\t\t\t\t<div class=\"e-con-inner\">\n\t\t\t\t<div class=\"elementor-element elementor-element-c0c681d elementor-widget elementor-widget-text-editor\" data-id=\"c0c681d\" data-element_type=\"widget\" data-e-type=\"widget\" data-widget_type=\"text-editor.default\">\n\t\t\t\t<div class=\"elementor-widget-container\">\n\t\t\t\t\t\t\t\t\t<p>1.- Limpia la silla de polvo e impurezas que esta pueda tener. Para esto es necesario que uses el trapo limpio impregnado de alcohol.<\/p><p>2.- Prepara la silla lij\u00e1ndola con la\u00a0<strong>lija para madera.<\/strong>\u00a0Este paso es recomendable que lo haga un adulto parfa evitar que el ni\u00f1o se lastime, ya que la lija puede cortar sus manos.<\/p><p>3.- Vac\u00eda en\u00a0 la charola el \u00a0<strong>Barniz Polyform<\/strong>\u00a0color B\/A que hayan elegido.<\/p><p>Recuerda que en<strong>\u00a0COMEX<\/strong>\u00a0contamos con m\u00e1s de 2,000 colores en esta l\u00ednea de producto.<\/p><p>4.- Ahora s\u00ed, empieza lo divertido. \u00a0<\/p><p>Inicien la aplicaci\u00f3n del barniz con la \u00a0<strong>Brocha de pelo de camello<\/strong>, \u00a0te recomiendo esta herramienta porque es una brocha suave, no suelta cerdas y solo toma el producto necesario, lo que te evitara desperdicio de material.<\/p><p>5.- Es muy importante que apliques dos capas, dejando secar durante 6 a 8 horas entre cada capa. \u00a0<\/p><p>Y listo tienes una silla personalizada con el color de tu preferencia te recuerdo que, en\u00a0<strong>COMEX<\/strong>, juntos embellecemos tus espacios.<\/p><p>\u00bfTe atreves a intentarlo?<\/p>\t\t\t\t\t\t\t\t<\/div>\n\t\t\t\t<\/div>\n\t\t\t\t\t<\/div>\n\t\t\t\t<\/div>\n\t\t<div class=\"elementor-element elementor-element-82eb13c e-flex e-con-boxed e-con e-parent\" data-id=\"82eb13c\" data-element_type=\"container\" data-e-type=\"container\">\n\t\t\t\t\t<div class=\"e-con-inner\">\n\t\t<div class=\"elementor-element elementor-element-c46296a e-con-full e-flex e-con e-child\" data-id=\"c46296a\" data-element_type=\"container\" data-e-type=\"container\">\n\t\t\t\t<div class=\"elementor-element elementor-element-ba5ee34 elementor-widget elementor-widget-image\" data-id=\"ba5ee34\" data-element_type=\"widget\" data-e-type=\"widget\" data-widget_type=\"image.default\">\n\t\t\t\t<div class=\"elementor-widget-container\">\n\t\t\t\t\t\t\t\t\t\t\t\t\t\t\t<img loading=\"lazy\" decoding=\"async\" width=\"408\" height=\"612\" src=\"https:\/\/procomexpachuca.com\/wp-content\/uploads\/2024\/12\/istockphoto-939498184-612x612-1.webp\" class=\"attachment-large size-large wp-image-981\" alt=\"\" srcset=\"https:\/\/procomexpachuca.com\/wp-content\/uploads\/2024\/12\/istockphoto-939498184-612x612-1.webp 408w, https:\/\/procomexpachuca.com\/wp-content\/uploads\/2024\/12\/istockphoto-939498184-612x612-1-200x300.webp 200w, https:\/\/procomexpachuca.com\/wp-content\/uploads\/2024\/12\/istockphoto-939498184-612x612-1-50x75.webp 50w\" sizes=\"(max-width:767px) 408px, 408px\" \/>\t\t\t\t\t\t\t\t\t\t\t\t\t\t\t<\/div>\n\t\t\t\t<\/div>\n\t\t\t\t<\/div>\n\t\t\t\t\t<\/div>\n\t\t\t\t<\/div>\n\t\t<div class=\"elementor-element elementor-element-22cf6c3 e-con-full e-flex e-con e-parent\" data-id=\"22cf6c3\" data-element_type=\"container\" data-e-type=\"container\" data-settings=\"{&quot;background_background&quot;:&quot;classic&quot;}\">\n\t\t\t\t<\/div>\n\t\t\t\t<\/div>\n\t\t","protected":false},"excerpt":{"rendered":"<p>Como pintar una sillita de madera para este d\u00eda del ni\u00f1o. Una de las cosas que m\u00e1s recuerdos dejan son las actividades en familia. Por esto,<span class=\"excerpt-hellip\"> [\u2026]<\/span><\/p>\n","protected":false},"author":1,"featured_media":0,"parent":0,"menu_order":0,"comment_status":"closed","ping_status":"closed","template":"","meta":{"_monsterinsights_skip_tracking":false,"_monsterinsights_sitenote_active":false,"_monsterinsights_sitenote_note":"","_monsterinsights_sitenote_category":0,"footnotes":""},"class_list":["post-1162","page","type-page","status-publish","hentry"],"_links":{"self":[{"href":"https:\/\/procomexpachuca.com\/index.php?rest_route=\/wp\/v2\/pages\/1162","targetHints":{"allow":["GET"]}}],"collection":[{"href":"https:\/\/procomexpachuca.com\/index.php?rest_route=\/wp\/v2\/pages"}],"about":[{"href":"https:\/\/procomexpachuca.com\/index.php?rest_route=\/wp\/v2\/types\/page"}],"author":[{"embeddable":true,"href":"https:\/\/procomexpachuca.com\/index.php?rest_route=\/wp\/v2\/users\/1"}],"replies":[{"embeddable":true,"href":"https:\/\/procomexpachuca.com\/index.php?rest_route=%2Fwp%2Fv2%2Fcomments&post=1162"}],"version-history":[{"count":13,"href":"https:\/\/procomexpachuca.com\/index.php?rest_route=\/wp\/v2\/pages\/1162\/revisions"}],"predecessor-version":[{"id":1977,"href":"https:\/\/procomexpachuca.com\/index.php?rest_route=\/wp\/v2\/pages\/1162\/revisions\/1977"}],"wp:attachment":[{"href":"https:\/\/procomexpachuca.com\/index.php?rest_route=%2Fwp%2Fv2%2Fmedia&parent=1162"}],"curies":[{"name":"wp","href":"https:\/\/api.w.org\/{rel}","templated":true}]}}